{"id":4622,"date":"2022-06-29T07:25:27","date_gmt":"2022-06-29T07:25:27","guid":{"rendered":"https:\/\/ladyvirginiaibiza.com\/politica-de-cookies\/"},"modified":"2023-04-04T11:50:35","modified_gmt":"2023-04-04T11:50:35","slug":"politica-de-cookies","status":"publish","type":"page","link":"https:\/\/ladyvirginiaibiza.com\/pt-pt\/politica-de-cookies\/","title":{"rendered":"Pol\u00edtica de cookies"},"content":{"rendered":"\t\t<div data-elementor-type=\"wp-page\" data-elementor-id=\"4622\" class=\"elementor elementor-4622 elementor-4368\" data-elementor-post-type=\"page\">\n\t\t\t\t\t\t<section class=\"elementor-section elementor-top-section elementor-element elementor-element-142316a elementor-section-content-middle elementor-section-boxed elementor-section-height-default elementor-section-height-default\" data-id=\"142316a\" data-element_type=\"section\" data-e-type=\"section\" data-settings=\"{&quot;background_background&quot;:&quot;classic&quot;}\">\n\t\t\t\t\t\t\t<div class=\"elementor-background-overlay\"><\/div>\n\t\t\t\t\t\t\t<div class=\"elementor-container elementor-column-gap-no\">\n\t\t\t\t\t<div class=\"elementor-column elementor-col-100 elementor-top-column elementor-element elementor-element-e1eeebd\" data-id=\"e1eeebd\" data-element_type=\"column\" data-e-type=\"column\">\n\t\t\t<div class=\"elementor-widget-wrap elementor-element-populated\">\n\t\t\t\t\t\t<div class=\"elementor-element elementor-element-cb6cd07 elementor-widget elementor-widget-heading\" data-id=\"cb6cd07\" data-element_type=\"widget\" data-e-type=\"widget\" data-widget_type=\"heading.default\">\n\t\t\t\t<div class=\"elementor-widget-container\">\n\t\t\t\t\t<h1 class=\"elementor-heading-title elementor-size-default\">POL\u00cdTICA DE COOKIES<\/h1>\t\t\t\t<\/div>\n\t\t\t\t<\/div>\n\t\t\t\t\t<\/div>\n\t\t<\/div>\n\t\t\t\t\t<\/div>\n\t\t<\/section>\n\t\t\t\t<section class=\"elementor-section elementor-top-section elementor-element elementor-element-4435674 elementor-section-content-middle elementor-section-boxed elementor-section-height-default elementor-section-height-default\" data-id=\"4435674\" data-element_type=\"section\" data-e-type=\"section\">\n\t\t\t\t\t\t<div class=\"elementor-container elementor-column-gap-no\">\n\t\t\t\t\t<div class=\"elementor-column elementor-col-100 elementor-top-column elementor-element elementor-element-6e1b960\" data-id=\"6e1b960\" data-element_type=\"column\" data-e-type=\"column\">\n\t\t\t<div class=\"elementor-widget-wrap elementor-element-populated\">\n\t\t\t\t\t\t<div class=\"elementor-element elementor-element-4a9446c elementor-widget elementor-widget-text-editor\" data-id=\"4a9446c\" data-element_type=\"widget\" data-e-type=\"widget\" data-widget_type=\"text-editor.default\">\n\t\t\t\t<div class=\"elementor-widget-container\">\n\t\t\t\t\t\t\t\t\t<ol><li><p><strong>INFORMA\u00c7\u00c3O SOBRE COOKIES<\/strong><\/p><p>Em conformidade com a Lei 34\/2002, de 11 de Julho, sobre servi\u00e7os da sociedade de informa\u00e7\u00e3o e com\u00e9rcio electr\u00f3nico (LSSI), em rela\u00e7\u00e3o ao Regulamento (UE) 2016\/679 do Parlamento Europeu e do Conselho, de 27 de Abril de 2016, Regulamento Geral de Protec\u00e7\u00e3o de Dados (GDPR) e Lei Org\u00e2nica 3\/2018, de 5 de Dezembro, sobre Protec\u00e7\u00e3o de Dados e Garantia de Direitos Digitais (LOPDGDD), \u00e9 obrigat\u00f3rio obter o consentimento expresso do utilizador de todos os s\u00edtios web que utilizam cookies dispens\u00e1veis, antes de o utilizador os navegar.<\/p><p><strong>O QUE S\u00c3O COOKIES?<\/strong><\/p><p>Os cookies e outras tecnologias semelhantes, tais como objectos locais partilhados, flash cookies ou pixels, s\u00e3o ferramentas utilizadas por servidores web para armazenar e recuperar informa\u00e7\u00f5es sobre os seus visitantes, bem como para oferecer um funcionamento correcto do site.<\/p><p>A utiliza\u00e7\u00e3o destes dispositivos permite ao servidor Web recordar certos dados relativos ao utilizador, tais como as suas prefer\u00eancias de visualiza\u00e7\u00e3o das p\u00e1ginas desse servidor, nome e palavra-chave, produtos que mais lhes interessam, etc.<\/p><p><strong>COOKIES AFECTADOS PELO REGULAMENTO E COOKIES ISENTOS<\/strong><\/p><p>De acordo com a directiva da UE, os cookies que requerem o consentimento informado do utilizador s\u00e3o cookies anal\u00edticos e cookies publicit\u00e1rios e de afilia\u00e7\u00e3o, com excep\u00e7\u00e3o dos cookies t\u00e9cnicos e dos necess\u00e1rios para o funcionamento do website ou para a presta\u00e7\u00e3o de servi\u00e7os expressamente solicitados pelo utilizador.<\/p><p><strong>TIPOS DE COOKIES<\/strong><\/p><p><strong>DE ACORDO COM O SEU OBJECTIVO<\/strong><\/p><ul><li><p><strong>Cookies t\u00e9cnicos e funcionais:<\/strong> s\u00e3o aqueles que permitem ao utilizador navegar atrav\u00e9s de um website, plataforma ou aplica\u00e7\u00e3o e utilizar as diferentes op\u00e7\u00f5es ou servi\u00e7os que nela existem.<\/p><\/li><li><p><strong>Cookies anal\u00edticos:<\/strong> s\u00e3o aqueles que permitem \u00e0 parte respons\u00e1vel por eles monitorizar e analisar o comportamento dos utilizadores dos s\u00edtios Web a que est\u00e3o ligados. A informa\u00e7\u00e3o recolhida atrav\u00e9s deste tipo de cookies \u00e9 utilizada para medir a actividade dos s\u00edtios, aplica\u00e7\u00e3o ou plataforma e para a elabora\u00e7\u00e3o de perfis de navega\u00e7\u00e3o dos utilizadores destes s\u00edtios, aplica\u00e7\u00f5es e plataformas, a fim de introduzir melhorias baseadas na an\u00e1lise dos dados de utiliza\u00e7\u00e3o dos utilizadores do servi\u00e7o.<\/p><\/li><li><p><strong>Cookies publicit\u00e1rios:<\/strong> s\u00e3o aqueles que permitem a gest\u00e3o, da forma mais eficaz poss\u00edvel, dos espa\u00e7os publicit\u00e1rios que, quando apropriado, o editor tenha inclu\u00eddo num website, aplica\u00e7\u00e3o ou plataforma a partir da qual o servi\u00e7o solicitado \u00e9 fornecido com base em crit\u00e9rios como o conte\u00fado editado ou a frequ\u00eancia com que os an\u00fancios s\u00e3o mostrados.<\/p><\/li><li><p><strong>Cookies de publicidade comportamental:<\/strong> estes recolhem informa\u00e7\u00f5es sobre as prefer\u00eancias do utilizador e escolhas pessoais (redireccionamento) para permitir a gest\u00e3o, da forma mais eficaz poss\u00edvel, dos espa\u00e7os publicit\u00e1rios que, quando apropriado, a editora incluiu num website, aplica\u00e7\u00e3o ou plataforma a partir da qual fornece o servi\u00e7o solicitado.<\/p><\/li><li><p><strong>Cookies sociais:<\/strong> s\u00e3o definidos por plataformas de redes sociais em servi\u00e7os para lhe permitir partilhar conte\u00fados com os seus amigos e redes. As plataformas de redes sociais t\u00eam a capacidade de acompanhar a sua actividade online fora dos Servi\u00e7os. Isto pode afectar o conte\u00fado e as mensagens que v\u00ea em outros servi\u00e7os que visita.<\/p><\/li><li><p><strong>Cookies de afilia\u00e7\u00e3o:<\/strong> permitem o rastreio das visitas de outros s\u00edtios Web, com os quais o s\u00edtio Web celebra um acordo de afilia\u00e7\u00e3o (empresas afiliadas).<\/p><\/li><li><p><strong>Cookies de seguran\u00e7a:<\/strong> estes armazenam informa\u00e7\u00e3o codificada para evitar que os dados neles armazenados sejam vulner\u00e1veis a ataques maliciosos de terceiros.<\/p><\/li><\/ul><\/li><\/ol><p><strong>DE ACORDO COM A PROPRIEDADE<\/strong><\/p><ul><li><strong>Cookies de primeira m\u00e3o:<\/strong> s\u00e3o aqueles que s\u00e3o enviados para o equipamento terminal do utilizador a partir de um computador ou dom\u00ednio gerido pela pr\u00f3pria editora e a partir do qual \u00e9 prestado o servi\u00e7o solicitado pelo utilizador.<\/li><li><strong>Cookies de terceiros:<\/strong> aqueles que s\u00e3o enviados para o equipamento terminal do utilizador a partir de um computador ou dom\u00ednio que n\u00e3o \u00e9 gerido pelo editor, mas por outra entidade que processa os dados obtidos atrav\u00e9s dos cookies.<\/li><\/ul><p><strong>DE ACORDO COM O PER\u00cdODO DE CONSERVA\u00c7\u00c3O<\/strong><\/p><ul><li><strong>Cookies de sess\u00e3o:<\/strong> s\u00e3o um tipo de cookie concebido para recolher e armazenar dados enquanto o utilizador acede a um website.<\/li><li><strong>Cookies persistentes:<\/strong> s\u00e3o um tipo de cookie em que os dados permanecem armazenados no terminal e podem ser acedidos e processados durante um per\u00edodo definido pelo respons\u00e1vel pelo cookie, que pode variar de alguns minutos a v\u00e1rios anos.<\/li><\/ul><p><strong>TRATAMENTO DE DADOS PESSOAIS<\/strong><\/p><p>ALTAIR NAUTICA SL \u00e9 o respons\u00e1vel pelo tratamento dos dados pessoais do titular dos dados e informa-o que estes dados ser\u00e3o tratados de acordo com as disposi\u00e7\u00f5es do Regulamento (UE) 2016\/679 de 27 de Abril de 2016 (GDPR), pelo que lhe s\u00e3o fornecidas as seguintes informa\u00e7\u00f5es de tratamento:<\/p><p><strong>Fins do processamento:<\/strong> como especificado na sec\u00e7\u00e3o sobre cookies utilizados neste s\u00edtio web.<\/p><p><strong>Legitima\u00e7\u00e3o do processamento:<\/strong> excepto nos casos em que \u00e9 necess\u00e1rio para navegar no s\u00edtio web, por consentimento do interessado (art. 6.1 GDPR).<\/p><p><strong>Crit\u00e9rios de reten\u00e7\u00e3o de dados:<\/strong> como especificado na sec\u00e7\u00e3o sobre cookies utilizados no s\u00edtio web.<\/p><p><strong>Comunica\u00e7\u00e3o de dados:<\/strong> os dados n\u00e3o ser\u00e3o comunicados a terceiros, excepto no caso de cookies propriedade de terceiros ou por obriga\u00e7\u00e3o legal.<\/p><p><strong>Direitos da pessoa a quem os dados dizem respeito:<\/strong><\/p><p>&#8211; Direito de retirar o consentimento em qualquer momento.<br \/>&#8211; Direito de acesso, rectifica\u00e7\u00e3o, portabilidade e elimina\u00e7\u00e3o dos seus dados, e de limitar ou opor-se ao seu tratamento.<br \/>&#8211; O direito de apresentar uma queixa \u00e0 autoridade de controlo (www.aepd.es) se considerar que o processamento n\u00e3o est\u00e1 em conformidade com os regulamentos em vigor.<\/p><p><strong>Detalhes de contacto para o exerc\u00edcio dos seus direitos:<\/strong><\/p><p>ALTAIR NAUTICA SL. Calle Sant Jaime, N\u00ba39 4-1, &#8211; 07840 Santa Eulalia Del Rio (Illes Balears). E-mail: info@ibizajetskibeach.com<\/p><p><strong>COOKIES UTILIZADOS NESTE S\u00cdTIO WEB<\/strong><\/p>\t\t\t\t\t\t\t\t<\/div>\n\t\t\t\t<\/div>\n\t\t\t\t<div class=\"elementor-element elementor-element-63fcac5 elementor-widget elementor-widget-text-editor\" data-id=\"63fcac5\" data-element_type=\"widget\" data-e-type=\"widget\" data-widget_type=\"text-editor.default\">\n\t\t\t\t<div class=\"elementor-widget-container\">\n\t\t\t\t\t\t\t\t\t<p><strong>COOKIES CONTROLADOS PELA EDITORA<\/strong><\/p><p><strong>T\u00e9cnica e funcional<\/strong><\/p><table><tbody><tr><td><strong>Propriedade<\/strong><\/td><td><strong>Cookie<\/strong><\/td><td><strong>Finalidade<\/strong><\/td><td><strong>Termo<\/strong><\/td><\/tr><tr><td>google.com<\/td><td><strong>_GRECAPTCHA<\/strong><\/td><td>Cookie necess\u00e1rio para a utiliza\u00e7\u00e3o das op\u00e7\u00f5es e servi\u00e7os do website<\/td><td>em 6 meses<\/td><\/tr><tr><td>google.com<\/td><td><strong>AEC<\/strong><\/td><td>Cookie necess\u00e1rio para a utiliza\u00e7\u00e3o das op\u00e7\u00f5es e servi\u00e7os do website<\/td><td>em 6 meses<\/td><\/tr><tr><td>google.com<\/td><td><strong>CONSENT<\/strong><\/td><td>Google cookie consent tracker<\/td><td>em 2 anos<\/td><\/tr><tr><td>google.com<\/td><td><strong>SOCS<\/strong><\/td><td>Cookie necess\u00e1rio para a utiliza\u00e7\u00e3o das op\u00e7\u00f5es e servi\u00e7os do website<\/td><td>dentro de um ano<\/td><\/tr><tr><td>ladyvirginiaibiza.com<\/td><td><strong>_ga_E0HHBVEK1G<\/strong><\/td><td>Cookie necess\u00e1rio para a utiliza\u00e7\u00e3o das op\u00e7\u00f5es e servi\u00e7os do website<\/td><td>em 2 anos<\/td><\/tr><tr><td>ladyvirginiaibiza.com<\/td><td><strong>_gat_UA-230976938-1<\/strong><\/td><td>Cookie necess\u00e1rio para a utiliza\u00e7\u00e3o das op\u00e7\u00f5es e servi\u00e7os do website<\/td><td>Sess\u00e3o<\/td><\/tr><tr><td>ladyvirginiaibiza.com<\/td><td><strong>GetLocalTimeZone<\/strong><\/td><td>Cookie necess\u00e1rio para a utiliza\u00e7\u00e3o das op\u00e7\u00f5es e servi\u00e7os do website<\/td><td>Sess\u00e3o<\/td><\/tr><tr><td>ladyvirginiaibiza.com<\/td><td><strong>wp-wpml_current_language<\/strong><\/td><td>Cookie necess\u00e1rio para a utiliza\u00e7\u00e3o das op\u00e7\u00f5es e servi\u00e7os do website<\/td><td>Sess\u00e3o<\/td><\/tr><\/tbody><\/table><p><strong>Anal\u00edticos<\/strong><\/p><table><tbody><tr><td><strong>Propriedade<\/strong><\/td><td><strong>Cookie<\/strong><\/td><td><strong>Finalidade<\/strong><\/td><td><strong>Termo<\/strong><\/td><\/tr><tr><td>ladyvirginiaibiza.com<\/td><td><strong>_ga<\/strong><\/td><td>ID utilizado para identificar os utilizadores<\/td><td>em 2 anos<\/td><\/tr><tr><td>ladyvirginiaibiza.com<\/td><td><strong>_gid<\/strong><\/td><td>ID utilizado para identificar os utilizadores durante 24 horas ap\u00f3s a \u00faltima actividade.<\/td><td>em 20 horas<\/td><\/tr><\/tbody><\/table><p><strong>Publicidade<\/strong><\/p><table><tbody><tr><td><strong>Propriedade<\/strong><\/td><td><strong>Cookie<\/strong><\/td><td><strong>Finalidade<\/strong><\/td><td><strong>Termo<\/strong><\/td><\/tr><tr><td>google.com<\/td><td><strong>1P_JAR<\/strong><\/td><td>Estes cookies s\u00e3o colocados atrav\u00e9s de v\u00eddeos embutidos no youtube. Gravam dados estat\u00edsticos an\u00f3nimos sobre, por exemplo, quantas vezes o v\u00eddeo \u00e9 reproduzido e as defini\u00e7\u00f5es que s\u00e3o utilizadas para a reprodu\u00e7\u00e3o.<\/td><td>em 24 dias<\/td><\/tr><tr><td>google.com<\/td><td><strong>NID<\/strong><\/td><td>Estes cookies s\u00e3o utilizados para recolher estat\u00edsticas do website e acompanhar as taxas de convers\u00e3o e a segmenta\u00e7\u00e3o de an\u00fancios do Google.<\/td><td>em 6 meses<\/td><\/tr><tr><td>google.com<\/td><td><strong>OTZ<\/strong><\/td><td>An\u00e1lise agregada dos visitantes do s\u00edtio<\/td><td>em 24 dias<\/td><\/tr><\/tbody><\/table><p><strong>COOKIES DE TERCEIROS<\/strong><\/p><p>Os servi\u00e7os de terceiros est\u00e3o para al\u00e9m do controlo da editora. Os fornecedores podem modificar os seus termos de servi\u00e7o, finalidade e utiliza\u00e7\u00e3o de cookies, etc., em qualquer altura.<\/p><p><strong>Fornecedores externos deste website:<\/strong><\/p><table><tbody><tr><td><strong>Editora<\/strong><\/td><td><p><strong>Pol\u00edtica de privacidade<\/strong><\/p><p><a href=\"https:\/\/privacy.google.com\/take-control.html\" target=\"_blank\" rel=\"noopener\">Google Analytics<\/a><a href=\"https:\/\/privacy.google.com\/take-control.html\" target=\"_blank\" rel=\"noopener\">Google<\/a><\/p><\/td><\/tr><tr><td>Google Analytics<\/td><td><a href=\"https:\/\/privacy.google.com\/take-control.html\" target=\"_blank\" rel=\"noopener\">https:\/\/privacy.google.com\/take-control.html<\/a><\/td><\/tr><tr><td>Google<\/td><td><a href=\"https:\/\/privacy.google.com\/take-control.html\" target=\"_blank\" rel=\"noopener\">https:\/\/privacy.google.com\/take-control.html<\/a><\/td><\/tr><\/tbody><\/table><table><tbody><tr><td><strong>PAINEL DE CONFIGURA\u00c7\u00c3O DE COOKIES<\/strong><\/td><\/tr><\/tbody><\/table><p>A partir deste painel pode configurar os cookies que o website pode instalar no seu browser, excepto os cookies t\u00e9cnicos ou funcionais necess\u00e1rios para a navega\u00e7\u00e3o e a utiliza\u00e7\u00e3o das diferentes op\u00e7\u00f5es ou servi\u00e7os oferecidos.<\/p><p><strong>Erro! Refer\u00eancia de hiperliga\u00e7\u00e3o inv\u00e1lida.<\/strong><\/p><table><tbody><tr><td colspan=\"2\"><strong>COMO GERIR OS COOKIES A PARTIR DO SEU NAVEGADOR<\/strong><\/td><\/tr><tr><td><strong>Eliminar cookies do seu dispositivo<\/strong><\/td><td>Os cookies que j\u00e1 se encontram num dispositivo podem ser apagados limpando o hist\u00f3rico do navegador, o que elimina os cookies de todos os websites visitados.<br \/>No entanto, algumas das informa\u00e7\u00f5es guardadas (por exemplo, dados de login ou prefer\u00eancias do website) podem tamb\u00e9m ser perdidas.<\/td><\/tr><tr><td><strong>Gest\u00e3o de cookies espec\u00edficos do s\u00edtio<\/strong><\/td><td>Para ter um controlo mais preciso sobre cookies espec\u00edficos do site, os utilizadores podem ajustar as suas defini\u00e7\u00f5es de privacidade e cookies no seu navegador.<\/td><\/tr><tr><td><strong>Bloqueio de cookies<\/strong><\/td><td>Embora a maioria dos browsers modernos possam ser definidos para evitar que os cookies sejam colocados no seu dispositivo, isto pode exigir que ajuste manualmente certas prefer\u00eancias cada vez que visitar um site ou p\u00e1gina. Al\u00e9m disso, alguns servi\u00e7os e caracter\u00edsticas podem n\u00e3o funcionar correctamente (por exemplo, logins perfilados).<\/td><\/tr><\/tbody><\/table><table><tbody><tr><td colspan=\"2\">COMO ELIMINAR COOKIES DOS NAVEGADORES MAIS COMUNS<\/td><\/tr><tr><td>Chrome<\/td><td><a href=\"http:\/\/support.google.com\/chrome\/answer\/95647?hl=es\" target=\"_blank\" rel=\"noopener\"><span style=\"color: #3a3a3a;\">http:\/\/support.google.com\/chrome\/answer\/95647?hl=es<\/span><\/a><\/td><\/tr><tr><td>Edge<\/td><td><a href=\"https:\/\/support.microsoft.com\/es-es\/microsoft-edge\/eliminar-las-cookies-en-microsoft-edge-63947406-40ac-c3b8-57b9-2a946a29ae09\" target=\"_blank\" rel=\"noopener\"><span style=\"color: #3a3a3a;\">https:\/\/support.microsoft.com\/es-es\/microsoft-edge\/eliminar-las-cookies-en-microsoft-edge-63947406-40ac-c3b8-57b9-2a946a29ae09<\/span><\/a><\/td><\/tr><tr><td>Explorer<\/td><td><a href=\"https:\/\/support.microsoft.com\/es-es\/help\/278835\/how-to-delete-cookie-files-in-internet-explorer\" target=\"_blank\" rel=\"noopener\"><span style=\"color: #3a3a3a;\">https:\/\/support.microsoft.com\/es-es\/help\/278835\/how-to-delete-cookie-files-in-internet-explorer<\/span><\/a><\/td><\/tr><tr><td>Firefox<\/td><td><a href=\"https:\/\/www.mozilla.org\/es-ES\/privacy\/websites\/#cookies\" target=\"_blank\" rel=\"noopener\"><span style=\"color: #3a3a3a;\">https:\/\/www.mozilla.org\/es-ES\/privacy\/websites\/#cookies<\/span><\/a><\/td><\/tr><tr><td>Safari<\/td><td><a href=\"https:\/\/support.apple.com\/es-es\/guide\/safari\/sfri11471\/mac\" target=\"_blank\" rel=\"noopener\"><span style=\"color: #3a3a3a;\">https:\/\/support.apple.com\/es-es\/guide\/safari\/sfri11471\/mac<\/span><\/a><\/td><\/tr><tr><td>Opera<\/td><td><a href=\"https:\/\/help.opera.com\/en\/latest\/security-and-privacy\/#clearBrowsingData\" target=\"_blank\" rel=\"noopener\"><span style=\"color: #3a3a3a;\">https:\/\/help.opera.com\/en\/latest\/security-and-privacy\/#clearBrowsingData<\/span><\/a><\/td><\/tr><\/tbody><\/table>\t\t\t\t\t\t\t\t<\/div>\n\t\t\t\t<\/div>\n\t\t\t\t\t<\/div>\n\t\t<\/div>\n\t\t\t\t\t<\/div>\n\t\t<\/section>\n\t\t\t\t<\/div>\n\t\t","protected":false},"excerpt":{"rendered":"<p>POL\u00cdTICA DE COOKIES INFORMA\u00c7\u00c3O SOBRE COOKIES Em conformidade com a Lei 34\/2002, de 11 de Julho, sobre servi\u00e7os da sociedade de informa\u00e7\u00e3o e com\u00e9rcio electr\u00f3nico (LSSI), em rela\u00e7\u00e3o ao Regulamento (UE) 2016\/679 do Parlamento Europeu e do Conselho, de 27 de Abril de 2016, Regulamento Geral de Protec\u00e7\u00e3o de Dados (GDPR) e Lei Org\u00e2nica 3\/2018, [&hellip;]<\/p>\n","protected":false},"author":1,"featured_media":0,"parent":0,"menu_order":0,"comment_status":"closed","ping_status":"closed","template":"","meta":{"_acf_changed":false,"site-sidebar-layout":"no-sidebar","site-content-layout":"page-builder","ast-site-content-layout":"default","site-content-style":"default","site-sidebar-style":"default","ast-global-header-display":"","ast-banner-title-visibility":"","ast-main-header-display":"","ast-hfb-above-header-display":"","ast-hfb-below-header-display":"","ast-hfb-mobile-header-display":"","site-post-title":"disabled","ast-breadcrumbs-content":"","ast-featured-img":"disabled","footer-sml-layout":"","ast-disable-related-posts":"","theme-transparent-header-meta":"","adv-header-id-meta":"","stick-header-meta":"","header-above-stick-meta":"","header-main-stick-meta":"","header-below-stick-meta":"","astra-migrate-meta-layouts":"default","ast-page-background-enabled":"default","ast-page-background-meta":{"desktop":{"background-color":"","background-image":"","background-repeat":"repeat","background-position":"center center","background-size":"auto","background-attachment":"scroll","background-type":"","background-media":"","overlay-type":"","overlay-color":"","overlay-opacity":"","overlay-gradient":""},"tablet":{"background-color":"","background-image":"","background-repeat":"repeat","background-position":"center center","background-size":"auto","background-attachment":"scroll","background-type":"","background-media":"","overlay-type":"","overlay-color":"","overlay-opacity":"","overlay-gradient":""},"mobile":{"background-color":"","background-image":"","background-repeat":"repeat","background-position":"center center","background-size":"auto","background-attachment":"scroll","background-type":"","background-media":"","overlay-type":"","overlay-color":"","overlay-opacity":"","overlay-gradient":""}},"ast-content-background-meta":{"desktop":{"background-color":"var(--ast-global-color-5)","background-image":"","background-repeat":"repeat","background-position":"center center","background-size":"auto","background-attachment":"scroll","background-type":"","background-media":"","overlay-type":"","overlay-color":"","overlay-opacity":"","overlay-gradient":""},"tablet":{"background-color":"var(--ast-global-color-5)","background-image":"","background-repeat":"repeat","background-position":"center center","background-size":"auto","background-attachment":"scroll","background-type":"","background-media":"","overlay-type":"","overlay-color":"","overlay-opacity":"","overlay-gradient":""},"mobile":{"background-color":"var(--ast-global-color-5)","background-image":"","background-repeat":"repeat","background-position":"center center","background-size":"auto","background-attachment":"scroll","background-type":"","background-media":"","overlay-type":"","overlay-color":"","overlay-opacity":"","overlay-gradient":""}},"_joinchat":[],"footnotes":""},"class_list":["post-4622","page","type-page","status-publish","hentry"],"acf":[],"_links":{"self":[{"href":"https:\/\/ladyvirginiaibiza.com\/pt-pt\/wp-json\/wp\/v2\/pages\/4622","targetHints":{"allow":["GET"]}}],"collection":[{"href":"https:\/\/ladyvirginiaibiza.com\/pt-pt\/wp-json\/wp\/v2\/pages"}],"about":[{"href":"https:\/\/ladyvirginiaibiza.com\/pt-pt\/wp-json\/wp\/v2\/types\/page"}],"author":[{"embeddable":true,"href":"https:\/\/ladyvirginiaibiza.com\/pt-pt\/wp-json\/wp\/v2\/users\/1"}],"replies":[{"embeddable":true,"href":"https:\/\/ladyvirginiaibiza.com\/pt-pt\/wp-json\/wp\/v2\/comments?post=4622"}],"version-history":[{"count":0,"href":"https:\/\/ladyvirginiaibiza.com\/pt-pt\/wp-json\/wp\/v2\/pages\/4622\/revisions"}],"wp:attachment":[{"href":"https:\/\/ladyvirginiaibiza.com\/pt-pt\/wp-json\/wp\/v2\/media?parent=4622"}],"curies":[{"name":"wp","href":"https:\/\/api.w.org\/{rel}","templated":true}]}}