{"id":4537,"date":"2022-06-29T07:23:43","date_gmt":"2022-06-29T07:23:43","guid":{"rendered":"https:\/\/ladyvirginiaibiza.com\/politica-de-privacidad\/"},"modified":"2022-07-04T08:49:48","modified_gmt":"2022-07-04T08:49:48","slug":"politica-de-privacidade","status":"publish","type":"page","link":"https:\/\/ladyvirginiaibiza.com\/pt-pt\/politica-de-privacidade\/","title":{"rendered":"Pol\u00edtica de privacidade"},"content":{"rendered":"\t\t<div data-elementor-type=\"wp-page\" data-elementor-id=\"4537\" class=\"elementor elementor-4537 elementor-4357\" data-elementor-post-type=\"page\">\n\t\t\t\t\t\t<section class=\"elementor-section elementor-top-section elementor-element elementor-element-2ee294a elementor-section-content-middle elementor-section-boxed elementor-section-height-default elementor-section-height-default\" data-id=\"2ee294a\" data-element_type=\"section\" data-e-type=\"section\" data-settings=\"{&quot;background_background&quot;:&quot;classic&quot;}\">\n\t\t\t\t\t\t\t<div class=\"elementor-background-overlay\"><\/div>\n\t\t\t\t\t\t\t<div class=\"elementor-container elementor-column-gap-no\">\n\t\t\t\t\t<div class=\"elementor-column elementor-col-100 elementor-top-column elementor-element elementor-element-0bff1d4\" data-id=\"0bff1d4\" data-element_type=\"column\" data-e-type=\"column\">\n\t\t\t<div class=\"elementor-widget-wrap elementor-element-populated\">\n\t\t\t\t\t\t<div class=\"elementor-element elementor-element-e65a3b8 elementor-widget elementor-widget-heading\" data-id=\"e65a3b8\" data-element_type=\"widget\" data-e-type=\"widget\" data-widget_type=\"heading.default\">\n\t\t\t\t<div class=\"elementor-widget-container\">\n\t\t\t\t\t<h1 class=\"elementor-heading-title elementor-size-default\">POL\u00cdTICA DE PRIVACIDADE<\/h1>\t\t\t\t<\/div>\n\t\t\t\t<\/div>\n\t\t\t\t\t<\/div>\n\t\t<\/div>\n\t\t\t\t\t<\/div>\n\t\t<\/section>\n\t\t\t\t<section class=\"elementor-section elementor-top-section elementor-element elementor-element-5821e38 elementor-section-content-middle elementor-section-boxed elementor-section-height-default elementor-section-height-default\" data-id=\"5821e38\" data-element_type=\"section\" data-e-type=\"section\">\n\t\t\t\t\t\t<div class=\"elementor-container elementor-column-gap-no\">\n\t\t\t\t\t<div class=\"elementor-column elementor-col-100 elementor-top-column elementor-element elementor-element-2c083c1\" data-id=\"2c083c1\" data-element_type=\"column\" data-e-type=\"column\">\n\t\t\t<div class=\"elementor-widget-wrap elementor-element-populated\">\n\t\t\t\t\t\t<div class=\"elementor-element elementor-element-4d1e187 elementor-widget elementor-widget-text-editor\" data-id=\"4d1e187\" data-element_type=\"widget\" data-e-type=\"widget\" data-widget_type=\"text-editor.default\">\n\t\t\t\t<div class=\"elementor-widget-container\">\n\t\t\t\t\t\t\t\t\t<ol><li><strong>INFORMA\u00c7\u00c3O DO UTILIZADOR<\/strong><\/li><\/ol><p><strong>Quem \u00e9 respons\u00e1vel pelo tratamento dos seus dados pessoais?<\/strong><\/p><p><strong>A ALTAIR NAUTICA SL<\/strong> \u00e9 RESPONS\u00c1VEL pelo tratamento dos dados pessoais do USU\u00c1RIO e informa que estes dados ser\u00e3o tratados de acordo com as disposi\u00e7\u00f5es do Regulamento (UE) 2016\/679, de 27 de Abril (GDPR), e da Lei Org\u00e2nica 3\/2018, de 5 de Dezembro (LOPDGDD).<\/p><p><strong>Para que processamos os seus dados pessoais e porque o fazemos?<\/strong><\/p><p>Dependendo do formul\u00e1rio onde obtivermos os seus dados pessoais, trat\u00e1-los-emos confidencialmente para alcan\u00e7ar os seguintes objectivos:<\/p><p>No formul\u00e1rio <strong>Contacto<\/strong><\/p><ul><li>Responder a consultas ou a qualquer tipo de pedido feito pelo utilizador atrav\u00e9s de qualquer um dos formul\u00e1rios de contacto disponibilizados no website do controlador de dados.<br \/>(para o leg\u00edtimo interesse do controlador dos dados, art. 6.1.f GDPR)<br \/>Realizar an\u00e1lises estat\u00edsticas e estudos de mercado.<br \/>(para o leg\u00edtimo interesse do controlador, art. 6.1.f GDPR)<\/li><\/ul><p>No formul\u00e1rio de <strong>Reservas<\/strong><\/p><ul><li>Fazer reservas no estabelecimento do controlador.<br \/>(para a execu\u00e7\u00e3o de um contrato ou pr\u00e9-contrato, 6.1.b GDPR)<\/li><li>Enviar comunica\u00e7\u00f5es publicit\u00e1rias comerciais por e-mail, fax, SMS, MMS, redes sociais ou qualquer outro meio electr\u00f3nico ou f\u00edsico, presente ou futuro, aos clientes, que possibilitem o envio de comunica\u00e7\u00f5es comerciais relativas a produtos ou servi\u00e7os semelhantes aos que foram inicialmente contratados com o cliente (art. 21.2 LSSI).<br \/>(para o leg\u00edtimo interesse do controlador dos dados, art. 6.1.f GDPR).<\/li><\/ul><p><strong>Durante quanto tempo vamos manter os seus dados pessoais?<\/strong><\/p><p>N\u00e3o ser\u00e3o mantidos por mais tempo do que o necess\u00e1rio para manter a finalidade do tratamento ou existem prescri\u00e7\u00f5es legais que ditam a sua guarda e, quando deixarem de ser necess\u00e1rios para esse fim, ser\u00e3o apagados com medidas de seguran\u00e7a adequadas para assegurar a anonimiza\u00e7\u00e3o dos dados ou a destrui\u00e7\u00e3o total dos dados.<\/p><p><strong>A quem revelamos os seus dados pessoais?<\/strong><\/p><p>N\u00e3o est\u00e1 prevista a comunica\u00e7\u00e3o de dados pessoais a terceiros excepto, se necess\u00e1rio para o desenvolvimento e execu\u00e7\u00e3o dos fins do tratamento, aos nossos prestadores de servi\u00e7os relacionados com as comunica\u00e7\u00f5es, com os quais a RESPONS\u00c1VEL tenha assinado os contratos de confidencialidade e de tratamento de dados exigidos pelos regulamentos de privacidade em vigor.<\/p><p><strong>Quais s\u00e3o os seus direitos?<\/strong><\/p><p><strong>Os direitos do USER s\u00e3o:<\/strong> s\u00f3 podem ser exercidos em rela\u00e7\u00e3o a informa\u00e7\u00f5es que estejam sob o controlo do RESPONS\u00c1VEL.<\/p><ul><li>O direito de retirar o consentimento em qualquer altura.<br \/>Direito de acesso, rectifica\u00e7\u00e3o, portabilidade e elimina\u00e7\u00e3o dos seus dados, e de limitar ou opor-se ao seu tratamento.<\/li><li>O direito de apresentar uma queixa \u00e0 autoridade de controlo (www.aepd.es) se considerar que o processamento n\u00e3o est\u00e1 em conformidade com os regulamentos em vigor.<\/li><\/ul><p><strong>Detalhes de contacto para o exerc\u00edcio dos seus direitos:<\/strong><\/p><p>ALTAIR NAUTICA SL. Calle Sant Jaime, N\u00ba39 4-1, &#8211; 07840 Santa Eulalia Del Rio (Illes Balears). E-mail: info@ibizajetskibeach.com<\/p><p><strong>2. NATUREZA OBRIGAT\u00d3RIA OU FACULTATIVA DAS INFORMA\u00c7\u00d5ES FORNECIDAS PELO UTILIZADOR<\/strong><\/p><p>USU\u00c1RIOS, assinalando as caixas correspondentes e introduzindo dados nos campos marcados com um asterisco (*) no formul\u00e1rio de contacto ou apresentados em formul\u00e1rios de download, aceitam expressa e livremente e inequivocamente que os seus dados s\u00e3o necess\u00e1rios para que o fornecedor possa tratar do seu pedido, sendo volunt\u00e1ria a inclus\u00e3o de dados nos restantes campos. O USU\u00c1RIO garante que os dados pessoais fornecidos ao RESPONS\u00c1VEL s\u00e3o verdadeiros e \u00e9 respons\u00e1vel pela comunica\u00e7\u00e3o de quaisquer altera\u00e7\u00f5es aos mesmos.<\/p><p>O RESPONS\u00c1VEL informa que todos os dados solicitados atrav\u00e9s do website s\u00e3o obrigat\u00f3rios, uma vez que s\u00e3o necess\u00e1rios para a presta\u00e7\u00e3o de um servi\u00e7o \u00f3ptimo ao USU\u00c1RIO. No caso de n\u00e3o serem fornecidos todos os dados, n\u00e3o h\u00e1 garantia de que as informa\u00e7\u00f5es e servi\u00e7os fornecidos sejam completamente adaptados \u00e0s suas necessidades.<\/p><p><strong>3. MEDIDAS DE SEGURAN\u00c7A<\/strong><\/p><p>Que, de acordo com as disposi\u00e7\u00f5es dos regulamentos actuais sobre protec\u00e7\u00e3o de dados pessoais, o RESPONS\u00c1VEL cumpre todas as disposi\u00e7\u00f5es dos regulamentos GDPR e LOPDGDD para o tratamento de dados pessoais sob a sua responsabilidade, e manifestamente com os princ\u00edpios descritos no artigo 5.\u00ba da GDPR, segundo os quais s\u00e3o tratados de forma l\u00edcita, justa e transparente em rela\u00e7\u00e3o \u00e0 pessoa em causa e s\u00e3o adequados, pertinentes e limitados ao necess\u00e1rio em rela\u00e7\u00e3o \u00e0s finalidades para as quais s\u00e3o tratados.<\/p><p>A CONTROLLER garante ter implementado pol\u00edticas t\u00e9cnicas e organizacionais adequadas para aplicar as medidas de seguran\u00e7a estabelecidas pela GDPR e pela LOPDGDD a fim de proteger os direitos e liberdades dos USU\u00c1RIOS e forneceu-lhes as informa\u00e7\u00f5es adequadas para que os possam exercer.<\/p><p>Para mais informa\u00e7\u00f5es sobre garantias de privacidade, pode contactar a PARTE RESPONS\u00c1VEL atrav\u00e9s da ALTAIR NAUTICA SL. Calle Sant Jaime, N\u00ba39 4-1, &#8211; 07840 Santa Eulalia Del Rio (Illes Balears). E-mail: info@ibizajetskibeach.com<\/p>\t\t\t\t\t\t\t\t<\/div>\n\t\t\t\t<\/div>\n\t\t\t\t<div class=\"elementor-element elementor-element-f31eb0c elementor-widget elementor-widget-text-editor\" data-id=\"f31eb0c\" data-element_type=\"widget\" data-e-type=\"widget\" data-widget_type=\"text-editor.default\">\n\t\t\t\t<div class=\"elementor-widget-container\">\n\t\t\t\t\t\t\t\t\t<p><strong>POL\u00cdTICA DE PRIVACIDADE REDES SOCIAIS<\/strong><\/p><ol><li><strong>INFORMA\u00c7\u00c3O DO UTILIZADOR<\/strong><\/li><\/ol><p><strong>Quem \u00e9 respons\u00e1vel pelo tratamento dos seus dados pessoais?<\/strong><\/p><p>ALTAIR NAUTICA SL, doravante, RESPONS\u00c1VEL, informa o USU\u00c1RIO que procedeu \u00e0 cria\u00e7\u00e3o de um perfil nas Redes Sociais Facebook, Instagram, Twitter, LinkedIn, Youtube, Vimeo e Google+, que \u00e9 respons\u00e1vel pelo tratamento dos dados pessoais do USU\u00c1RIO realizado nas referidas redes sociais e informa o USU\u00c1RIO que esses dados ser\u00e3o tratados de acordo com as disposi\u00e7\u00f5es do Regulamento (UE) 2016\/679, de 27 de Abril (GDPR), e da Lei Org\u00e2nica 3\/2018, de 5 de Dezembro (LOPDGDD), raz\u00e3o pela qual as seguintes informa\u00e7\u00f5es de tratamento s\u00e3o fornecidas ao USU\u00c1RIO:<\/p><p><strong>Para que \u00e9 que processamos os seus dados pessoais?<\/strong><\/p><p>Objectivo do processamento: manter uma rela\u00e7\u00e3o entre o USU\u00c1RIO e o RESPONS\u00c1VEL que pode incluir as seguintes opera\u00e7\u00f5es:<\/p><ul><li>Processar os pedidos e as perguntas feitas ao controlador de dados.<\/li><li>Para informar sobre actividades e eventos organizados pelo controlador<\/li><li>Informar sobre produtos ou servi\u00e7os oferecidos pelo controlador<\/li><li>Interagindo atrav\u00e9s de perfis oficiais<\/li><\/ul><p><strong>Porque podemos processar os seus dados pessoais?<\/strong><\/p><p><strong>Base jur\u00eddica para o tratamento:<\/strong> Artigo 6.1.a GDPR, a pessoa em causa consentiu no tratamento dos seus dados pessoais para uma ou mais finalidades espec\u00edficas. O USU\u00c1RIO tem um perfil na mesma rede social e decidiu aderir \u00e0 rede social do RESPONS\u00c1VEL demonstrando interesse na informa\u00e7\u00e3o publicada na mesma, pelo que, no momento em que solicita seguir os nossos perfis oficiais, d\u00e1-nos o seu consentimento para o tratamento dos dados pessoais publicados no seu perfil.<\/p><p>O USU\u00c1RIO pode aceder \u00e0s pol\u00edticas de privacidade da pr\u00f3pria rede social em qualquer altura, bem como configurar o seu perfil para garantir a sua privacidade.<\/p><p>A PARTE RESPONS\u00c1VEL tem acesso e processa a informa\u00e7\u00e3o p\u00fablica do USU\u00c1RIO, em particular o seu nome de contacto. Estes dados s\u00f3 s\u00e3o utilizados dentro da pr\u00f3pria rede social e s\u00f3 ser\u00e3o incorporados num ficheiro do RESPONS\u00c1VEL quando for necess\u00e1rio processar o pedido do UTILIZADOR.<\/p><p><strong>Durante quanto tempo vamos manter os seus dados pessoais?<\/strong><\/p><p><strong>Crit\u00e9rios de conserva\u00e7\u00e3o de dados:<\/strong> os dados ser\u00e3o conservados enquanto o USU\u00c1RIO n\u00e3o revogar o consentimento dado, tal como indicado nesta pol\u00edtica de privacidade.<\/p><p><strong>A quem fornecemos os seus dados pessoais?<\/strong><\/p><p><strong>Comunica\u00e7\u00e3o de dados:<\/strong> a informa\u00e7\u00e3o fornecida pelo USU\u00c1RIO atrav\u00e9s das redes sociais do RESPONS\u00c1VEL, incluindo os seus dados pessoais, pode ser publicada, sempre em fun\u00e7\u00e3o dos servi\u00e7os que o USU\u00c1RIO utiliza, pelo que pode estar publicamente dispon\u00edvel para outros utilizadores terceiros das redes sociais. A partir do perfil de cada rede social, o USU\u00c1RIO pode configurar que informa\u00e7\u00e3o deseja tornar p\u00fablica em cada caso, visualizar as permiss\u00f5es que lhe foram concedidas, apag\u00e1-las ou desactiv\u00e1-las, tal como qualquer aplica\u00e7\u00e3o de terceiros que j\u00e1 n\u00e3o deseje utilizar.<\/p><p>Nenhuma comunica\u00e7\u00e3o de dados pessoais a terceiros fora da rede social est\u00e1 prevista, excepto se for essencial para o desenvolvimento e execu\u00e7\u00e3o dos objectivos do tratamento, aos nossos prestadores de servi\u00e7os relacionados com as comunica\u00e7\u00f5es, com os quais o RESPONS\u00c1VEL assinou contratos de confidencialidade e gest\u00e3o de tratamento exigidos pelos regulamentos de privacidade em vigor.<\/p><p><strong>Quais s\u00e3o os seus direitos?<\/strong><\/p><p><strong>Direitos do USU\u00c1RIO:<\/strong> s\u00f3 pode ser exercido em rela\u00e7\u00e3o \u00e0 informa\u00e7\u00e3o que est\u00e1 sob o controlo do RESPONS\u00c1VEL.<\/p><p>Direito de retirar o consentimento em qualquer momento.<br \/>Direito de acesso, rectifica\u00e7\u00e3o, portabilidade e elimina\u00e7\u00e3o dos seus dados, e de limitar ou opor-se ao seu processamento.<br \/>O direito de apresentar uma queixa \u00e0 autoridade de controlo (www.aepd.es) se considerar que o processamento n\u00e3o est\u00e1 em conformidade com os regulamentos em vigor.<\/p><p><strong>Detalhes de contacto para o exerc\u00edcio dos seus direitos:<\/strong><\/p><p>ALTAIR NAUTICA SL. Calle Sant Jaime, N\u00ba39 4-1, &#8211; 07840 Santa Eulalia Del Rio (Illes Balears). E-mail: info@ibizajetskibeach.com<\/p><p><strong>2. UTILIZA\u00c7\u00c3O DO PERFIL<\/strong><\/p><p>A PESSOA RESPONS\u00c1VEL dever\u00e1 realizar as seguintes ac\u00e7\u00f5es:<\/p><p>Acesso \u00e0 informa\u00e7\u00e3o p\u00fablica do perfil<br \/>Publica\u00e7\u00e3o no perfil do USU\u00c1RIO de toda a informa\u00e7\u00e3o j\u00e1 publicada na rede social do CONTROLADOR DE RESPONSABILIDADE<br \/>Envio de mensagens pessoais e individuais atrav\u00e9s dos canais da rede social.<br \/>Actualiza\u00e7\u00f5es sobre o estado da p\u00e1gina a ser publicada no perfil do USU\u00c1RIO.<\/p><p>O USU\u00c1RIO pode sempre controlar as suas liga\u00e7\u00f5es, apagar conte\u00fados que j\u00e1 n\u00e3o lhes interessam e restringir com quem partilham as suas liga\u00e7\u00f5es, acedendo \u00e0s suas defini\u00e7\u00f5es de privacidade.<\/p><p><strong>3. PUBLICA\u00c7\u00d5ES<\/strong><\/p><p>O USU\u00c1RIO, uma vez que seja um seguidor ou tenha aderido \u00e0 rede social do RESPONS\u00c1VEL, poder\u00e1 publicar coment\u00e1rios, liga\u00e7\u00f5es, imagens, fotografias ou qualquer outro tipo de conte\u00fado multim\u00e9dia suportado pelo mesmo. O USU\u00c1RIO, em todos os casos, deve ser o propriet\u00e1rio do conte\u00fado publicado, deter os direitos de autor e de propriedade intelectual ou ter o consentimento dos terceiros interessados.<\/p><p>\u00c9 expressamente proibida qualquer publica\u00e7\u00e3o na rede social, seja texto, gr\u00e1ficos, fotografias, v\u00eddeos, etc., que violem ou sejam suscept\u00edveis de violar a moral, a \u00e9tica, o bom gosto ou o decoro, e\/ou que infrinjam, violem ou violem os direitos de propriedade intelectual ou industrial, o direito \u00e0 imagem ou a lei.<\/p><p>Nestes casos, o RESPONS\u00c1VEL reserva-se o direito de remover imediatamente o conte\u00fado, sem aviso pr\u00e9vio, e pode solicitar o bloqueio permanente do USU\u00c1RIO.<\/p><p>O RESPONS\u00c1VEL n\u00e3o ser\u00e1 considerado respons\u00e1vel pelo conte\u00fado que um USU\u00c1RIO tenha publicado livremente.<\/p><p>O USU\u00c1RIO deve ter em conta que as suas publica\u00e7\u00f5es ser\u00e3o conhecidas por outros utilizadores, pelo que \u00e9 o principal respons\u00e1vel pela sua privacidade.<\/p><p>As imagens que possam ser publicadas na rede social n\u00e3o ser\u00e3o armazenadas em qualquer ficheiro pelo RESPONS\u00c1VEL OUTORGANTE, mas permanecer\u00e3o na rede social.<\/p><p><strong>4. DADOS DE MENORES OU DE PESSOAS COM CAPACIDADES ESPECIAIS<\/strong><\/p><p>O acesso e registo atrav\u00e9s das redes sociais da RESPONSABILIDADE \u00e9 proibido a pessoas com menos de 18 anos. Se o USU\u00c1RIO tiver capacidades especiais, ser\u00e1 necess\u00e1ria a interven\u00e7\u00e3o do titular da sua autoridade parental ou tutelar, ou do seu representante legal, atrav\u00e9s de um documento v\u00e1lido que prove a sua representa\u00e7\u00e3o.<\/p><p>O RESPONS\u00c1VEL ser\u00e1 expressamente exonerado de qualquer responsabilidade que possa surgir da utiliza\u00e7\u00e3o das redes sociais por menores ou pessoas com capacidades especiais. As redes sociais da RESPONSABILIDADE n\u00e3o recolhem intencionalmente qualquer informa\u00e7\u00e3o pessoal de menores, portanto, se o USU\u00c1RIO for menor, n\u00e3o dever\u00e1 registar ou utilizar as redes sociais da RESPONSABILIDADE, nem fornecer qualquer informa\u00e7\u00e3o pessoal.<\/p>\t\t\t\t\t\t\t\t<\/div>\n\t\t\t\t<\/div>\n\t\t\t\t\t<\/div>\n\t\t<\/div>\n\t\t\t\t\t<\/div>\n\t\t<\/section>\n\t\t\t\t<\/div>\n\t\t","protected":false},"excerpt":{"rendered":"<p>POL\u00cdTICA DE PRIVACIDADE INFORMA\u00c7\u00c3O DO UTILIZADOR Quem \u00e9 respons\u00e1vel pelo tratamento dos seus dados pessoais? A ALTAIR NAUTICA SL \u00e9 RESPONS\u00c1VEL pelo tratamento dos dados pessoais do USU\u00c1RIO e informa que estes dados ser\u00e3o tratados de acordo com as disposi\u00e7\u00f5es do Regulamento (UE) 2016\/679, de 27 de Abril (GDPR), e da Lei Org\u00e2nica 3\/2018, de [&hellip;]<\/p>\n","protected":false},"author":1,"featured_media":0,"parent":0,"menu_order":0,"comment_status":"closed","ping_status":"closed","template":"","meta":{"_acf_changed":false,"site-sidebar-layout":"no-sidebar","site-content-layout":"page-builder","ast-site-content-layout":"default","site-content-style":"default","site-sidebar-style":"default","ast-global-header-display":"","ast-banner-title-visibility":"","ast-main-header-display":"","ast-hfb-above-header-display":"","ast-hfb-below-header-display":"","ast-hfb-mobile-header-display":"","site-post-title":"disabled","ast-breadcrumbs-content":"","ast-featured-img":"disabled","footer-sml-layout":"","ast-disable-related-posts":"","theme-transparent-header-meta":"","adv-header-id-meta":"","stick-header-meta":"","header-above-stick-meta":"","header-main-stick-meta":"","header-below-stick-meta":"","astra-migrate-meta-layouts":"default","ast-page-background-enabled":"default","ast-page-background-meta":{"desktop":{"background-color":"","background-image":"","background-repeat":"repeat","background-position":"center center","background-size":"auto","background-attachment":"scroll","background-type":"","background-media":"","overlay-type":"","overlay-color":"","overlay-opacity":"","overlay-gradient":""},"tablet":{"background-color":"","background-image":"","background-repeat":"repeat","background-position":"center center","background-size":"auto","background-attachment":"scroll","background-type":"","background-media":"","overlay-type":"","overlay-color":"","overlay-opacity":"","overlay-gradient":""},"mobile":{"background-color":"","background-image":"","background-repeat":"repeat","background-position":"center center","background-size":"auto","background-attachment":"scroll","background-type":"","background-media":"","overlay-type":"","overlay-color":"","overlay-opacity":"","overlay-gradient":""}},"ast-content-background-meta":{"desktop":{"background-color":"var(--ast-global-color-5)","background-image":"","background-repeat":"repeat","background-position":"center center","background-size":"auto","background-attachment":"scroll","background-type":"","background-media":"","overlay-type":"","overlay-color":"","overlay-opacity":"","overlay-gradient":""},"tablet":{"background-color":"var(--ast-global-color-5)","background-image":"","background-repeat":"repeat","background-position":"center center","background-size":"auto","background-attachment":"scroll","background-type":"","background-media":"","overlay-type":"","overlay-color":"","overlay-opacity":"","overlay-gradient":""},"mobile":{"background-color":"var(--ast-global-color-5)","background-image":"","background-repeat":"repeat","background-position":"center center","background-size":"auto","background-attachment":"scroll","background-type":"","background-media":"","overlay-type":"","overlay-color":"","overlay-opacity":"","overlay-gradient":""}},"_joinchat":[],"footnotes":""},"class_list":["post-4537","page","type-page","status-publish","hentry"],"acf":[],"_links":{"self":[{"href":"https:\/\/ladyvirginiaibiza.com\/pt-pt\/wp-json\/wp\/v2\/pages\/4537","targetHints":{"allow":["GET"]}}],"collection":[{"href":"https:\/\/ladyvirginiaibiza.com\/pt-pt\/wp-json\/wp\/v2\/pages"}],"about":[{"href":"https:\/\/ladyvirginiaibiza.com\/pt-pt\/wp-json\/wp\/v2\/types\/page"}],"author":[{"embeddable":true,"href":"https:\/\/ladyvirginiaibiza.com\/pt-pt\/wp-json\/wp\/v2\/users\/1"}],"replies":[{"embeddable":true,"href":"https:\/\/ladyvirginiaibiza.com\/pt-pt\/wp-json\/wp\/v2\/comments?post=4537"}],"version-history":[{"count":0,"href":"https:\/\/ladyvirginiaibiza.com\/pt-pt\/wp-json\/wp\/v2\/pages\/4537\/revisions"}],"wp:attachment":[{"href":"https:\/\/ladyvirginiaibiza.com\/pt-pt\/wp-json\/wp\/v2\/media?parent=4537"}],"curies":[{"name":"wp","href":"https:\/\/api.w.org\/{rel}","templated":true}]}}