{"id":4504,"date":"2022-06-29T07:00:56","date_gmt":"2022-06-29T07:00:56","guid":{"rendered":"https:\/\/ladyvirginiaibiza.com\/aviso-legal\/"},"modified":"2023-04-04T10:32:09","modified_gmt":"2023-04-04T10:32:09","slug":"aviso-legal","status":"publish","type":"page","link":"https:\/\/ladyvirginiaibiza.com\/pt-pt\/aviso-legal\/","title":{"rendered":"Aviso legal"},"content":{"rendered":"\t\t<div data-elementor-type=\"wp-page\" data-elementor-id=\"4504\" class=\"elementor elementor-4504 elementor-4342\" data-elementor-post-type=\"page\">\n\t\t\t\t\t\t<section class=\"elementor-section elementor-top-section elementor-element elementor-element-f9e3e97 elementor-section-content-middle elementor-section-boxed elementor-section-height-default elementor-section-height-default\" data-id=\"f9e3e97\" data-element_type=\"section\" data-e-type=\"section\" data-settings=\"{&quot;background_background&quot;:&quot;classic&quot;}\">\n\t\t\t\t\t\t\t<div class=\"elementor-background-overlay\"><\/div>\n\t\t\t\t\t\t\t<div class=\"elementor-container elementor-column-gap-no\">\n\t\t\t\t\t<div class=\"elementor-column elementor-col-100 elementor-top-column elementor-element elementor-element-5581b84\" data-id=\"5581b84\" data-element_type=\"column\" data-e-type=\"column\">\n\t\t\t<div class=\"elementor-widget-wrap elementor-element-populated\">\n\t\t\t\t\t\t<div class=\"elementor-element elementor-element-e790cc9 elementor-widget elementor-widget-heading\" data-id=\"e790cc9\" data-element_type=\"widget\" data-e-type=\"widget\" data-widget_type=\"heading.default\">\n\t\t\t\t<div class=\"elementor-widget-container\">\n\t\t\t\t\t<h1 class=\"elementor-heading-title elementor-size-default\">Advert\u00eancia jur\u00eddica<\/h1>\t\t\t\t<\/div>\n\t\t\t\t<\/div>\n\t\t\t\t\t<\/div>\n\t\t<\/div>\n\t\t\t\t\t<\/div>\n\t\t<\/section>\n\t\t\t\t<section class=\"elementor-section elementor-top-section elementor-element elementor-element-75cb882 elementor-section-content-middle elementor-section-boxed elementor-section-height-default elementor-section-height-default\" data-id=\"75cb882\" data-element_type=\"section\" data-e-type=\"section\">\n\t\t\t\t\t\t<div class=\"elementor-container elementor-column-gap-no\">\n\t\t\t\t\t<div class=\"elementor-column elementor-col-100 elementor-top-column elementor-element elementor-element-257a0ef\" data-id=\"257a0ef\" data-element_type=\"column\" data-e-type=\"column\">\n\t\t\t<div class=\"elementor-widget-wrap elementor-element-populated\">\n\t\t\t\t\t\t<div class=\"elementor-element elementor-element-2cb6afd elementor-widget elementor-widget-text-editor\" data-id=\"2cb6afd\" data-element_type=\"widget\" data-e-type=\"widget\" data-widget_type=\"text-editor.default\">\n\t\t\t\t<div class=\"elementor-widget-container\">\n\t\t\t\t\t\t\t\t\t<p><strong>LEI DOS SERVI\u00c7OS DA SOCIEDADE DA INFORMA\u00c7\u00c3O (LSSI)<\/strong><\/p><p>A <strong>ALTAIR NAUTICA SL<\/strong>, respons\u00e1vel pelo website, doravante RESPONS\u00c1VEL, disponibiliza este documento aos utilizadores, com o qual pretende cumprir as obriga\u00e7\u00f5es estabelecidas na Lei 34\/2002, de 11 de Julho, sobre Servi\u00e7os da Sociedade da Informa\u00e7\u00e3o e Com\u00e9rcio Electr\u00f3nico (LSSICE), BOE No. 166, bem como informar todos os utilizadores do website sobre as condi\u00e7\u00f5es de utiliza\u00e7\u00e3o.<\/p><p>Qualquer pessoa que aceda a este website assume o papel de utilizador, comprometendo-se a observar e a cumprir rigorosamente as disposi\u00e7\u00f5es aqui contidas, bem como qualquer outra disposi\u00e7\u00e3o legal que possa ser aplic\u00e1vel.<\/p><p>A ALTAIR NAUTICA SL reserva-se o direito de modificar qualquer tipo de informa\u00e7\u00e3o que possa aparecer no website, sem qualquer obriga\u00e7\u00e3o de dar aviso pr\u00e9vio ou informar os utilizadores de tais obriga\u00e7\u00f5es, sendo a publica\u00e7\u00e3o no website da ALTAIR NAUTICA SL entendida como suficiente.<\/p><p><strong>1. DADOS DE IDENTIFICA\u00c7\u00c3O<\/strong><\/p><p>Nome de dom\u00ednio: ladyvirginiaibiza.com<br \/>Nome comercial: LADY VIRGINIA IBIZA<br \/>Nome da empresa: ALTAIR NAUTICA SL<br \/>ID FISCAL: B07820509<br \/>Escrit\u00f3rio registado: Calle Sant Jaime, N\u00ba39 4-1, 07840 Santa Eulalia Del Rio (Illes Balears)<br \/>Telefone: 645871590<br \/>E-mail: info@ladyvirginiaibiza.com<\/p><p><strong>2. DIREITOS DE PROPRIEDADE INTELECTUAL E INDUSTRIAL<\/strong><\/p><p>O website, incluindo mas n\u00e3o limitado \u00e0 sua programa\u00e7\u00e3o, edi\u00e7\u00e3o, compila\u00e7\u00e3o e outros elementos necess\u00e1rios ao seu funcionamento, desenhos, log\u00f3tipos, texto e\/ou gr\u00e1ficos, s\u00e3o propriedade da PARTE RESPONS\u00c1VEL ou, se aplic\u00e1vel, tem uma licen\u00e7a ou autoriza\u00e7\u00e3o expressa dos autores. Todos os conte\u00fados do s\u00edtio s\u00e3o devidamente protegidos pelos regulamentos de propriedade intelectual e industrial, bem como registados nos registos p\u00fablicos correspondentes.<\/p><p>Independentemente do fim a que se destinam, a reprodu\u00e7\u00e3o, utiliza\u00e7\u00e3o, explora\u00e7\u00e3o, distribui\u00e7\u00e3o e comercializa\u00e7\u00e3o, total ou parcial, exige em qualquer caso a autoriza\u00e7\u00e3o pr\u00e9via por escrito da OUTORA RESPONS\u00c1VEL. Qualquer utiliza\u00e7\u00e3o n\u00e3o autorizada \u00e9 considerada uma viola\u00e7\u00e3o grave dos direitos de propriedade intelectual ou industrial do autor.<\/p><p>Os desenhos, log\u00f3tipos, textos e\/ou gr\u00e1ficos que n\u00e3o pertencem ao RESPONS\u00c1VEL e que podem aparecer no website pertencem aos seus respectivos propriet\u00e1rios, e eles pr\u00f3prios s\u00e3o respons\u00e1veis por qualquer poss\u00edvel controv\u00e9rsia que possa surgir em rela\u00e7\u00e3o a eles. O RESPONS\u00c1VEL autoriza expressamente terceiros a redireccionar directamente para os conte\u00fados espec\u00edficos do website, e em qualquer caso a redireccionar para o website principal de ladyvirginiaibiza.com.<\/p><p>O RESPONS\u00c1VEL reconhece a favor dos seus propriet\u00e1rios os correspondentes direitos de propriedade intelectual e industrial, e a sua simples men\u00e7\u00e3o ou apari\u00e7\u00e3o no website n\u00e3o implica a exist\u00eancia de quaisquer direitos ou responsabilidade sobre eles, nem qualquer endosso, patroc\u00ednio ou recomenda\u00e7\u00e3o por parte dos mesmos.<br \/>Para fazer qualquer tipo de observa\u00e7\u00e3o sobre poss\u00edveis viola\u00e7\u00f5es dos direitos de propriedade intelectual ou industrial, bem como sobre qualquer conte\u00fado do s\u00edtio web, pode faz\u00ea-lo enviando um e-mail para info@ladyvirginiaibiza.com.<\/p><p><strong>3. ISEN\u00c7\u00c3O DE RESPONSABILIDADE<\/strong><\/p><p>A parte RESPONS\u00c1VEL est\u00e1 isenta de qualquer tipo de responsabilidade derivada da informa\u00e7\u00e3o publicada no seu s\u00edtio web, desde que n\u00e3o tenha conhecimento efectivo de que essa informa\u00e7\u00e3o tenha sido manipulada ou introduzida por terceiros externos \u00e0 mesma ou, se tiver, tenha agido diligentemente para remover os dados ou tornar imposs\u00edvel o acesso aos mesmos.<\/p><p><strong>Utiliza\u00e7\u00e3o de Cookies<\/strong><\/p><p>Este s\u00edtio pode utilizar cookies t\u00e9cnicos (pequenos ficheiros de informa\u00e7\u00e3o que o servidor envia para o computador da pessoa que acede \u00e0 p\u00e1gina) para realizar certas fun\u00e7\u00f5es consideradas essenciais para o correcto funcionamento e visualiza\u00e7\u00e3o do s\u00edtio. Os cookies utilizados s\u00e3o, em qualquer caso, de natureza tempor\u00e1ria, com o \u00fanico objectivo de tornar a navega\u00e7\u00e3o mais eficiente, e desaparecem no final da sess\u00e3o do utilizador. Em circunst\u00e2ncia alguma estes cookies fornecem eles pr\u00f3prios dados pessoais e n\u00e3o ser\u00e3o utilizados para recolher tais dados.<\/p><p>Atrav\u00e9s da utiliza\u00e7\u00e3o de cookies \u00e9 tamb\u00e9m poss\u00edvel que o servidor onde se encontra o website reconhe\u00e7a o browser utilizado pelo utilizador para facilitar a navega\u00e7\u00e3o, permitindo, por exemplo, o acesso de utilizadores que se tenham previamente registado nas \u00e1reas, servi\u00e7os, promo\u00e7\u00f5es ou concursos reservados exclusivamente para eles sem terem de se registar em cada visita. Podem tamb\u00e9m ser utilizados para medir a audi\u00eancia, par\u00e2metros de tr\u00e1fego, controlar o progresso e o n\u00famero de entradas, etc., sendo, nestes casos, cookies tecnicamente dispens\u00e1veis, mas ben\u00e9ficos para o utilizador. Este website n\u00e3o instalar\u00e1 cookies dispens\u00e1veis sem o consentimento pr\u00e9vio do utilizador.<\/p><p>Este website utiliza os seus pr\u00f3prios cookies e cookies de terceiros para fins anal\u00edticos e para lhe mostrar publicidade personalizada com base num perfil elaborado a partir dos seus h\u00e1bitos de navega\u00e7\u00e3o (por exemplo, p\u00e1ginas visitadas). Todos os utilizadores que visitam o website s\u00e3o informados da utiliza\u00e7\u00e3o destes cookies por meio de um banner flutuante. Se aceitar a sua utiliza\u00e7\u00e3o, o banner desaparecer\u00e1, embora possa revogar o seu consentimento em qualquer altura e obter mais informa\u00e7\u00f5es consultando a nossa Pol\u00edtica de Cookies.<\/p><p>O utilizador tem a possibilidade de configurar o seu navegador para ser alertado da recep\u00e7\u00e3o de cookies e para impedir a sua instala\u00e7\u00e3o no seu computador. Por favor, consulte as instru\u00e7\u00f5es do seu navegador para mais informa\u00e7\u00f5es.<\/p><p><strong>Pol\u00edtica de liga\u00e7\u00e3o<\/strong><\/p><p>A partir do website, poder\u00e1 ser redireccionado para conte\u00fados em websites de terceiros. Dado que o RESPONS\u00c1VEL nem sempre pode controlar os conte\u00fados introduzidos por terceiros nos seus respectivos websites, n\u00e3o assume qualquer tipo de responsabilidade com respeito a esses conte\u00fados. Em qualquer caso, proceder\u00e1 \u00e0 remo\u00e7\u00e3o imediata de qualquer conte\u00fado que possa violar a legisla\u00e7\u00e3o nacional ou internacional, a moral ou a ordem p\u00fablica, procedendo \u00e0 retirada imediata do reencaminhamento para o referido s\u00edtio web, informando as autoridades competentes sobre o conte\u00fado em quest\u00e3o.<\/p><p>O RESPONS\u00c1VEL n\u00e3o \u00e9 respons\u00e1vel pelas informa\u00e7\u00f5es e conte\u00fados armazenados, incluindo mas n\u00e3o se limitando a, em f\u00f3runs, chats, geradores de blogs, coment\u00e1rios, redes sociais ou qualquer outro meio que permita a terceiros a publica\u00e7\u00e3o independente de conte\u00fados no website do RESPONS\u00c1VEL. Contudo, e em conformidade com as disposi\u00e7\u00f5es dos artigos 11 e 16 do LSSICE, coloca-se \u00e0 disposi\u00e7\u00e3o de todos os utilizadores, autoridades e for\u00e7as de seguran\u00e7a, colaborando activamente na remo\u00e7\u00e3o ou, quando apropriado, no bloqueio de todos os conte\u00fados que possam afectar ou infringir a legisla\u00e7\u00e3o nacional ou internacional, os direitos de terceiros ou a moralidade e a ordem p\u00fablica. No caso de o utilizador considerar que existe algum conte\u00fado no website que possa ser suscept\u00edvel a esta classifica\u00e7\u00e3o, por favor notifique imediatamente o administrador do website.<\/p><p>Este website foi verificado e testado para garantir o seu correcto funcionamento. Em princ\u00edpio, pode ser garantido o seu bom funcionamento 365 dias por ano, 24 horas por dia. No entanto, a PARTE RESPONS\u00c1VEL n\u00e3o exclui a possibilidade de certos erros de programa\u00e7\u00e3o, ou a ocorr\u00eancia de for\u00e7a maior, cat\u00e1strofes naturais, greves ou circunst\u00e2ncias semelhantes que impossibilitem o acesso ao website.<\/p><p><strong>Endere\u00e7os IP<\/strong><\/p><p>Os servidores do website poder\u00e3o detectar automaticamente o endere\u00e7o IP e o nome de dom\u00ednio utilizado pelo utilizador. Um endere\u00e7o IP \u00e9 um n\u00famero atribu\u00eddo automaticamente a um computador quando este se liga \u00e0 Internet. Todas estas informa\u00e7\u00f5es s\u00e3o registadas num ficheiro de actividade do servidor devidamente registado que permite o tratamento posterior dos dados, a fim de obter medi\u00e7\u00f5es puramente estat\u00edsticas que permitem conhecer o n\u00famero de impress\u00f5es da p\u00e1gina, o n\u00famero de visitas efectuadas aos servidores web, a ordem das visitas, o ponto de acesso, etc.<\/p><p><strong>4. LEI APLIC\u00c1VEL E JURISDI\u00c7\u00c3O<\/strong><\/p><p>Para a resolu\u00e7\u00e3o de todas as disputas ou quest\u00f5es relacionadas com este website ou com as actividades nele realizadas, \u00e9 aplic\u00e1vel a lei espanhola, \u00e0 qual as partes se submetem expressamente, e os Tribunais e Tribunais do domic\u00edlio do USU\u00c1RIO ou o local de cumprimento da obriga\u00e7\u00e3o s\u00e3o competentes para resolver todas as disputas decorrentes ou relacionadas com a sua utiliza\u00e7\u00e3o.<\/p><p>\u00a0<\/p>\t\t\t\t\t\t\t\t<\/div>\n\t\t\t\t<\/div>\n\t\t\t\t\t<\/div>\n\t\t<\/div>\n\t\t\t\t\t<\/div>\n\t\t<\/section>\n\t\t\t\t<\/div>\n\t\t","protected":false},"excerpt":{"rendered":"<p>Advert\u00eancia jur\u00eddica LEI DOS SERVI\u00c7OS DA SOCIEDADE DA INFORMA\u00c7\u00c3O (LSSI) A ALTAIR NAUTICA SL, respons\u00e1vel pelo website, doravante RESPONS\u00c1VEL, disponibiliza este documento aos utilizadores, com o qual pretende cumprir as obriga\u00e7\u00f5es estabelecidas na Lei 34\/2002, de 11 de Julho, sobre Servi\u00e7os da Sociedade da Informa\u00e7\u00e3o e Com\u00e9rcio Electr\u00f3nico (LSSICE), BOE No. 166, bem como informar [&hellip;]<\/p>\n","protected":false},"author":1,"featured_media":0,"parent":0,"menu_order":0,"comment_status":"closed","ping_status":"closed","template":"","meta":{"_acf_changed":false,"site-sidebar-layout":"no-sidebar","site-content-layout":"page-builder","ast-site-content-layout":"default","site-content-style":"default","site-sidebar-style":"default","ast-global-header-display":"","ast-banner-title-visibility":"","ast-main-header-display":"","ast-hfb-above-header-display":"","ast-hfb-below-header-display":"","ast-hfb-mobile-header-display":"","site-post-title":"disabled","ast-breadcrumbs-content":"","ast-featured-img":"disabled","footer-sml-layout":"","ast-disable-related-posts":"","theme-transparent-header-meta":"","adv-header-id-meta":"","stick-header-meta":"","header-above-stick-meta":"","header-main-stick-meta":"","header-below-stick-meta":"","astra-migrate-meta-layouts":"default","ast-page-background-enabled":"default","ast-page-background-meta":{"desktop":{"background-color":"","background-image":"","background-repeat":"repeat","background-position":"center center","background-size":"auto","background-attachment":"scroll","background-type":"","background-media":"","overlay-type":"","overlay-color":"","overlay-opacity":"","overlay-gradient":""},"tablet":{"background-color":"","background-image":"","background-repeat":"repeat","background-position":"center center","background-size":"auto","background-attachment":"scroll","background-type":"","background-media":"","overlay-type":"","overlay-color":"","overlay-opacity":"","overlay-gradient":""},"mobile":{"background-color":"","background-image":"","background-repeat":"repeat","background-position":"center center","background-size":"auto","background-attachment":"scroll","background-type":"","background-media":"","overlay-type":"","overlay-color":"","overlay-opacity":"","overlay-gradient":""}},"ast-content-background-meta":{"desktop":{"background-color":"var(--ast-global-color-5)","background-image":"","background-repeat":"repeat","background-position":"center center","background-size":"auto","background-attachment":"scroll","background-type":"","background-media":"","overlay-type":"","overlay-color":"","overlay-opacity":"","overlay-gradient":""},"tablet":{"background-color":"var(--ast-global-color-5)","background-image":"","background-repeat":"repeat","background-position":"center center","background-size":"auto","background-attachment":"scroll","background-type":"","background-media":"","overlay-type":"","overlay-color":"","overlay-opacity":"","overlay-gradient":""},"mobile":{"background-color":"var(--ast-global-color-5)","background-image":"","background-repeat":"repeat","background-position":"center center","background-size":"auto","background-attachment":"scroll","background-type":"","background-media":"","overlay-type":"","overlay-color":"","overlay-opacity":"","overlay-gradient":""}},"_joinchat":[],"footnotes":""},"class_list":["post-4504","page","type-page","status-publish","hentry"],"acf":[],"_links":{"self":[{"href":"https:\/\/ladyvirginiaibiza.com\/pt-pt\/wp-json\/wp\/v2\/pages\/4504","targetHints":{"allow":["GET"]}}],"collection":[{"href":"https:\/\/ladyvirginiaibiza.com\/pt-pt\/wp-json\/wp\/v2\/pages"}],"about":[{"href":"https:\/\/ladyvirginiaibiza.com\/pt-pt\/wp-json\/wp\/v2\/types\/page"}],"author":[{"embeddable":true,"href":"https:\/\/ladyvirginiaibiza.com\/pt-pt\/wp-json\/wp\/v2\/users\/1"}],"replies":[{"embeddable":true,"href":"https:\/\/ladyvirginiaibiza.com\/pt-pt\/wp-json\/wp\/v2\/comments?post=4504"}],"version-history":[{"count":0,"href":"https:\/\/ladyvirginiaibiza.com\/pt-pt\/wp-json\/wp\/v2\/pages\/4504\/revisions"}],"wp:attachment":[{"href":"https:\/\/ladyvirginiaibiza.com\/pt-pt\/wp-json\/wp\/v2\/media?parent=4504"}],"curies":[{"name":"wp","href":"https:\/\/api.w.org\/{rel}","templated":true}]}}