{"id":4621,"date":"2022-06-29T07:25:27","date_gmt":"2022-06-29T07:25:27","guid":{"rendered":"https:\/\/ladyvirginiaibiza.com\/politica-de-cookies\/"},"modified":"2022-07-04T11:42:18","modified_gmt":"2022-07-04T11:42:18","slug":"politica-dei-cookie","status":"publish","type":"page","link":"https:\/\/ladyvirginiaibiza.com\/it\/politica-dei-cookie\/","title":{"rendered":"Politica dei cookie"},"content":{"rendered":"\t\t<div data-elementor-type=\"wp-page\" data-elementor-id=\"4621\" class=\"elementor elementor-4621 elementor-4368\" data-elementor-post-type=\"page\">\n\t\t\t\t\t\t<section class=\"elementor-section elementor-top-section elementor-element elementor-element-142316a elementor-section-content-middle elementor-section-boxed elementor-section-height-default elementor-section-height-default\" data-id=\"142316a\" data-element_type=\"section\" data-e-type=\"section\" data-settings=\"{&quot;background_background&quot;:&quot;classic&quot;}\">\n\t\t\t\t\t\t\t<div class=\"elementor-background-overlay\"><\/div>\n\t\t\t\t\t\t\t<div class=\"elementor-container elementor-column-gap-no\">\n\t\t\t\t\t<div class=\"elementor-column elementor-col-100 elementor-top-column elementor-element elementor-element-e1eeebd\" data-id=\"e1eeebd\" data-element_type=\"column\" data-e-type=\"column\">\n\t\t\t<div class=\"elementor-widget-wrap elementor-element-populated\">\n\t\t\t\t\t\t<div class=\"elementor-element elementor-element-cb6cd07 elementor-widget elementor-widget-heading\" data-id=\"cb6cd07\" data-element_type=\"widget\" data-e-type=\"widget\" data-widget_type=\"heading.default\">\n\t\t\t\t<div class=\"elementor-widget-container\">\n\t\t\t\t\t<h1 class=\"elementor-heading-title elementor-size-default\">POLITICA DEI COOKIE<\/h1>\t\t\t\t<\/div>\n\t\t\t\t<\/div>\n\t\t\t\t\t<\/div>\n\t\t<\/div>\n\t\t\t\t\t<\/div>\n\t\t<\/section>\n\t\t\t\t<section class=\"elementor-section elementor-top-section elementor-element elementor-element-4435674 elementor-section-content-middle elementor-section-boxed elementor-section-height-default elementor-section-height-default\" data-id=\"4435674\" data-element_type=\"section\" data-e-type=\"section\">\n\t\t\t\t\t\t<div class=\"elementor-container elementor-column-gap-no\">\n\t\t\t\t\t<div class=\"elementor-column elementor-col-100 elementor-top-column elementor-element elementor-element-6e1b960\" data-id=\"6e1b960\" data-element_type=\"column\" data-e-type=\"column\">\n\t\t\t<div class=\"elementor-widget-wrap elementor-element-populated\">\n\t\t\t\t\t\t<div class=\"elementor-element elementor-element-4a9446c elementor-widget elementor-widget-text-editor\" data-id=\"4a9446c\" data-element_type=\"widget\" data-e-type=\"widget\" data-widget_type=\"text-editor.default\">\n\t\t\t\t<div class=\"elementor-widget-container\">\n\t\t\t\t\t\t\t\t\t<ol><li><p><strong>INFORMAZIONI SUI COOKIE<\/strong><\/p><p>In conformit\u00e0 alla Legge 34\/2002, dell&#8217;11 luglio, sui servizi della societ\u00e0 dell&#8217;informazione e del commercio elettronico (LSSI), in relazione al Regolamento (UE) 2016\/679 del Parlamento europeo e del Consiglio, del 27 aprile 2016, Regolamento generale sulla protezione dei dati (GDPR) e alla Legge organica 3\/2018, del 5 dicembre, sulla protezione dei dati e la garanzia dei diritti digitali (LOPDGDD), \u00e8 obbligatorio ottenere il consenso esplicito dell&#8217;utente di tutti i siti web che utilizzano cookie erogabili, prima che l&#8217;utente li navighi.<\/p><p><strong>COSA SONO I BISCOTTI?<\/strong><\/p><p>I cookie e altre tecnologie simili, come gli oggetti locali condivisi, i flash cookie o i pixel, sono strumenti utilizzati dai server web per memorizzare e recuperare informazioni sui propri visitatori, nonch\u00e9 per offrire un corretto funzionamento del sito.<\/p><p>L&#8217;uso di questi dispositivi consente al server Web di ricordare alcuni dati relativi all&#8217;utente, come le sue preferenze di visualizzazione delle pagine del server, il nome e la password, i prodotti che lo interessano maggiormente, ecc.<\/p><p><strong>COOKIE INTERESSATI DAL REGOLAMENTO E COOKIE ESENTI<\/strong><\/p><p>Secondo la direttiva UE, i cookie che richiedono il consenso informato dell&#8217;utente sono i cookie analitici e i cookie pubblicitari e di affiliazione, ad eccezione dei cookie tecnici e di quelli necessari al funzionamento del sito web o alla fornitura di servizi espressamente richiesti dall&#8217;utente.<\/p><p><strong>TIPI DI COOKIE<\/strong><\/p><p><strong>SECONDO IL LORO SCOPO<\/strong><\/p><ul><li><p><strong>Cookie tecnici e funzionali:<\/strong> sono quelli che consentono all&#8217;utente di navigare all&#8217;interno di un sito web, di una piattaforma o di un&#8217;applicazione e di utilizzare le diverse opzioni o servizi ivi presenti.<\/p><\/li><li><p><strong>Cookie analitici:<\/strong> sono quelli che consentono al responsabile di monitorare e analizzare il comportamento degli utenti dei siti web a cui sono collegati. Le informazioni raccolte attraverso questo tipo di cookie vengono utilizzate per misurare l&#8217;attivit\u00e0 dei siti web, delle applicazioni o delle piattaforme e per elaborare profili di navigazione degli utenti di tali siti, applicazioni e piattaforme, al fine di introdurre miglioramenti basati sull&#8217;analisi dei dati di utilizzo degli utenti del servizio.<\/p><\/li><li><p><strong>Cookie pubblicitari:<\/strong> sono quelli che consentono di gestire, nel modo pi\u00f9 efficace possibile, gli spazi pubblicitari che, eventualmente, l&#8217;editore ha inserito in un sito web, un&#8217;applicazione o una piattaforma da cui viene fornito il servizio richiesto, in base a criteri quali il contenuto modificato o la frequenza con cui vengono mostrati gli annunci.<\/p><\/li><li><p><strong>Cookie di pubblicit\u00e0 comportamentale:<\/strong> raccolgono informazioni sulle preferenze e sulle scelte personali dell&#8217;utente (retargeting) per consentire la gestione, nel modo pi\u00f9 efficace possibile, degli spazi pubblicitari che, eventualmente, l&#8217;editore ha inserito su un sito web, un&#8217;applicazione o una piattaforma da cui fornisce il servizio richiesto.<\/p><\/li><li><p><strong>Cookie sociali:<\/strong> vengono impostati dalle piattaforme di social media sui servizi per consentire all&#8217;utente di condividere contenuti con i propri amici e reti. Le piattaforme di social media hanno la possibilit\u00e0 di tracciare la vostra attivit\u00e0 online al di fuori dei Servizi. Ci\u00f2 pu\u00f2 influire sul contenuto e sui messaggi visualizzati su altri servizi visitati.<\/p><\/li><li><p><strong>Cookie di affiliazione:<\/strong> consentono di tracciare le visite da altri siti web, con i quali il sito stipula un accordo di affiliazione (societ\u00e0 affiliate).<\/p><\/li><li><p><strong>Cookie di sicurezza:<\/strong> memorizzano informazioni criptate per evitare che i dati in essi memorizzati siano vulnerabili ad attacchi malevoli da parte di terzi.<\/p><\/li><\/ul><\/li><\/ol><p><strong>IN BASE ALLA PROPRIET\u00c0<\/strong><\/p><ul><li><strong>Cookie di prima parte:<\/strong> sono quelli inviati al terminale dell&#8217;utente da un computer o da un dominio gestito dall&#8217;editore stesso e dal quale viene fornito il servizio richiesto dall&#8217;utente.<\/li><li><strong>Cookie di terze parti:<\/strong> quelli che vengono inviati al terminale dell&#8217;utente da un computer o da un dominio non gestito dall&#8217;editore, ma da un&#8217;altra entit\u00e0 che elabora i dati ottenuti attraverso i cookie.<\/li><\/ul><p><strong>IN BASE AL PERIODO DI CONSERVAZIONE<\/strong><\/p><ul><li><strong>Cookie di sessione:<\/strong> si tratta di un tipo di cookie progettato per raccogliere e memorizzare i dati durante l&#8217;accesso dell&#8217;utente a un sito web.<\/li><li><strong>Cookie persistenti:<\/strong> si tratta di un tipo di cookie in cui i dati rimangono memorizzati nel terminale e possono essere consultati ed elaborati per un periodo definito dal responsabile del cookie, che pu\u00f2 variare da pochi minuti a diversi anni.<\/li><\/ul><p><strong>TRATTAMENTO DEI DATI PERSONALI<\/strong><\/p><p>ALTAIR NAUTICA SL \u00e8 il Titolare del trattamento dei dati personali dell&#8217;Interessato e la informa che tali dati saranno trattati in conformit\u00e0 alle disposizioni del Regolamento (UE) 2016\/679 del 27 aprile 2016 (GDPR), pertanto le vengono fornite le seguenti informazioni sul trattamento:<\/p><p><strong>Finalit\u00e0 del trattamento:<\/strong> come specificato nella sezione relativa ai cookie utilizzati in questo sito web.<\/p><p><strong>Legittimazione del trattamento:<\/strong> salvo i casi in cui sia necessario per la navigazione del sito web, con il consenso dell&#8217;interessato (art. 6.1 GDPR).<\/p><p><strong>Criteri di conservazione dei dati:<\/strong> come specificato nella sezione relativa ai cookie utilizzati sul sito web.<\/p><p><strong>Comunicazione dei dati:<\/strong> i dati non saranno comunicati a terzi, salvo il caso di cookie di propriet\u00e0 di terzi o per obbligo di legge.<\/p><p><strong>Diritti dell&#8217;interessato:<\/strong><\/p><p>&#8211; Diritto di ritirare il consenso in qualsiasi momento.<br \/>&#8211; Diritto di accesso, rettifica, portabilit\u00e0 e cancellazione dei propri dati, nonch\u00e9 di limitare o opporsi al loro trattamento.<br \/>&#8211; Il diritto di proporre reclamo all&#8217;autorit\u00e0 di controllo (www.aepd.es) qualora ritenga che il trattamento non sia conforme alla normativa vigente.<\/p><p><strong>Informazioni di contatto per l&#8217;esercizio dei diritti:<\/strong><\/p><p>ALTAIR NAUTICA SL. Calle Sant Jaime, N\u00ba39 4-1, &#8211; 07840 Santa Eulalia Del Rio (Illes Balears). E-mail: info@ibizajetskibeach.com<\/p><p><strong>COOKIE UTILIZZATI IN QUESTO SITO WEB<\/strong><\/p>\t\t\t\t\t\t\t\t<\/div>\n\t\t\t\t<\/div>\n\t\t\t\t<div class=\"elementor-element elementor-element-63fcac5 elementor-widget elementor-widget-text-editor\" data-id=\"63fcac5\" data-element_type=\"widget\" data-e-type=\"widget\" data-widget_type=\"text-editor.default\">\n\t\t\t\t<div class=\"elementor-widget-container\">\n\t\t\t\t\t\t\t\t\t<p><strong>COOKIE CONTROLLATI DALL&#8217;EDITORE<\/strong><\/p><p><strong>Tecnico e funzionale<\/strong><\/p><table><tbody><tr><td><strong>Propriet\u00e0<\/strong><\/td><td><strong>Cookie<\/strong><\/td><td><strong>Scopo<\/strong><\/td><td><strong>Termine<\/strong><\/td><\/tr><tr><td>google.com<\/td><td><strong>_GRECAPTCHA<\/strong><\/td><td>Cookie necessario per l&#8217;utilizzo delle opzioni e dei servizi del sito web<\/td><td>in 6 mesi<\/td><\/tr><tr><td>google.com<\/td><td><strong>AEC<\/strong><\/td><td>Cookie necessario per l&#8217;utilizzo delle opzioni e dei servizi del sito web<\/td><td>in 6 mesi<\/td><\/tr><tr><td>google.com<\/td><td><strong>CONSENT<\/strong><\/td><td>Tracciamento del consenso ai cookie di Google<\/td><td>in 2 anni<\/td><\/tr><tr><td>google.com<\/td><td><strong>SOCS<\/strong><\/td><td>Cookie necessario per l&#8217;utilizzo delle opzioni e dei servizi del sito web<\/td><td>in un anno<\/td><\/tr><tr><td>ladyvirginiaibiza.com<\/td><td><strong>_ga_E0HHBVEK1G<\/strong><\/td><td>Cookie necessario per l&#8217;utilizzo delle opzioni e dei servizi del sito web<\/td><td>in 2 anni<\/td><\/tr><tr><td>ladyvirginiaibiza.com<\/td><td><strong>_gat_UA-230976938-1<\/strong><\/td><td>Cookie necessario per l&#8217;utilizzo delle opzioni e dei servizi del sito web<\/td><td>Sessione<\/td><\/tr><tr><td>ladyvirginiaibiza.com<\/td><td><strong>GetLocalTimeZone<\/strong><\/td><td>Cookie necessario per l&#8217;utilizzo delle opzioni e dei servizi del sito web<\/td><td>Sessione<\/td><\/tr><tr><td>ladyvirginiaibiza.com<\/td><td><strong>wp-wpml_current_language<\/strong><\/td><td>Cookie necessario per l&#8217;utilizzo delle opzioni e dei servizi del sito web<\/td><td>Sessione<\/td><\/tr><\/tbody><\/table><p><strong>Analisi<\/strong><\/p><table><tbody><tr><td><strong>Propriet\u00e0<\/strong><\/td><td><strong>Cookie<\/strong><\/td><td><strong>Scopo<\/strong><\/td><td><strong>Termine<\/strong><\/td><\/tr><tr><td>ladyvirginiaibiza.com<\/td><td><strong>_ga<\/strong><\/td><td>ID utilizzato per identificare gli utenti<\/td><td>in 2 anni<\/td><\/tr><tr><td>ladyvirginiaibiza.com<\/td><td><strong>_gid<\/strong><\/td><td>ID utilizzato per identificare gli utenti per 24 ore dopo l&#8217;ultima attivit\u00e0.<\/td><td>in 20 ore<\/td><\/tr><\/tbody><\/table><p><strong>Pubblicit\u00e0<\/strong><\/p><table><tbody><tr><td><strong>Propriet\u00e0<\/strong><\/td><td><strong>Cookie<\/strong><\/td><td><strong>Scopo<\/strong><\/td><td><strong>Termine<\/strong><\/td><\/tr><tr><td>google.com<\/td><td><strong>1P_JAR<\/strong><\/td><td>Questi cookie vengono impostati attraverso i video di youtube incorporati. Registrano dati statistici anonimi relativi, ad esempio, al numero di riproduzioni del video e alle impostazioni utilizzate per la riproduzione.<\/td><td>in 24 giorni<\/td><\/tr><tr><td>google.com<\/td><td><strong>NID<\/strong><\/td><td>Questi cookie vengono utilizzati per raccogliere statistiche sul sito web e tracciare i tassi di conversione e il targeting degli annunci di Google.<\/td><td>in 6 mesi<\/td><\/tr><tr><td>google.com<\/td><td><strong>OTZ<\/strong><\/td><td>Analisi aggregata dei visitatori del sito<\/td><td>in 24 giorni<\/td><\/tr><\/tbody><\/table><p><strong>COOKIE DI TERZE PARTI<\/strong><\/p><p>I servizi di terze parti non sono controllabili dall&#8217;editore. I fornitori possono modificare in qualsiasi momento i loro termini di servizio, lo scopo e l&#8217;uso dei cookie, ecc.<\/p><p><strong>Fornitori esterni di questo sito web:<\/strong><\/p><table><tbody><tr><td><strong>Editore<\/strong><\/td><td><p><strong>Informativa sulla privacy<\/strong><\/p><p><a href=\"https:\/\/privacy.google.com\/take-control.html\" target=\"_blank\" rel=\"noopener\">Google Analytics<\/a><a href=\"https:\/\/privacy.google.com\/take-control.html\" target=\"_blank\" rel=\"noopener\">Google<\/a><\/p><\/td><\/tr><tr><td>Google Analytics<\/td><td><a href=\"https:\/\/privacy.google.com\/take-control.html\" target=\"_blank\" rel=\"noopener\">https:\/\/privacy.google.com\/take-control.html<\/a><\/td><\/tr><tr><td>Google<\/td><td><a href=\"https:\/\/privacy.google.com\/take-control.html\" target=\"_blank\" rel=\"noopener\">https:\/\/privacy.google.com\/take-control.html<\/a><\/td><\/tr><\/tbody><\/table><table><tbody><tr><td><strong>PANNELLO DI CONFIGURAZIONE DEI COOKIE<\/strong><\/td><\/tr><\/tbody><\/table><p>Da questo pannello \u00e8 possibile configurare i cookie che il sito web pu\u00f2 installare sul browser dell&#8217;utente, ad eccezione dei cookie tecnici o funzionali che sono necessari per la navigazione e l&#8217;utilizzo delle diverse opzioni o servizi offerti.<\/p><p><strong>Errore! Riferimento di collegamento ipertestuale non valido.<\/strong><\/p><table><tbody><tr><td colspan=\"2\"><strong>COME GESTIRE I COOKIE DAL BROWSER<\/strong><\/td><\/tr><tr><td><strong>Eliminare i cookie dal dispositivo<\/strong><\/td><td>I cookie gi\u00e0 presenti su un dispositivo possono essere eliminati cancellando la cronologia del browser, che cancella i cookie di tutti i siti web visitati.<br \/>Tuttavia, alcune delle informazioni salvate (ad esempio i dati di accesso o le preferenze del sito web) potrebbero andare perse.<\/td><\/tr><tr><td><strong>Gestione dei cookie specifici del sito<\/strong><\/td><td>Per avere un controllo pi\u00f9 preciso sui cookie specifici del sito, gli utenti possono regolare le impostazioni sulla privacy e sui cookie nel proprio browser.<\/td><\/tr><tr><td><strong>Blocco dei cookie<\/strong><\/td><td>Sebbene la maggior parte dei browser moderni possa essere impostata in modo da impedire l&#8217;installazione di cookie sul dispositivo dell&#8217;utente, ci\u00f2 potrebbe richiedere la regolazione manuale di alcune preferenze ogni volta che si visita un sito o una pagina. Inoltre, alcuni servizi e funzionalit\u00e0 potrebbero non funzionare correttamente (ad esempio, i login profilati).<\/td><\/tr><\/tbody><\/table><table><tbody><tr><td colspan=\"2\">COME CANCELLARE I COOKIE DAI BROWSER PI\u00d9 COMUNI<\/td><\/tr><tr><td>Chrome<\/td><td><a href=\"http:\/\/support.google.com\/chrome\/answer\/95647?hl=es\" target=\"_blank\" rel=\"noopener\"><span style=\"color: #3a3a3a;\">http:\/\/support.google.com\/chrome\/answer\/95647?hl=es<\/span><\/a><\/td><\/tr><tr><td>Edge<\/td><td><a href=\"https:\/\/support.microsoft.com\/es-es\/microsoft-edge\/eliminar-las-cookies-en-microsoft-edge-63947406-40ac-c3b8-57b9-2a946a29ae09\" target=\"_blank\" rel=\"noopener\"><span style=\"color: #3a3a3a;\">https:\/\/support.microsoft.com\/es-es\/microsoft-edge\/eliminar-las-cookies-en-microsoft-edge-63947406-40ac-c3b8-57b9-2a946a29ae09<\/span><\/a><\/td><\/tr><tr><td>Explorer<\/td><td><a href=\"https:\/\/support.microsoft.com\/es-es\/help\/278835\/how-to-delete-cookie-files-in-internet-explorer\" target=\"_blank\" rel=\"noopener\"><span style=\"color: #3a3a3a;\">https:\/\/support.microsoft.com\/es-es\/help\/278835\/how-to-delete-cookie-files-in-internet-explorer<\/span><\/a><\/td><\/tr><tr><td>Firefox<\/td><td><a href=\"https:\/\/www.mozilla.org\/es-ES\/privacy\/websites\/#cookies\" target=\"_blank\" rel=\"noopener\"><span style=\"color: #3a3a3a;\">https:\/\/www.mozilla.org\/es-ES\/privacy\/websites\/#cookies<\/span><\/a><\/td><\/tr><tr><td>Safari<\/td><td><a href=\"https:\/\/support.apple.com\/es-es\/guide\/safari\/sfri11471\/mac\" target=\"_blank\" rel=\"noopener\"><span style=\"color: #3a3a3a;\">https:\/\/support.apple.com\/es-es\/guide\/safari\/sfri11471\/mac<\/span><\/a><\/td><\/tr><tr><td>Opera<\/td><td><a href=\"https:\/\/help.opera.com\/en\/latest\/security-and-privacy\/#clearBrowsingData\" target=\"_blank\" rel=\"noopener\"><span style=\"color: #3a3a3a;\">https:\/\/help.opera.com\/en\/latest\/security-and-privacy\/#clearBrowsingData<\/span><\/a><\/td><\/tr><\/tbody><\/table>\t\t\t\t\t\t\t\t<\/div>\n\t\t\t\t<\/div>\n\t\t\t\t\t<\/div>\n\t\t<\/div>\n\t\t\t\t\t<\/div>\n\t\t<\/section>\n\t\t\t\t<\/div>\n\t\t","protected":false},"excerpt":{"rendered":"<p>POLITICA DEI COOKIE INFORMAZIONI SUI COOKIE In conformit\u00e0 alla Legge 34\/2002, dell&#8217;11 luglio, sui servizi della societ\u00e0 dell&#8217;informazione e del commercio elettronico (LSSI), in relazione al Regolamento (UE) 2016\/679 del Parlamento europeo e del Consiglio, del 27 aprile 2016, Regolamento generale sulla protezione dei dati (GDPR) e alla Legge organica 3\/2018, del 5 dicembre, sulla [&hellip;]<\/p>\n","protected":false},"author":1,"featured_media":0,"parent":0,"menu_order":0,"comment_status":"closed","ping_status":"closed","template":"","meta":{"_acf_changed":false,"site-sidebar-layout":"no-sidebar","site-content-layout":"page-builder","ast-site-content-layout":"default","site-content-style":"default","site-sidebar-style":"default","ast-global-header-display":"","ast-banner-title-visibility":"","ast-main-header-display":"","ast-hfb-above-header-display":"","ast-hfb-below-header-display":"","ast-hfb-mobile-header-display":"","site-post-title":"disabled","ast-breadcrumbs-content":"","ast-featured-img":"disabled","footer-sml-layout":"","ast-disable-related-posts":"","theme-transparent-header-meta":"","adv-header-id-meta":"","stick-header-meta":"","header-above-stick-meta":"","header-main-stick-meta":"","header-below-stick-meta":"","astra-migrate-meta-layouts":"default","ast-page-background-enabled":"default","ast-page-background-meta":{"desktop":{"background-color":"","background-image":"","background-repeat":"repeat","background-position":"center center","background-size":"auto","background-attachment":"scroll","background-type":"","background-media":"","overlay-type":"","overlay-color":"","overlay-opacity":"","overlay-gradient":""},"tablet":{"background-color":"","background-image":"","background-repeat":"repeat","background-position":"center center","background-size":"auto","background-attachment":"scroll","background-type":"","background-media":"","overlay-type":"","overlay-color":"","overlay-opacity":"","overlay-gradient":""},"mobile":{"background-color":"","background-image":"","background-repeat":"repeat","background-position":"center center","background-size":"auto","background-attachment":"scroll","background-type":"","background-media":"","overlay-type":"","overlay-color":"","overlay-opacity":"","overlay-gradient":""}},"ast-content-background-meta":{"desktop":{"background-color":"var(--ast-global-color-5)","background-image":"","background-repeat":"repeat","background-position":"center center","background-size":"auto","background-attachment":"scroll","background-type":"","background-media":"","overlay-type":"","overlay-color":"","overlay-opacity":"","overlay-gradient":""},"tablet":{"background-color":"var(--ast-global-color-5)","background-image":"","background-repeat":"repeat","background-position":"center center","background-size":"auto","background-attachment":"scroll","background-type":"","background-media":"","overlay-type":"","overlay-color":"","overlay-opacity":"","overlay-gradient":""},"mobile":{"background-color":"var(--ast-global-color-5)","background-image":"","background-repeat":"repeat","background-position":"center center","background-size":"auto","background-attachment":"scroll","background-type":"","background-media":"","overlay-type":"","overlay-color":"","overlay-opacity":"","overlay-gradient":""}},"_joinchat":[],"footnotes":""},"class_list":["post-4621","page","type-page","status-publish","hentry"],"acf":[],"_links":{"self":[{"href":"https:\/\/ladyvirginiaibiza.com\/it\/wp-json\/wp\/v2\/pages\/4621","targetHints":{"allow":["GET"]}}],"collection":[{"href":"https:\/\/ladyvirginiaibiza.com\/it\/wp-json\/wp\/v2\/pages"}],"about":[{"href":"https:\/\/ladyvirginiaibiza.com\/it\/wp-json\/wp\/v2\/types\/page"}],"author":[{"embeddable":true,"href":"https:\/\/ladyvirginiaibiza.com\/it\/wp-json\/wp\/v2\/users\/1"}],"replies":[{"embeddable":true,"href":"https:\/\/ladyvirginiaibiza.com\/it\/wp-json\/wp\/v2\/comments?post=4621"}],"version-history":[{"count":0,"href":"https:\/\/ladyvirginiaibiza.com\/it\/wp-json\/wp\/v2\/pages\/4621\/revisions"}],"wp:attachment":[{"href":"https:\/\/ladyvirginiaibiza.com\/it\/wp-json\/wp\/v2\/media?parent=4621"}],"curies":[{"name":"wp","href":"https:\/\/api.w.org\/{rel}","templated":true}]}}