{"id":4503,"date":"2022-06-29T07:00:56","date_gmt":"2022-06-29T07:00:56","guid":{"rendered":"https:\/\/ladyvirginiaibiza.com\/aviso-legal\/"},"modified":"2022-06-30T08:57:37","modified_gmt":"2022-06-30T08:57:37","slug":"avviso-legale","status":"publish","type":"page","link":"https:\/\/ladyvirginiaibiza.com\/it\/avviso-legale\/","title":{"rendered":"Avviso legale"},"content":{"rendered":"\t\t<div data-elementor-type=\"wp-page\" data-elementor-id=\"4503\" class=\"elementor elementor-4503 elementor-4342\" data-elementor-post-type=\"page\">\n\t\t\t\t\t\t<section class=\"elementor-section elementor-top-section elementor-element elementor-element-f9e3e97 elementor-section-content-middle elementor-section-boxed elementor-section-height-default elementor-section-height-default\" data-id=\"f9e3e97\" data-element_type=\"section\" data-e-type=\"section\" data-settings=\"{&quot;background_background&quot;:&quot;classic&quot;}\">\n\t\t\t\t\t\t\t<div class=\"elementor-background-overlay\"><\/div>\n\t\t\t\t\t\t\t<div class=\"elementor-container elementor-column-gap-no\">\n\t\t\t\t\t<div class=\"elementor-column elementor-col-100 elementor-top-column elementor-element elementor-element-5581b84\" data-id=\"5581b84\" data-element_type=\"column\" data-e-type=\"column\">\n\t\t\t<div class=\"elementor-widget-wrap elementor-element-populated\">\n\t\t\t\t\t\t<div class=\"elementor-element elementor-element-e790cc9 elementor-widget elementor-widget-heading\" data-id=\"e790cc9\" data-element_type=\"widget\" data-e-type=\"widget\" data-widget_type=\"heading.default\">\n\t\t\t\t<div class=\"elementor-widget-container\">\n\t\t\t\t\t<h1 class=\"elementor-heading-title elementor-size-default\">AVVISO LEGALE<\/h1>\t\t\t\t<\/div>\n\t\t\t\t<\/div>\n\t\t\t\t\t<\/div>\n\t\t<\/div>\n\t\t\t\t\t<\/div>\n\t\t<\/section>\n\t\t\t\t<section class=\"elementor-section elementor-top-section elementor-element elementor-element-75cb882 elementor-section-content-middle elementor-section-boxed elementor-section-height-default elementor-section-height-default\" data-id=\"75cb882\" data-element_type=\"section\" data-e-type=\"section\">\n\t\t\t\t\t\t<div class=\"elementor-container elementor-column-gap-no\">\n\t\t\t\t\t<div class=\"elementor-column elementor-col-100 elementor-top-column elementor-element elementor-element-257a0ef\" data-id=\"257a0ef\" data-element_type=\"column\" data-e-type=\"column\">\n\t\t\t<div class=\"elementor-widget-wrap elementor-element-populated\">\n\t\t\t\t\t\t<div class=\"elementor-element elementor-element-2cb6afd elementor-widget elementor-widget-text-editor\" data-id=\"2cb6afd\" data-element_type=\"widget\" data-e-type=\"widget\" data-widget_type=\"text-editor.default\">\n\t\t\t\t<div class=\"elementor-widget-container\">\n\t\t\t\t\t\t\t\t\t<p><strong>LEGGE SUI SERVIZI DELLA SOCIET\u00c0 DELL&#8217;INFORMAZIONE (LSSI)<\/strong><br \/><br \/><strong>ALTAIR NAUTICA SL<\/strong>, responsabile del sito web, di seguito RESPONSABILE, mette a disposizione degli utenti il presente documento, con il quale intende adempiere agli obblighi previsti dalla Legge 34\/2002, dell&#8217;11 luglio, sui Servizi della Societ\u00e0 dell&#8217;Informazione e del Commercio Elettronico (LSSICE), BOE n. 166, nonch\u00e9 informare tutti gli utenti del sito web sulle condizioni di utilizzo.<\/p><p>Chiunque acceda a questo sito web assume il ruolo di utente, impegnandosi all&#8217;osservanza e al rigoroso rispetto delle disposizioni del presente documento, nonch\u00e9 di qualsiasi altra disposizione di legge applicabile.<\/p><p><strong>ALTAIR NAUTICA SL<\/strong> si riserva il diritto di modificare qualsiasi tipo di informazione che possa apparire sul sito web, senza alcun obbligo di preavviso o di informazione agli utenti, intendendo come sufficiente la pubblicazione sul sito web di ALTAIR NAUTICA SL.<\/p><p><strong>1. DATI IDENTIFICATIVI<\/strong><\/p><p>Nome di dominio: ladyvirginiaibiza.com<br \/>Nome commerciale: LADY VIRGINIA IBIZA<br \/>Nome della societ\u00e0: ALTAIR NAUTICA SL<br \/>CODICE FISCALE: B07820509<br \/>Sede legale: Calle Sant Jaime, N\u00ba39 4-1, 07840 Santa Eulalia Del Rio (Illes Balears)<br \/>Telefono: 645871590<br \/>E-mail: info@ladyvirginiaibiza.com<\/p><p><strong>2. DIRITTI DI PROPRIET\u00c0 INTELLETTUALE E INDUSTRIALE<\/strong><\/p><p>Il sito web, compresi, a titolo esemplificativo e non esaustivo, la programmazione, la redazione, la compilazione e gli altri elementi necessari al suo funzionamento, i disegni, i loghi, i testi e\/o la grafica, sono di propriet\u00e0 della PARTE RESPONSABILE o, se del caso, dispone di una licenza o di un&#8217;autorizzazione espressa da parte degli autori. Tutti i contenuti del sito sono debitamente protetti dalle norme sulla propriet\u00e0 intellettuale e industriale, nonch\u00e9 registrati nei corrispondenti registri pubblici.<\/p><p>Indipendentemente dallo scopo per cui sono stati concepiti, la riproduzione totale o parziale, l&#8217;uso, lo sfruttamento, la distribuzione e la commercializzazione richiedono in ogni caso la previa autorizzazione scritta del RESPONSABILE. Qualsiasi utilizzo non autorizzato \u00e8 considerato una grave violazione dei diritti di propriet\u00e0 intellettuale o industriale dell&#8217;autore.<\/p><p>I disegni, i loghi, i testi e\/o la grafica che non appartengono al RESPONSABILE e che possono apparire sul sito web appartengono ai rispettivi proprietari, che sono essi stessi responsabili di ogni possibile controversia che possa sorgere in relazione ad essi. Il RESPONSABILE autorizza espressamente i terzi a reindirizzare direttamente ai contenuti specifici del sito, e in ogni caso a reindirizzare al sito principale di ladyvirginiaibiza.com.<\/p><p>Il RESPONSABILE riconosce a favore dei loro proprietari i corrispondenti diritti di propriet\u00e0 intellettuale e industriale, e la loro semplice menzione o apparizione sul sito web non implica l&#8217;esistenza di alcun diritto o responsabilit\u00e0 su di essi, n\u00e9 alcun avallo, sponsorizzazione o raccomandazione da parte dello stesso.<br \/>Per qualsiasi tipo di osservazione su eventuali violazioni dei diritti di propriet\u00e0 intellettuale o industriale, nonch\u00e9 su qualsiasi contenuto del sito web, \u00e8 possibile inviare un&#8217;e-mail a info@ladyvirginiaibiza.com.<\/p><p><strong>3. ESENZIONE DI RESPONSABILIT\u00c0<\/strong><\/p><p>Il RESPONSABILE \u00e8 esonerato da qualsiasi tipo di responsabilit\u00e0 derivante dalle informazioni pubblicate sul suo sito web, a condizione che non sia effettivamente a conoscenza del fatto che tali informazioni siano state manipolate o introdotte da terzi esterni allo stesso o, se lo \u00e8 stato, abbia agito diligentemente per rimuovere i dati o rendere impossibile l&#8217;accesso agli stessi.<\/p><p><strong>Utilizzo dei cookie<\/strong><\/p><p>Questo sito web pu\u00f2 utilizzare cookie tecnici (piccoli file informativi che il server invia al computer di chi accede alla pagina) per svolgere alcune funzioni ritenute essenziali per il corretto funzionamento e la visualizzazione del sito. I cookie utilizzati sono comunque di natura temporanea, al solo scopo di rendere pi\u00f9 efficiente la navigazione, e scompaiono al termine della sessione dell&#8217;utente. In nessun caso questi cookie forniscono di per s\u00e9 dati personali e non saranno utilizzati per raccogliere tali dati.<\/p><p>Attraverso l&#8217;uso dei cookie \u00e8 inoltre possibile che il server su cui si trova il sito riconosca il browser utilizzato dall&#8217;utente per facilitare la navigazione, consentendo, ad esempio, agli utenti che si sono precedentemente registrati di accedere alle aree, ai servizi, alle promozioni o ai concorsi riservati esclusivamente a loro senza doversi registrare a ogni visita. Possono anche essere utilizzati per misurare l&#8217;audience, i parametri di traffico, controllare l&#8217;andamento e il numero delle iscrizioni, ecc. Questo sito web non installer\u00e0 cookie dispensabili senza il preventivo consenso dell&#8217;utente.<\/p><p>Questo sito web utilizza cookie propri e di terze parti per scopi analitici e per mostrarvi pubblicit\u00e0 personalizzata basata su un profilo elaborato in base alle vostre abitudini di navigazione (ad esempio, le pagine visitate). Tutti gli utenti che visitano il sito web sono informati dell&#8217;utilizzo di questi cookie mediante un banner fluttuante. Se accettate il loro utilizzo, il banner scomparir\u00e0, anche se potete revocare il vostro consenso in qualsiasi momento e ottenere maggiori informazioni consultando la nostra Politica sui cookie.<\/p><p>L&#8217;utente ha la possibilit\u00e0 di configurare il proprio browser per essere avvisato della ricezione dei cookie e per impedirne l&#8217;installazione sul proprio computer. Per ulteriori informazioni, consultare le istruzioni del browser.<\/p><p><strong>Politica dei link<\/strong><\/p><p>Dal sito web, potreste essere reindirizzati a contenuti di siti web di terzi. Poich\u00e9 il RESPONSABILE non pu\u00f2 sempre controllare i contenuti introdotti da terzi nei rispettivi siti web, non si assume alcun tipo di responsabilit\u00e0 rispetto a tali contenuti. In ogni caso, proceder\u00e0 all&#8217;immediata rimozione di qualsiasi contenuto che possa contravvenire alla legislazione nazionale o internazionale, al buon costume o all&#8217;ordine pubblico, procedendo all&#8217;immediato ritiro del reindirizzamento a tale sito web, informando le autorit\u00e0 competenti del contenuto in questione.<\/p><p>Il RESPONSABILE non \u00e8 responsabile delle informazioni e dei contenuti memorizzati, inclusi, ma non limitati a, forum, chat, generatori di blog, commenti, social network o qualsiasi altro mezzo che permetta a terzi di pubblicare contenuti in modo indipendente sul sito web del RESPONSABILE. Tuttavia, in conformit\u00e0 con le disposizioni degli articoli 11 e 16 della LSSICE, si mette a disposizione di tutti gli utenti, delle autorit\u00e0 e delle forze di sicurezza, collaborando attivamente alla rimozione o, se del caso, al blocco di tutti i contenuti che possono pregiudicare o contravvenire alla legislazione nazionale o internazionale, ai diritti di terzi o al buon costume e all&#8217;ordine pubblico. Nel caso in cui l&#8217;utente ritenga che sul sito web siano presenti contenuti suscettibili di questa classificazione, \u00e8 pregato di comunicarlo immediatamente all&#8217;amministratore del sito.<\/p><p>Questo sito web \u00e8 stato controllato e testato per garantirne il corretto funzionamento. In linea di principio, \u00e8 possibile garantire il corretto funzionamento 365 giorni all&#8217;anno, 24 ore al giorno. Tuttavia, il RESPONSABILE non esclude la possibilit\u00e0 di alcuni errori di programmazione o il verificarsi di cause di forza maggiore, disastri naturali, scioperi o circostanze simili che rendano impossibile l&#8217;accesso al sito web.<\/p><p><strong>Indirizzi IP<\/strong><\/p><p>I server del sito web saranno in grado di rilevare automaticamente l&#8217;indirizzo IP e il nome di dominio utilizzati dall&#8217;utente. L&#8217;indirizzo IP \u00e8 un numero assegnato automaticamente a un computer quando si connette a Internet. Tutte queste informazioni vengono registrate in un file di attivit\u00e0 del server debitamente registrato che consente la successiva elaborazione dei dati per ottenere misurazioni puramente statistiche che permettono di conoscere il numero di impressioni di pagina, il numero di visite effettuate ai server web, l&#8217;ordine delle visite, il punto di accesso, ecc.<\/p><p><strong>4. LEGGE APPLICABILE E GIURISDIZIONE<\/strong><\/p><p>Per la risoluzione di tutte le controversie o questioni relative al presente sito web o alle attivit\u00e0 in esso svolte, si applicher\u00e0 la legge spagnola, alla quale le parti si sottomettono espressamente, e le Corti e i Tribunali del domicilio dell&#8217;UTENTE o del luogo di adempimento dell&#8217;obbligo saranno competenti per la risoluzione di tutte le controversie derivanti o connesse al suo utilizzo.<\/p>\t\t\t\t\t\t\t\t<\/div>\n\t\t\t\t<\/div>\n\t\t\t\t\t<\/div>\n\t\t<\/div>\n\t\t\t\t\t<\/div>\n\t\t<\/section>\n\t\t\t\t<\/div>\n\t\t","protected":false},"excerpt":{"rendered":"<p>AVVISO LEGALE LEGGE SUI SERVIZI DELLA SOCIET\u00c0 DELL&#8217;INFORMAZIONE (LSSI) ALTAIR NAUTICA SL, responsabile del sito web, di seguito RESPONSABILE, mette a disposizione degli utenti il presente documento, con il quale intende adempiere agli obblighi previsti dalla Legge 34\/2002, dell&#8217;11 luglio, sui Servizi della Societ\u00e0 dell&#8217;Informazione e del Commercio Elettronico (LSSICE), BOE n. 166, nonch\u00e9 informare [&hellip;]<\/p>\n","protected":false},"author":1,"featured_media":0,"parent":0,"menu_order":0,"comment_status":"closed","ping_status":"closed","template":"","meta":{"_acf_changed":false,"site-sidebar-layout":"no-sidebar","site-content-layout":"page-builder","ast-site-content-layout":"default","site-content-style":"default","site-sidebar-style":"default","ast-global-header-display":"","ast-banner-title-visibility":"","ast-main-header-display":"","ast-hfb-above-header-display":"","ast-hfb-below-header-display":"","ast-hfb-mobile-header-display":"","site-post-title":"disabled","ast-breadcrumbs-content":"","ast-featured-img":"disabled","footer-sml-layout":"","ast-disable-related-posts":"","theme-transparent-header-meta":"","adv-header-id-meta":"","stick-header-meta":"","header-above-stick-meta":"","header-main-stick-meta":"","header-below-stick-meta":"","astra-migrate-meta-layouts":"default","ast-page-background-enabled":"default","ast-page-background-meta":{"desktop":{"background-color":"","background-image":"","background-repeat":"repeat","background-position":"center center","background-size":"auto","background-attachment":"scroll","background-type":"","background-media":"","overlay-type":"","overlay-color":"","overlay-opacity":"","overlay-gradient":""},"tablet":{"background-color":"","background-image":"","background-repeat":"repeat","background-position":"center center","background-size":"auto","background-attachment":"scroll","background-type":"","background-media":"","overlay-type":"","overlay-color":"","overlay-opacity":"","overlay-gradient":""},"mobile":{"background-color":"","background-image":"","background-repeat":"repeat","background-position":"center center","background-size":"auto","background-attachment":"scroll","background-type":"","background-media":"","overlay-type":"","overlay-color":"","overlay-opacity":"","overlay-gradient":""}},"ast-content-background-meta":{"desktop":{"background-color":"var(--ast-global-color-5)","background-image":"","background-repeat":"repeat","background-position":"center center","background-size":"auto","background-attachment":"scroll","background-type":"","background-media":"","overlay-type":"","overlay-color":"","overlay-opacity":"","overlay-gradient":""},"tablet":{"background-color":"var(--ast-global-color-5)","background-image":"","background-repeat":"repeat","background-position":"center center","background-size":"auto","background-attachment":"scroll","background-type":"","background-media":"","overlay-type":"","overlay-color":"","overlay-opacity":"","overlay-gradient":""},"mobile":{"background-color":"var(--ast-global-color-5)","background-image":"","background-repeat":"repeat","background-position":"center center","background-size":"auto","background-attachment":"scroll","background-type":"","background-media":"","overlay-type":"","overlay-color":"","overlay-opacity":"","overlay-gradient":""}},"_joinchat":[],"footnotes":""},"class_list":["post-4503","page","type-page","status-publish","hentry"],"acf":[],"_links":{"self":[{"href":"https:\/\/ladyvirginiaibiza.com\/it\/wp-json\/wp\/v2\/pages\/4503","targetHints":{"allow":["GET"]}}],"collection":[{"href":"https:\/\/ladyvirginiaibiza.com\/it\/wp-json\/wp\/v2\/pages"}],"about":[{"href":"https:\/\/ladyvirginiaibiza.com\/it\/wp-json\/wp\/v2\/types\/page"}],"author":[{"embeddable":true,"href":"https:\/\/ladyvirginiaibiza.com\/it\/wp-json\/wp\/v2\/users\/1"}],"replies":[{"embeddable":true,"href":"https:\/\/ladyvirginiaibiza.com\/it\/wp-json\/wp\/v2\/comments?post=4503"}],"version-history":[{"count":0,"href":"https:\/\/ladyvirginiaibiza.com\/it\/wp-json\/wp\/v2\/pages\/4503\/revisions"}],"wp:attachment":[{"href":"https:\/\/ladyvirginiaibiza.com\/it\/wp-json\/wp\/v2\/media?parent=4503"}],"curies":[{"name":"wp","href":"https:\/\/api.w.org\/{rel}","templated":true}]}}