{"id":4619,"date":"2022-06-29T07:25:27","date_gmt":"2022-06-29T07:25:27","guid":{"rendered":"https:\/\/ladyvirginiaibiza.com\/politica-de-cookies\/"},"modified":"2022-07-04T11:42:31","modified_gmt":"2022-07-04T11:42:31","slug":"politique-de-cookies","status":"publish","type":"page","link":"https:\/\/ladyvirginiaibiza.com\/fr\/politique-de-cookies\/","title":{"rendered":"Politique de cookies"},"content":{"rendered":"\t\t<div data-elementor-type=\"wp-page\" data-elementor-id=\"4619\" class=\"elementor elementor-4619 elementor-4368\" data-elementor-post-type=\"page\">\n\t\t\t\t\t\t<section class=\"elementor-section elementor-top-section elementor-element elementor-element-142316a elementor-section-content-middle elementor-section-boxed elementor-section-height-default elementor-section-height-default\" data-id=\"142316a\" data-element_type=\"section\" data-e-type=\"section\" data-settings=\"{&quot;background_background&quot;:&quot;classic&quot;}\">\n\t\t\t\t\t\t\t<div class=\"elementor-background-overlay\"><\/div>\n\t\t\t\t\t\t\t<div class=\"elementor-container elementor-column-gap-no\">\n\t\t\t\t\t<div class=\"elementor-column elementor-col-100 elementor-top-column elementor-element elementor-element-e1eeebd\" data-id=\"e1eeebd\" data-element_type=\"column\" data-e-type=\"column\">\n\t\t\t<div class=\"elementor-widget-wrap elementor-element-populated\">\n\t\t\t\t\t\t<div class=\"elementor-element elementor-element-cb6cd07 elementor-widget elementor-widget-heading\" data-id=\"cb6cd07\" data-element_type=\"widget\" data-e-type=\"widget\" data-widget_type=\"heading.default\">\n\t\t\t\t<div class=\"elementor-widget-container\">\n\t\t\t\t\t<h1 class=\"elementor-heading-title elementor-size-default\">POLITIQUE DE COOKIES<\/h1>\t\t\t\t<\/div>\n\t\t\t\t<\/div>\n\t\t\t\t\t<\/div>\n\t\t<\/div>\n\t\t\t\t\t<\/div>\n\t\t<\/section>\n\t\t\t\t<section class=\"elementor-section elementor-top-section elementor-element elementor-element-4435674 elementor-section-content-middle elementor-section-boxed elementor-section-height-default elementor-section-height-default\" data-id=\"4435674\" data-element_type=\"section\" data-e-type=\"section\">\n\t\t\t\t\t\t<div class=\"elementor-container elementor-column-gap-no\">\n\t\t\t\t\t<div class=\"elementor-column elementor-col-100 elementor-top-column elementor-element elementor-element-6e1b960\" data-id=\"6e1b960\" data-element_type=\"column\" data-e-type=\"column\">\n\t\t\t<div class=\"elementor-widget-wrap elementor-element-populated\">\n\t\t\t\t\t\t<div class=\"elementor-element elementor-element-4a9446c elementor-widget elementor-widget-text-editor\" data-id=\"4a9446c\" data-element_type=\"widget\" data-e-type=\"widget\" data-widget_type=\"text-editor.default\">\n\t\t\t\t<div class=\"elementor-widget-container\">\n\t\t\t\t\t\t\t\t\t<ol><li><strong>INFORMATIONS SUR LES COOKIES<\/strong><\/li><\/ol><p>Conform\u00e9ment \u00e0 la loi 34\/2002, du 11 juillet, sur les services de la soci\u00e9t\u00e9 de l&rsquo;information et le commerce \u00e9lectronique (LSSI), en relation avec le r\u00e8glement (UE) 2016\/679 du Parlement europ\u00e9en et du Conseil, du 27 avril 2016, R\u00e8glement g\u00e9n\u00e9ral sur la protection des donn\u00e9es (RGPD) et la loi organique 3\/2018, du 5 d\u00e9cembre, sur la protection des donn\u00e9es et la garantie des droits num\u00e9riques (LOPDGDD), il est obligatoire d&rsquo;obtenir le consentement expr\u00e8s de l&rsquo;utilisateur de tous les sites web qui utilisent des cookies dispensables, avant que l&rsquo;utilisateur ne les navigue.<\/p><p><strong>QUE SONT LES COOKIES ?<\/strong><\/p><p>Les cookies et autres technologies similaires, comme les objets locaux partag\u00e9s, les cookies flash ou les pixels, sont des outils utilis\u00e9s par les serveurs web pour stocker et r\u00e9cup\u00e9rer des informations sur leurs visiteurs, ainsi que pour offrir un fonctionnement correct du site.<\/p><p>L&rsquo;utilisation de ces dispositifs permet au serveur Web de se souvenir de certaines donn\u00e9es concernant l&rsquo;utilisateur, telles que ses pr\u00e9f\u00e9rences pour la consultation des pages de ce serveur, son nom et son mot de passe, les produits qui l&rsquo;int\u00e9ressent le plus, etc.<\/p><p><strong>COOKIES CONCERN\u00c9S PAR LE R\u00c8GLEMENT ET COOKIES EXEMPT\u00c9S<\/strong><\/p><p>Selon la directive europ\u00e9enne, les cookies qui n\u00e9cessitent le consentement \u00e9clair\u00e9 de l&rsquo;utilisateur sont les cookies analytiques et les cookies de publicit\u00e9 et d&rsquo;affiliation, \u00e0 l&rsquo;exception des cookies techniques et de ceux n\u00e9cessaires au fonctionnement du site web ou \u00e0 la fourniture de services express\u00e9ment demand\u00e9s par l&rsquo;utilisateur.<\/p><p><strong>TYPES DE COOKIES<\/strong><\/p><p><strong>SELON LEUR BUT<\/strong><\/p><ul><li><strong>Cookies techniques et fonctionnels<\/strong>: ce sont ceux qui permettent \u00e0 l&rsquo;utilisateur de naviguer sur un site web, une plateforme ou une application et d&rsquo;utiliser les diff\u00e9rentes options ou services qui y existent.<\/li><li><strong>Cookies analytiques:<\/strong> ce sont ceux qui permettent \u00e0 la partie qui en est responsable de suivre et d&rsquo;analyser le comportement des utilisateurs des sites web auxquels ils sont li\u00e9s. Les informations recueillies par ce type de cookies sont utilis\u00e9es pour mesurer l&rsquo;activit\u00e9 des sites web, de l&rsquo;application ou de la plateforme et pour l&rsquo;\u00e9laboration de profils de navigation des utilisateurs de ces sites, applications et plateformes, afin d&rsquo;introduire des am\u00e9liorations bas\u00e9es sur l&rsquo;analyse des donn\u00e9es d&rsquo;utilisation des utilisateurs du service.<\/li><li><strong>Cookies publicitaires:<\/strong> sont ceux qui permettent de g\u00e9rer, de la mani\u00e8re la plus efficace possible, les espaces publicitaires que, le cas \u00e9ch\u00e9ant, l&rsquo;\u00e9diteur a inclus sur un site web, une application ou une plateforme \u00e0 partir de laquelle le service demand\u00e9 est fourni, en fonction de crit\u00e8res tels que le contenu \u00e9dit\u00e9 ou la fr\u00e9quence \u00e0 laquelle les publicit\u00e9s sont affich\u00e9es.<\/li><li><strong>Cookies de publicit\u00e9 comportementale:<\/strong> ils collectent des informations sur les pr\u00e9f\u00e9rences et les choix personnels de l&rsquo;utilisateur (reciblage) pour permettre la gestion, de la mani\u00e8re la plus efficace possible, des espaces publicitaires que, le cas \u00e9ch\u00e9ant, l&rsquo;\u00e9diteur a inclus sur un site web, une application ou une plateforme \u00e0 partir desquels il fournit le service demand\u00e9.<\/li><li><strong>Cookies sociaux:<\/strong> ils sont mis en place par les plateformes de m\u00e9dias sociaux sur les services pour vous permettre de partager du contenu avec vos amis et r\u00e9seaux. Les plateformes de m\u00e9dias sociaux ont la possibilit\u00e9 de suivre votre activit\u00e9 en ligne en dehors des services. Cela peut affecter le contenu et les messages que vous voyez sur d&rsquo;autres services que vous visitez.<\/li><li><strong>Cookies d&rsquo;affiliation:<\/strong> permettent de suivre les visites d&rsquo;autres sites web, avec lesquels le site web conclut un accord d&rsquo;affiliation (soci\u00e9t\u00e9s affili\u00e9es).<\/li><li><strong style=\"font-size: 16px;\">Cookies de s\u00e9curit\u00e9:<\/strong><span style=\"font-size: 16px;\"> ils stockent des informations crypt\u00e9es pour \u00e9viter que les donn\u00e9es qui y sont stock\u00e9es ne soient vuln\u00e9rables aux attaques malveillantes de tiers.<\/span><\/li><\/ul><p><strong>SELON LA PROPRI\u00c9T\u00c9<\/strong><\/p><ul><li><strong>Cookies de premi\u00e8re partie :<\/strong> ce sont ceux qui sont envoy\u00e9s \u00e0 l&rsquo;\u00e9quipement terminal de l&rsquo;utilisateur \u00e0 partir d&rsquo;un ordinateur ou d&rsquo;un domaine g\u00e9r\u00e9 par l&rsquo;\u00e9diteur lui-m\u00eame et \u00e0 partir duquel le service demand\u00e9 par l&rsquo;utilisateur est fourni.<\/li><li><strong>Cookies tiers :<\/strong> ceux qui sont envoy\u00e9s \u00e0 l&rsquo;\u00e9quipement terminal de l&rsquo;utilisateur depuis un ordinateur ou un domaine qui n&rsquo;est pas g\u00e9r\u00e9 par l&rsquo;\u00e9diteur, mais par une autre entit\u00e9 qui traite les donn\u00e9es obtenues \u00e0 travers les cookies.<\/li><\/ul><p><strong>EN FONCTION DE LA P\u00c9RIODE DE CONSERVATION<\/strong><\/p><ul><li><strong>Cookies de session:<\/strong> il s&rsquo;agit d&rsquo;un type de cookie con\u00e7u pour collecter et stocker des donn\u00e9es pendant que l&rsquo;utilisateur acc\u00e8de \u00e0 un site web.<\/li><li><strong>Cookies persistants:<\/strong> il s&rsquo;agit d&rsquo;un type de cookie dans lequel les donn\u00e9es restent stock\u00e9es dans le terminal et peuvent \u00eatre consult\u00e9es et trait\u00e9es pendant une p\u00e9riode d\u00e9finie par la partie responsable du cookie, qui peut aller de quelques minutes \u00e0 plusieurs ann\u00e9es.<\/li><\/ul><p><strong>LE TRAITEMENT DES DONN\u00c9ES PERSONNELLES<\/strong><\/p><p>ALTAIR NAUTICA SL est le contr\u00f4leur des donn\u00e9es personnelles de la personne concern\u00e9e et vous informe que ces donn\u00e9es seront trait\u00e9es conform\u00e9ment aux dispositions du r\u00e8glement (UE) 2016\/679 du 27 avril 2016 (GDPR), et par cons\u00e9quent, les informations de traitement suivantes vous sont fournies :<\/p><p><strong>Finalit\u00e9s du traitement:<\/strong> comme sp\u00e9cifi\u00e9 dans la section sur les cookies utilis\u00e9s sur ce site web.<\/p><p><strong>L\u00e9gitimation du traitement:<\/strong> sauf dans les cas o\u00f9 il est n\u00e9cessaire pour la navigation sur le site web, par le consentement de la personne concern\u00e9e (art. 6.1 GDPR).<\/p><p><strong>Crit\u00e8res de conservation des donn\u00e9es:<\/strong> comme sp\u00e9cifi\u00e9 dans la section sur les cookies utilis\u00e9s sur le site web.<\/p><p><strong>Communication des donn\u00e9es:<\/strong> les donn\u00e9es ne seront pas communiqu\u00e9es \u00e0 des tiers, sauf dans le cas de cookies appartenant \u00e0 des tiers ou par obligation l\u00e9gale.<\/p><p><strong>Droits de la personne concern\u00e9e:<\/strong><\/p><p>&#8211; Droit de retirer le consentement \u00e0 tout moment.<br \/>&#8211; Droit d&rsquo;acc\u00e8s, de rectification, de portabilit\u00e9 et d&rsquo;effacement de leurs donn\u00e9es, et de limitation ou d&rsquo;opposition \u00e0 leur traitement.<br \/>&#8211; Le droit d&rsquo;introduire une plainte aupr\u00e8s de l&rsquo;autorit\u00e9 de surveillance (www.aepd.es) s&rsquo;il estime que le traitement n&rsquo;est pas conforme \u00e0 la r\u00e9glementation en vigueur.<\/p><p><strong>Coordonn\u00e9es pour l&rsquo;exercice de vos droits:<\/strong><\/p><p>ALTAIR NAUTICA SL. Calle Sant Jaime, N\u00ba39 4-1, &#8211; 07840 Santa Eulalia Del Rio (Illes Balears). Courriel : info@ibizajetskibeach.com<\/p><p><strong>COOKIES UTILIS\u00c9S SUR CE SITE WEB<\/strong><\/p>\t\t\t\t\t\t\t\t<\/div>\n\t\t\t\t<\/div>\n\t\t\t\t<div class=\"elementor-element elementor-element-63fcac5 elementor-widget elementor-widget-text-editor\" data-id=\"63fcac5\" data-element_type=\"widget\" data-e-type=\"widget\" data-widget_type=\"text-editor.default\">\n\t\t\t\t<div class=\"elementor-widget-container\">\n\t\t\t\t\t\t\t\t\t<p><strong>LES COOKIES CONTR\u00d4L\u00c9S PAR L&rsquo;\u00c9DITEUR<\/strong><\/p><p><strong>Technique et fonctionnel<\/strong><\/p><table><tbody><tr><td><strong>Propri\u00e9t\u00e9<\/strong><\/td><td><strong>Cookie<\/strong><\/td><td><strong>Objectif<\/strong><\/td><td><strong>Terme<\/strong><\/td><\/tr><tr><td>google.com<\/td><td><strong>_GRECAPTCHA<\/strong><\/td><td>Cookie n\u00e9cessaire \u00e0 l&rsquo;utilisation des options et services du site web<\/td><td>dans 6 mois<\/td><\/tr><tr><td>google.com<\/td><td><strong>AEC<\/strong><\/td><td>Cookie n\u00e9cessaire \u00e0 l&rsquo;utilisation des options et services du site web<\/td><td>dans 6 mois<\/td><\/tr><tr><td>google.com<\/td><td><strong>CONSENT<\/strong><\/td><td>Suivi du consentement aux cookies de Google<\/td><td>dans 2 ans<\/td><\/tr><tr><td>google.com<\/td><td><strong>SOCS<\/strong><\/td><td>Cookie n\u00e9cessaire \u00e0 l&rsquo;utilisation des options et services du site web<\/td><td>en un an<\/td><\/tr><tr><td>ladyvirginiaibiza.com<\/td><td><strong>_ga_E0HHBVEK1G<\/strong><\/td><td>Cookie n\u00e9cessaire \u00e0 l&rsquo;utilisation des options et services du site web<\/td><td>dans 2 ans<\/td><\/tr><tr><td>ladyvirginiaibiza.com<\/td><td><strong>_gat_UA-230976938-1<\/strong><\/td><td>Cookie n\u00e9cessaire \u00e0 l&rsquo;utilisation des options et services du site web<\/td><td>Session<\/td><\/tr><tr><td>ladyvirginiaibiza.com<\/td><td><strong>GetLocalTimeZone<\/strong><\/td><td>Cookie n\u00e9cessaire \u00e0 l&rsquo;utilisation des options et services du site web<\/td><td>Session<\/td><\/tr><tr><td>ladyvirginiaibiza.com<\/td><td><strong>wp-wpml_current_language<\/strong><\/td><td>Cookie n\u00e9cessaire \u00e0 l&rsquo;utilisation des options et services du site web<\/td><td>Session<\/td><\/tr><\/tbody><\/table><p><strong>Analytique<\/strong><\/p><table><tbody><tr><td><strong>Propri\u00e9t\u00e9<\/strong><\/td><td><strong>Cookie<\/strong><\/td><td><strong>Objectif<\/strong><\/td><td><strong>Terme<\/strong><\/td><\/tr><tr><td>ladyvirginiaibiza.com<\/td><td><strong>_ga<\/strong><\/td><td>ID utilis\u00e9 pour identifier les utilisateurs<\/td><td>dans 2 ans<\/td><\/tr><tr><td>ladyvirginiaibiza.com<\/td><td><strong>_gid<\/strong><\/td><td>ID utilis\u00e9 pour identifier les utilisateurs pendant 24 heures apr\u00e8s la derni\u00e8re activit\u00e9.<\/td><td>en 20 heures<\/td><\/tr><\/tbody><\/table><p><strong>Publicit\u00e9<\/strong><\/p><table><tbody><tr><td><strong>Propri\u00e9t\u00e9<\/strong><\/td><td><strong>Cookie<\/strong><\/td><td><strong>Objectif<\/strong><\/td><td><strong>Terme<\/strong><\/td><\/tr><tr><td>google.com<\/td><td><strong>1P_JAR<\/strong><\/td><td>Ces cookies sont plac\u00e9s dans des vid\u00e9os youtube int\u00e9gr\u00e9es. Ils enregistrent des donn\u00e9es statistiques anonymes sur, par exemple, le nombre de lectures de la vid\u00e9o et les param\u00e8tres utilis\u00e9s pour la lecture.<\/td><td>en 24 jours<\/td><\/tr><tr><td>google.com<\/td><td><strong>NID<\/strong><\/td><td>Ces cookies sont utilis\u00e9s pour compiler des statistiques sur le site web et suivre les taux de conversion et le ciblage des annonces Google.<\/td><td>dans 6 mois<\/td><\/tr><tr><td>google.com<\/td><td><strong>OTZ<\/strong><\/td><td>Analyse globale des visiteurs du site<\/td><td>en 24 jours<\/td><\/tr><\/tbody><\/table><p><strong>COOKIES DE TIERS<\/strong><\/p><p>Les services de tiers \u00e9chappent au contr\u00f4le de l&rsquo;\u00e9diteur. Les fournisseurs peuvent modifier \u00e0 tout moment leurs conditions de service, la finalit\u00e9 et l&rsquo;utilisation des cookies, etc.<\/p><p><strong>Les fournisseurs externes de ce site web :<\/strong><\/p><table><tbody><tr><td><strong>Editeur<\/strong><\/td><td><p><strong>Politique de confidentialit\u00e9<\/strong><\/p><p><a href=\"https:\/\/privacy.google.com\/take-control.html\" target=\"_blank\" rel=\"noopener\">Google Analytics<\/a><a href=\"https:\/\/privacy.google.com\/take-control.html\" target=\"_blank\" rel=\"noopener\">Google<\/a><\/p><\/td><\/tr><tr><td>Google Analytics<\/td><td><a href=\"https:\/\/privacy.google.com\/take-control.html\" target=\"_blank\" rel=\"noopener\">https:\/\/privacy.google.com\/take-control.html<\/a><\/td><\/tr><tr><td>Google<\/td><td><a href=\"https:\/\/privacy.google.com\/take-control.html\" target=\"_blank\" rel=\"noopener\">https:\/\/privacy.google.com\/take-control.html<\/a><\/td><\/tr><\/tbody><\/table><table><tbody><tr><td><strong>PANNEAU DE CONFIGURATION DES COOKIES<\/strong><\/td><\/tr><\/tbody><\/table><p>Depuis ce panneau, vous pouvez configurer les cookies que le site web peut installer sur votre navigateur, \u00e0 l&rsquo;exception des cookies techniques ou fonctionnels qui sont n\u00e9cessaires \u00e0 la navigation et \u00e0 l&rsquo;utilisation des diff\u00e9rentes options ou services propos\u00e9s.<\/p><p><strong>Erreur ! R\u00e9f\u00e9rence d&rsquo;hyperlien non valide.<\/strong><\/p><table><tbody><tr><td colspan=\"2\"><strong>COMMENT G\u00c9RER LES COOKIES DEPUIS VOTRE NAVIGATEUR<\/strong><\/td><\/tr><tr><td><strong>Supprimer les cookies de votre appareil<br \/><\/strong><\/td><td>Les cookies qui se trouvent d\u00e9j\u00e0 sur un appareil peuvent \u00eatre supprim\u00e9s en effa\u00e7ant l&rsquo;historique du navigateur, ce qui supprime les cookies de tous les sites web visit\u00e9s.<br \/>Toutefois, certaines des informations enregistr\u00e9es (par exemple, les donn\u00e9es de connexion ou les pr\u00e9f\u00e9rences du site web) peuvent \u00e9galement \u00eatre perdues.<\/td><\/tr><tr><td><strong>Gestion des cookies sp\u00e9cifiques au site<\/strong><\/td><td>Pour avoir un contr\u00f4le plus pr\u00e9cis sur les cookies sp\u00e9cifiques \u00e0 un site, les utilisateurs peuvent ajuster leurs param\u00e8tres de confidentialit\u00e9 et de cookies dans leur navigateur.<\/td><\/tr><tr><td><strong>Blocage des cookies<\/strong><\/td><td>Bien que la plupart des navigateurs modernes puissent \u00eatre configur\u00e9s pour emp\u00eacher l&rsquo;installation de cookies sur votre appareil, cela peut vous obliger \u00e0 r\u00e9gler manuellement certaines pr\u00e9f\u00e9rences chaque fois que vous visitez un site ou une page. En outre, certains services et fonctionnalit\u00e9s peuvent ne pas fonctionner correctement (par exemple, les connexions profil\u00e9es).<\/td><\/tr><\/tbody><\/table><table><tbody><tr><td colspan=\"2\">COMMENT SUPPRIMER LES COOKIES DES NAVIGATEURS LES PLUS COURANTS<\/td><\/tr><tr><td>Chrome<\/td><td><a href=\"http:\/\/support.google.com\/chrome\/answer\/95647?hl=es\" target=\"_blank\" rel=\"noopener\"><span style=\"color: #3a3a3a;\">http:\/\/support.google.com\/chrome\/answer\/95647?hl=es<\/span><\/a><\/td><\/tr><tr><td>Edge<\/td><td><a href=\"https:\/\/support.microsoft.com\/es-es\/microsoft-edge\/eliminar-las-cookies-en-microsoft-edge-63947406-40ac-c3b8-57b9-2a946a29ae09\" target=\"_blank\" rel=\"noopener\"><span style=\"color: #3a3a3a;\">https:\/\/support.microsoft.com\/es-es\/microsoft-edge\/eliminar-las-cookies-en-microsoft-edge-63947406-40ac-c3b8-57b9-2a946a29ae09<\/span><\/a><\/td><\/tr><tr><td>Explorer<\/td><td><a href=\"https:\/\/support.microsoft.com\/es-es\/help\/278835\/how-to-delete-cookie-files-in-internet-explorer\" target=\"_blank\" rel=\"noopener\"><span style=\"color: #3a3a3a;\">https:\/\/support.microsoft.com\/es-es\/help\/278835\/how-to-delete-cookie-files-in-internet-explorer<\/span><\/a><\/td><\/tr><tr><td>Firefox<\/td><td><a href=\"https:\/\/www.mozilla.org\/es-ES\/privacy\/websites\/#cookies\" target=\"_blank\" rel=\"noopener\"><span style=\"color: #3a3a3a;\">https:\/\/www.mozilla.org\/es-ES\/privacy\/websites\/#cookies<\/span><\/a><\/td><\/tr><tr><td>Safari<\/td><td><a href=\"https:\/\/support.apple.com\/es-es\/guide\/safari\/sfri11471\/mac\" target=\"_blank\" rel=\"noopener\"><span style=\"color: #3a3a3a;\">https:\/\/support.apple.com\/es-es\/guide\/safari\/sfri11471\/mac<\/span><\/a><\/td><\/tr><tr><td>Opera<\/td><td><a href=\"https:\/\/help.opera.com\/en\/latest\/security-and-privacy\/#clearBrowsingData\" target=\"_blank\" rel=\"noopener\"><span style=\"color: #3a3a3a;\">https:\/\/help.opera.com\/en\/latest\/security-and-privacy\/#clearBrowsingData<\/span><\/a><\/td><\/tr><\/tbody><\/table>\t\t\t\t\t\t\t\t<\/div>\n\t\t\t\t<\/div>\n\t\t\t\t\t<\/div>\n\t\t<\/div>\n\t\t\t\t\t<\/div>\n\t\t<\/section>\n\t\t\t\t<\/div>\n\t\t","protected":false},"excerpt":{"rendered":"<p>POLITIQUE DE COOKIES INFORMATIONS SUR LES COOKIES Conform\u00e9ment \u00e0 la loi 34\/2002, du 11 juillet, sur les services de la soci\u00e9t\u00e9 de l&rsquo;information et le commerce \u00e9lectronique (LSSI), en relation avec le r\u00e8glement (UE) 2016\/679 du Parlement europ\u00e9en et du Conseil, du 27 avril 2016, R\u00e8glement g\u00e9n\u00e9ral sur la protection des donn\u00e9es (RGPD) et la [&hellip;]<\/p>\n","protected":false},"author":1,"featured_media":0,"parent":0,"menu_order":0,"comment_status":"closed","ping_status":"closed","template":"","meta":{"_acf_changed":false,"site-sidebar-layout":"no-sidebar","site-content-layout":"page-builder","ast-site-content-layout":"default","site-content-style":"default","site-sidebar-style":"default","ast-global-header-display":"","ast-banner-title-visibility":"","ast-main-header-display":"","ast-hfb-above-header-display":"","ast-hfb-below-header-display":"","ast-hfb-mobile-header-display":"","site-post-title":"disabled","ast-breadcrumbs-content":"","ast-featured-img":"disabled","footer-sml-layout":"","ast-disable-related-posts":"","theme-transparent-header-meta":"","adv-header-id-meta":"","stick-header-meta":"","header-above-stick-meta":"","header-main-stick-meta":"","header-below-stick-meta":"","astra-migrate-meta-layouts":"default","ast-page-background-enabled":"default","ast-page-background-meta":{"desktop":{"background-color":"","background-image":"","background-repeat":"repeat","background-position":"center center","background-size":"auto","background-attachment":"scroll","background-type":"","background-media":"","overlay-type":"","overlay-color":"","overlay-opacity":"","overlay-gradient":""},"tablet":{"background-color":"","background-image":"","background-repeat":"repeat","background-position":"center center","background-size":"auto","background-attachment":"scroll","background-type":"","background-media":"","overlay-type":"","overlay-color":"","overlay-opacity":"","overlay-gradient":""},"mobile":{"background-color":"","background-image":"","background-repeat":"repeat","background-position":"center center","background-size":"auto","background-attachment":"scroll","background-type":"","background-media":"","overlay-type":"","overlay-color":"","overlay-opacity":"","overlay-gradient":""}},"ast-content-background-meta":{"desktop":{"background-color":"var(--ast-global-color-5)","background-image":"","background-repeat":"repeat","background-position":"center center","background-size":"auto","background-attachment":"scroll","background-type":"","background-media":"","overlay-type":"","overlay-color":"","overlay-opacity":"","overlay-gradient":""},"tablet":{"background-color":"var(--ast-global-color-5)","background-image":"","background-repeat":"repeat","background-position":"center center","background-size":"auto","background-attachment":"scroll","background-type":"","background-media":"","overlay-type":"","overlay-color":"","overlay-opacity":"","overlay-gradient":""},"mobile":{"background-color":"var(--ast-global-color-5)","background-image":"","background-repeat":"repeat","background-position":"center center","background-size":"auto","background-attachment":"scroll","background-type":"","background-media":"","overlay-type":"","overlay-color":"","overlay-opacity":"","overlay-gradient":""}},"_joinchat":[],"footnotes":""},"class_list":["post-4619","page","type-page","status-publish","hentry"],"acf":[],"_links":{"self":[{"href":"https:\/\/ladyvirginiaibiza.com\/fr\/wp-json\/wp\/v2\/pages\/4619","targetHints":{"allow":["GET"]}}],"collection":[{"href":"https:\/\/ladyvirginiaibiza.com\/fr\/wp-json\/wp\/v2\/pages"}],"about":[{"href":"https:\/\/ladyvirginiaibiza.com\/fr\/wp-json\/wp\/v2\/types\/page"}],"author":[{"embeddable":true,"href":"https:\/\/ladyvirginiaibiza.com\/fr\/wp-json\/wp\/v2\/users\/1"}],"replies":[{"embeddable":true,"href":"https:\/\/ladyvirginiaibiza.com\/fr\/wp-json\/wp\/v2\/comments?post=4619"}],"version-history":[{"count":0,"href":"https:\/\/ladyvirginiaibiza.com\/fr\/wp-json\/wp\/v2\/pages\/4619\/revisions"}],"wp:attachment":[{"href":"https:\/\/ladyvirginiaibiza.com\/fr\/wp-json\/wp\/v2\/media?parent=4619"}],"curies":[{"name":"wp","href":"https:\/\/api.w.org\/{rel}","templated":true}]}}