{"id":4534,"date":"2022-06-29T07:23:43","date_gmt":"2022-06-29T07:23:43","guid":{"rendered":"https:\/\/ladyvirginiaibiza.com\/politica-de-privacidad\/"},"modified":"2022-07-04T07:41:27","modified_gmt":"2022-07-04T07:41:27","slug":"politique-de-confidentialite","status":"publish","type":"page","link":"https:\/\/ladyvirginiaibiza.com\/fr\/politique-de-confidentialite\/","title":{"rendered":"Politique de confidentialit\u00e9"},"content":{"rendered":"\t\t<div data-elementor-type=\"wp-page\" data-elementor-id=\"4534\" class=\"elementor elementor-4534 elementor-4357\" data-elementor-post-type=\"page\">\n\t\t\t\t\t\t<section class=\"elementor-section elementor-top-section elementor-element elementor-element-2ee294a elementor-section-content-middle elementor-section-boxed elementor-section-height-default elementor-section-height-default\" data-id=\"2ee294a\" data-element_type=\"section\" data-e-type=\"section\" data-settings=\"{&quot;background_background&quot;:&quot;classic&quot;}\">\n\t\t\t\t\t\t\t<div class=\"elementor-background-overlay\"><\/div>\n\t\t\t\t\t\t\t<div class=\"elementor-container elementor-column-gap-no\">\n\t\t\t\t\t<div class=\"elementor-column elementor-col-100 elementor-top-column elementor-element elementor-element-0bff1d4\" data-id=\"0bff1d4\" data-element_type=\"column\" data-e-type=\"column\">\n\t\t\t<div class=\"elementor-widget-wrap elementor-element-populated\">\n\t\t\t\t\t\t<div class=\"elementor-element elementor-element-e65a3b8 elementor-widget elementor-widget-heading\" data-id=\"e65a3b8\" data-element_type=\"widget\" data-e-type=\"widget\" data-widget_type=\"heading.default\">\n\t\t\t\t<div class=\"elementor-widget-container\">\n\t\t\t\t\t<h1 class=\"elementor-heading-title elementor-size-default\">POLITIQUE DE CONFIDENTIALIT\u00c9<\/h1>\t\t\t\t<\/div>\n\t\t\t\t<\/div>\n\t\t\t\t\t<\/div>\n\t\t<\/div>\n\t\t\t\t\t<\/div>\n\t\t<\/section>\n\t\t\t\t<section class=\"elementor-section elementor-top-section elementor-element elementor-element-5821e38 elementor-section-content-middle elementor-section-boxed elementor-section-height-default elementor-section-height-default\" data-id=\"5821e38\" data-element_type=\"section\" data-e-type=\"section\">\n\t\t\t\t\t\t<div class=\"elementor-container elementor-column-gap-no\">\n\t\t\t\t\t<div class=\"elementor-column elementor-col-100 elementor-top-column elementor-element elementor-element-2c083c1\" data-id=\"2c083c1\" data-element_type=\"column\" data-e-type=\"column\">\n\t\t\t<div class=\"elementor-widget-wrap elementor-element-populated\">\n\t\t\t\t\t\t<div class=\"elementor-element elementor-element-4d1e187 elementor-widget elementor-widget-text-editor\" data-id=\"4d1e187\" data-element_type=\"widget\" data-e-type=\"widget\" data-widget_type=\"text-editor.default\">\n\t\t\t\t<div class=\"elementor-widget-container\">\n\t\t\t\t\t\t\t\t\t<ol><li>INFORMATION DES UTILISATEURS<\/li><\/ol><p><strong>Qui est responsable du traitement de vos donn\u00e9es personnelles ?<\/strong><\/p><p><strong>ALTAIR NAUTICA SL<\/strong> est RESPONSABLE du traitement des donn\u00e9es personnelles de l&rsquo;UTILISATEUR et vous informe que ces donn\u00e9es seront trait\u00e9es conform\u00e9ment aux dispositions du r\u00e8glement (UE) 2016\/679, du 27 avril (GDPR), et de la loi organique 3\/2018, du 5 d\u00e9cembre (LOPDGDD).<\/p><p><strong>Pourquoi traitons-nous vos donn\u00e9es personnelles et pourquoi le faisons-nous ?<\/strong><\/p><p>En fonction de la forme sous laquelle nous avons obtenu vos donn\u00e9es personnelles, nous les traiterons de mani\u00e8re confidentielle pour atteindre les objectifs suivants :<\/p><p>Dans le formulaire <strong>Contact<\/strong><\/p><ul><li>Pour r\u00e9pondre aux questions ou \u00e0 tout type de demande faite par l&rsquo;utilisateur \u00e0 travers l&rsquo;un des formulaires de contact mis \u00e0 disposition sur le site web du responsable du traitement.<br \/>(pour l&rsquo;int\u00e9r\u00eat l\u00e9gitime du responsable du traitement des donn\u00e9es, art. 6.1.f GDPR)<\/li><li>Pour effectuer des analyses statistiques et des \u00e9tudes de march\u00e9.<br \/>(pour l&rsquo;int\u00e9r\u00eat l\u00e9gitime du contr\u00f4leur, art. 6.1.f GDPR)<\/li><\/ul><p>Sur le formulaire <strong>R\u00e9servations<\/strong><\/p><ul><li>Pour effectuer des r\u00e9servations dans l&rsquo;\u00e9tablissement du responsable du traitement.<br \/>(pour l&rsquo;ex\u00e9cution d&rsquo;un contrat ou d&rsquo;un pr\u00e9-contrat, 6.1.b GDPR)<\/li><li>Envoyer des communications commerciales publicitaires par e-mail, fax, SMS, MMS, r\u00e9seaux sociaux ou tout autre moyen \u00e9lectronique ou physique, pr\u00e9sent ou futur, aux clients, qui permettent de r\u00e9aliser des communications commerciales concernant des produits ou des services similaires \u00e0 ceux qui ont \u00e9t\u00e9 initialement contract\u00e9s avec le client (art. 21.2 LSSI).<br \/>(pour l&rsquo;int\u00e9r\u00eat l\u00e9gitime du responsable du traitement des donn\u00e9es, art. 6.1.f GDPR).<\/li><\/ul><p><strong>Combien de temps conservons-nous vos donn\u00e9es personnelles ?<\/strong><\/p><p>Elles ne seront pas conserv\u00e9es plus longtemps que n\u00e9cessaire pour maintenir la finalit\u00e9 du traitement ou qu&rsquo;il existe des prescriptions l\u00e9gales imposant leur conservation et, lorsqu&rsquo;elles ne seront plus n\u00e9cessaires \u00e0 cette finalit\u00e9, elles seront supprim\u00e9es avec des mesures de s\u00e9curit\u00e9 appropri\u00e9es pour assurer l&rsquo;anonymisation des donn\u00e9es ou leur destruction totale.<\/p><p><strong>\u00c0 qui divulguons-nous vos donn\u00e9es personnelles ?<\/strong><\/p><p>Aucune communication de donn\u00e9es personnelles \u00e0 des tiers n&rsquo;est pr\u00e9vue, sauf, si cela est n\u00e9cessaire pour le d\u00e9veloppement et l&rsquo;ex\u00e9cution des finalit\u00e9s du traitement, \u00e0 nos prestataires de services li\u00e9s aux communications, avec lesquels le RESPONSABLE a sign\u00e9 les contrats de confidentialit\u00e9 et de traitement des donn\u00e9es requis par la r\u00e9glementation en vigueur en mati\u00e8re de confidentialit\u00e9.<\/p><p><strong>Quels sont vos droits ?<\/strong><\/p><p>Les droits de l&rsquo;UTILISATEUR sont :<\/p><ul><li>Le droit de retirer le consentement \u00e0 tout moment.<\/li><li>Droit d&rsquo;acc\u00e8s, de rectification, de portabilit\u00e9 et d&rsquo;effacement de leurs donn\u00e9es, et de limitation ou d&rsquo;opposition \u00e0 leur traitement.<\/li><li>Le droit d&rsquo;introduire une plainte aupr\u00e8s de l&rsquo;autorit\u00e9 de surveillance (www.aepd.es) s&rsquo;il estime que le traitement n&rsquo;est pas conforme \u00e0 la r\u00e9glementation en vigueur.<\/li><\/ul><p><strong>Coordonn\u00e9es pour l&rsquo;exercice de vos droits :<\/strong><\/p><p>ALTAIR NAUTICA SL. Calle Sant Jaime, N\u00ba39 4-1, &#8211; 07840 Santa Eulalia Del Rio (Illes Balears). Courriel : info@ibizajetskibeach.com<\/p>\t\t\t\t\t\t\t\t<\/div>\n\t\t\t\t<\/div>\n\t\t\t\t<div class=\"elementor-element elementor-element-a2e64e0 elementor-widget elementor-widget-text-editor\" data-id=\"a2e64e0\" data-element_type=\"widget\" data-e-type=\"widget\" data-widget_type=\"text-editor.default\">\n\t\t\t\t<div class=\"elementor-widget-container\">\n\t\t\t\t\t\t\t\t\t<p><strong>POLITIQUE DE CONFIDENTIALIT\u00c9 R\u00c9SEAUX SOCIAUX<\/strong><\/p><ol><li><strong>INFORMATION DES UTILISATEURS<\/strong><\/li><\/ol><p><strong>Qui est responsable du traitement de vos donn\u00e9es personnelles ?<\/strong><\/p><p><strong>ALTAIR NAUTICA SL<\/strong>, ci-apr\u00e8s, <strong>RESPONSABLE<\/strong>, informe l&rsquo;UTILISATEUR qu&rsquo;il a proc\u00e9d\u00e9 \u00e0 la cr\u00e9ation d&rsquo;un profil sur les r\u00e9seaux sociaux Facebook, Instagram, Twitter, LinkedIn, Youtube, Vimeo et Google+, qu&rsquo;elle est responsable du traitement des donn\u00e9es personnelles de l&rsquo;UTILISATEUR effectu\u00e9 sur lesdits r\u00e9seaux sociaux et informe l&rsquo;UTILISATEUR que ces donn\u00e9es seront trait\u00e9es conform\u00e9ment aux dispositions du r\u00e8glement (UE) 2016\/679, du 27 avril (GDPR), et de la loi organique 3\/2018, du 5 d\u00e9cembre (LOPDGDD), raison pour laquelle les informations de traitement suivantes sont fournies \u00e0 l&rsquo;UTILISATEUR :<\/p><p><strong>Dans quel but traitons-nous vos donn\u00e9es personnelles ?<\/strong><\/p><p>Finalit\u00e9 du traitement : maintenir une relation entre l&rsquo;UTILISATEUR et le RESPONSABLE qui peut comprendre les op\u00e9rations suivantes :<\/p><ul><li>Traiter les demandes et les requ\u00eates adress\u00e9es au responsable du traitement des donn\u00e9es.<\/li><li>Informer sur les activit\u00e9s et les \u00e9v\u00e9nements organis\u00e9s par le responsable du traitement.<\/li><li>Informer sur les produits ou services propos\u00e9s par le responsable du traitement.<\/li><li>Interagir par le biais de profils officiels<\/li><\/ul><p><strong>Pourquoi pouvons-nous traiter vos donn\u00e9es personnelles ?<\/strong><\/p><p>Base juridique du traitement : article 6.1.a GDPR, la personne concern\u00e9e a consenti au traitement de ses donn\u00e9es personnelles pour une ou plusieurs finalit\u00e9s sp\u00e9cifiques. <strong>L&rsquo;UTILISATEUR<\/strong> a un profil sur le m\u00eame r\u00e9seau social et a d\u00e9cid\u00e9 de rejoindre le r\u00e9seau social du RESPONSABLE en montrant de l&rsquo;int\u00e9r\u00eat pour les informations qui y sont publi\u00e9es, par cons\u00e9quent, au moment de demander \u00e0 suivre nos profils officiels, il nous donne son consentement au traitement de ces donn\u00e9es personnelles publi\u00e9es sur son profil.<\/p><p><strong>L&rsquo;UTILISATEUR<\/strong> peut acc\u00e9der \u00e0 tout moment aux politiques de confidentialit\u00e9 du r\u00e9seau social lui-m\u00eame, ainsi que configurer son profil pour garantir sa vie priv\u00e9e.<\/p><p>La <strong>PARTIE RESPONSABLE<\/strong> a acc\u00e8s et traite les informations publiques de l&rsquo;UTILISATEUR, en particulier son nom de contact. Ces donn\u00e9es ne sont utilis\u00e9es qu&rsquo;au sein du r\u00e9seau social lui-m\u00eame et ne seront int\u00e9gr\u00e9es \u00e0 un fichier du RESPONSABLE que lorsque cela sera n\u00e9cessaire pour traiter la demande de l&rsquo;UTILISATEUR.<\/p><p><strong>Combien de temps conservons-nous vos donn\u00e9es personnelles ?<\/strong><\/p><p>Crit\u00e8res de conservation des donn\u00e9es : les donn\u00e9es seront conserv\u00e9es tant que l&rsquo;UTILISATEUR ne r\u00e9voque pas le consentement donn\u00e9 comme indiqu\u00e9 dans la pr\u00e9sente politique de confidentialit\u00e9.<\/p><p><strong>\u00c0 qui fournissons-nous vos donn\u00e9es personnelles ?<\/strong><\/p><p><strong>Communication des donn\u00e9es:<\/strong> les informations fournies par l&rsquo;UTILISATEUR \u00e0 travers les r\u00e9seaux sociaux du RESPONSABLE, y compris leurs donn\u00e9es personnelles, peuvent \u00eatre publi\u00e9es, toujours en fonction des services que l&rsquo;UTILISATEUR utilise, de sorte qu&rsquo;elles peuvent \u00eatre publiquement disponibles pour d&rsquo;autres utilisateurs tiers des r\u00e9seaux sociaux. Depuis le profil de chaque r\u00e9seau social, l&rsquo;UTILISATEUR peut configurer les informations qu&rsquo;il souhaite rendre publiques dans chaque cas, consulter les autorisations qui lui ont \u00e9t\u00e9 accord\u00e9es, les supprimer ou les d\u00e9sactiver, comme toute application tierce qu&rsquo;il ne souhaite plus utiliser.<\/p><p>Aucune communication de donn\u00e9es personnelles \u00e0 des tiers en dehors du r\u00e9seau social n&rsquo;est pr\u00e9vue sauf, si elle est indispensable au d\u00e9veloppement et \u00e0 l&rsquo;ex\u00e9cution des finalit\u00e9s du traitement, \u00e0 nos prestataires de services li\u00e9s aux communications, avec lesquels le RESPONSABLE a sign\u00e9 des contrats de confidentialit\u00e9 et de responsable de traitement requis par la r\u00e9glementation en vigueur en mati\u00e8re de confidentialit\u00e9.<\/p><p><strong>Quels sont vos droits ?<\/strong><\/p><p><strong>Droits de l&rsquo;UTILISATEUR:<\/strong> ne peuvent \u00eatre exerc\u00e9s que par rapport aux informations qui sont sous le contr\u00f4le du RESPONSABLE.<\/p><ul><li>Droit de retirer le consentement \u00e0 tout moment.<\/li><li>Droit d&rsquo;acc\u00e8s, de rectification, de portabilit\u00e9 et d&rsquo;effacement de vos donn\u00e9es, et de limitation ou d&rsquo;opposition \u00e0 leur traitement.<\/li><li>Le droit d&rsquo;introduire une plainte aupr\u00e8s de l&rsquo;autorit\u00e9 de surveillance (www.aepd.es) si vous estimez que le traitement n&rsquo;est pas conforme \u00e0 la r\u00e9glementation en vigueur.<\/li><\/ul><p><strong>Coordonn\u00e9es pour l&rsquo;exercice de vos droits:<\/strong><\/p><p>ALTAIR NAUTICA SL. Calle Sant Jaime, N\u00ba39 4-1, &#8211; 07840 Santa Eulalia Del Rio (Illes Balears). Courriel : info@ibizajetskibeach.com<\/p><p><strong>2. UTILISATION DU PROFIL<\/strong><\/p><p>La PERSONNE RESPONSABLE doit effectuer les actions suivantes :<\/p><p>Acc\u00e8s aux informations publiques du profil<br \/>Publication sur le profil de l&rsquo;UTILISATEUR de toutes les informations d\u00e9j\u00e0 publi\u00e9es sur le r\u00e9seau social du CONTR\u00d4LEUR DE RESPONSABILIT\u00c9<br \/>Envoi de messages personnels et individuels via les canaux des r\u00e9seaux sociaux.<br \/>Mise \u00e0 jour du statut de la page \u00e0 publier sur le profil de l&rsquo;UTILISATEUR.<\/p><p>L&rsquo;UTILISATEUR peut toujours contr\u00f4ler ses connexions, supprimer les contenus qui ne l&rsquo;int\u00e9ressent plus et limiter les personnes avec lesquelles il partage ses connexions en acc\u00e9dant \u00e0 ses param\u00e8tres de confidentialit\u00e9.<\/p><p><strong>3. PUBLICATIONS<\/strong><\/p><p>L&rsquo;UTILISATEUR, une fois qu&rsquo;il aura suivi ou rejoint le r\u00e9seau social du RESPONSABLE, pourra publier des commentaires, des liens, des images, des photographies ou tout autre type de contenu multim\u00e9dia support\u00e9 par ce dernier. L&rsquo;UTILISATEUR, dans tous les cas, doit \u00eatre le propri\u00e9taire du contenu publi\u00e9, d\u00e9tenir les droits d&rsquo;auteur et de propri\u00e9t\u00e9 intellectuelle ou avoir le consentement des tiers concern\u00e9s.<\/p><p>Toute publication sur le r\u00e9seau social, qu&rsquo;il s&rsquo;agisse de textes, de graphiques, de photographies, de vid\u00e9os, etc., portant atteinte ou susceptible de porter atteinte \u00e0 la morale, \u00e0 l&rsquo;\u00e9thique, au bon go\u00fbt ou \u00e0 la biens\u00e9ance, et\/ou portant atteinte, violant ou portant atteinte aux droits de propri\u00e9t\u00e9 intellectuelle ou industrielle, au droit \u00e0 l&rsquo;image ou \u00e0 la loi, est express\u00e9ment interdite.<\/p><p>Dans ces cas, le RESPONSABLE se r\u00e9serve le droit de supprimer imm\u00e9diatement le contenu, sans pr\u00e9avis, et peut demander le blocage permanent de l&rsquo;UTILISATEUR.<\/p><p>Le RESPONSABLE ne pourra \u00eatre tenu pour responsable du contenu qu&rsquo;un UTILISATEUR aura librement publi\u00e9.<\/p><p>L&rsquo;UTILISATEUR doit garder \u00e0 l&rsquo;esprit que ses publications seront connues des autres utilisateurs, il est donc le principal responsable de sa vie priv\u00e9e.<\/p><p>Les images qui peuvent \u00eatre publi\u00e9es sur le r\u00e9seau social ne seront pas stock\u00e9es dans un fichier par le RESPONSABLE, mais elles resteront sur le r\u00e9seau social.<\/p><p><strong>4. LES DONN\u00c9ES DES MINEURS OU DES PERSONNES AYANT DES CAPACIT\u00c9S PARTICULI\u00c8RES<\/strong><\/p><p>L&rsquo;acc\u00e8s et l&rsquo;inscription aux r\u00e9seaux sociaux de la RESPONSABILIT\u00c9 sont interdits aux personnes de moins de 18 ans. Si l&rsquo;UTILISATEUR a des capacit\u00e9s particuli\u00e8res, l&rsquo;intervention du titulaire de son autorit\u00e9 parentale ou de sa tutelle, ou de son repr\u00e9sentant l\u00e9gal au moyen d&rsquo;un document valide prouvant la repr\u00e9sentation, sera n\u00e9cessaire.<\/p><p>Le RESPONSABLE est express\u00e9ment exon\u00e9r\u00e9 de toute responsabilit\u00e9 qui pourrait d\u00e9couler de l&rsquo;utilisation des r\u00e9seaux sociaux par des mineurs ou des personnes ayant des capacit\u00e9s particuli\u00e8res. Les r\u00e9seaux sociaux de la RESPONSABILIT\u00c9 ne collectent pas sciemment d&rsquo;informations personnelles sur les mineurs, par cons\u00e9quent, si l&rsquo;UTILISATEUR est un mineur, il ne doit pas s&rsquo;inscrire ou utiliser les r\u00e9seaux sociaux de la RESPONSABILIT\u00c9, ni fournir d&rsquo;informations personnelles.<\/p>\t\t\t\t\t\t\t\t<\/div>\n\t\t\t\t<\/div>\n\t\t\t\t\t<\/div>\n\t\t<\/div>\n\t\t\t\t\t<\/div>\n\t\t<\/section>\n\t\t\t\t<\/div>\n\t\t","protected":false},"excerpt":{"rendered":"<p>POLITIQUE DE CONFIDENTIALIT\u00c9 INFORMATION DES UTILISATEURS Qui est responsable du traitement de vos donn\u00e9es personnelles ? ALTAIR NAUTICA SL est RESPONSABLE du traitement des donn\u00e9es personnelles de l&rsquo;UTILISATEUR et vous informe que ces donn\u00e9es seront trait\u00e9es conform\u00e9ment aux dispositions du r\u00e8glement (UE) 2016\/679, du 27 avril (GDPR), et de la loi organique 3\/2018, du 5 [&hellip;]<\/p>\n","protected":false},"author":1,"featured_media":0,"parent":0,"menu_order":0,"comment_status":"closed","ping_status":"closed","template":"","meta":{"_acf_changed":false,"site-sidebar-layout":"no-sidebar","site-content-layout":"page-builder","ast-site-content-layout":"default","site-content-style":"default","site-sidebar-style":"default","ast-global-header-display":"","ast-banner-title-visibility":"","ast-main-header-display":"","ast-hfb-above-header-display":"","ast-hfb-below-header-display":"","ast-hfb-mobile-header-display":"","site-post-title":"disabled","ast-breadcrumbs-content":"","ast-featured-img":"disabled","footer-sml-layout":"","ast-disable-related-posts":"","theme-transparent-header-meta":"","adv-header-id-meta":"","stick-header-meta":"","header-above-stick-meta":"","header-main-stick-meta":"","header-below-stick-meta":"","astra-migrate-meta-layouts":"default","ast-page-background-enabled":"default","ast-page-background-meta":{"desktop":{"background-color":"","background-image":"","background-repeat":"repeat","background-position":"center center","background-size":"auto","background-attachment":"scroll","background-type":"","background-media":"","overlay-type":"","overlay-color":"","overlay-opacity":"","overlay-gradient":""},"tablet":{"background-color":"","background-image":"","background-repeat":"repeat","background-position":"center center","background-size":"auto","background-attachment":"scroll","background-type":"","background-media":"","overlay-type":"","overlay-color":"","overlay-opacity":"","overlay-gradient":""},"mobile":{"background-color":"","background-image":"","background-repeat":"repeat","background-position":"center center","background-size":"auto","background-attachment":"scroll","background-type":"","background-media":"","overlay-type":"","overlay-color":"","overlay-opacity":"","overlay-gradient":""}},"ast-content-background-meta":{"desktop":{"background-color":"var(--ast-global-color-5)","background-image":"","background-repeat":"repeat","background-position":"center center","background-size":"auto","background-attachment":"scroll","background-type":"","background-media":"","overlay-type":"","overlay-color":"","overlay-opacity":"","overlay-gradient":""},"tablet":{"background-color":"var(--ast-global-color-5)","background-image":"","background-repeat":"repeat","background-position":"center center","background-size":"auto","background-attachment":"scroll","background-type":"","background-media":"","overlay-type":"","overlay-color":"","overlay-opacity":"","overlay-gradient":""},"mobile":{"background-color":"var(--ast-global-color-5)","background-image":"","background-repeat":"repeat","background-position":"center center","background-size":"auto","background-attachment":"scroll","background-type":"","background-media":"","overlay-type":"","overlay-color":"","overlay-opacity":"","overlay-gradient":""}},"_joinchat":[],"footnotes":""},"class_list":["post-4534","page","type-page","status-publish","hentry"],"acf":[],"_links":{"self":[{"href":"https:\/\/ladyvirginiaibiza.com\/fr\/wp-json\/wp\/v2\/pages\/4534","targetHints":{"allow":["GET"]}}],"collection":[{"href":"https:\/\/ladyvirginiaibiza.com\/fr\/wp-json\/wp\/v2\/pages"}],"about":[{"href":"https:\/\/ladyvirginiaibiza.com\/fr\/wp-json\/wp\/v2\/types\/page"}],"author":[{"embeddable":true,"href":"https:\/\/ladyvirginiaibiza.com\/fr\/wp-json\/wp\/v2\/users\/1"}],"replies":[{"embeddable":true,"href":"https:\/\/ladyvirginiaibiza.com\/fr\/wp-json\/wp\/v2\/comments?post=4534"}],"version-history":[{"count":0,"href":"https:\/\/ladyvirginiaibiza.com\/fr\/wp-json\/wp\/v2\/pages\/4534\/revisions"}],"wp:attachment":[{"href":"https:\/\/ladyvirginiaibiza.com\/fr\/wp-json\/wp\/v2\/media?parent=4534"}],"curies":[{"name":"wp","href":"https:\/\/api.w.org\/{rel}","templated":true}]}}