{"id":4501,"date":"2022-06-29T07:00:56","date_gmt":"2022-06-29T07:00:56","guid":{"rendered":"https:\/\/ladyvirginiaibiza.com\/aviso-legal\/"},"modified":"2022-06-30T08:52:30","modified_gmt":"2022-06-30T08:52:30","slug":"avis-juridique","status":"publish","type":"page","link":"https:\/\/ladyvirginiaibiza.com\/fr\/avis-juridique\/","title":{"rendered":"Avis juridique"},"content":{"rendered":"\t\t<div data-elementor-type=\"wp-page\" data-elementor-id=\"4501\" class=\"elementor elementor-4501 elementor-4342\" data-elementor-post-type=\"page\">\n\t\t\t\t\t\t<section class=\"elementor-section elementor-top-section elementor-element elementor-element-f9e3e97 elementor-section-content-middle elementor-section-boxed elementor-section-height-default elementor-section-height-default\" data-id=\"f9e3e97\" data-element_type=\"section\" data-e-type=\"section\" data-settings=\"{&quot;background_background&quot;:&quot;classic&quot;}\">\n\t\t\t\t\t\t\t<div class=\"elementor-background-overlay\"><\/div>\n\t\t\t\t\t\t\t<div class=\"elementor-container elementor-column-gap-no\">\n\t\t\t\t\t<div class=\"elementor-column elementor-col-100 elementor-top-column elementor-element elementor-element-5581b84\" data-id=\"5581b84\" data-element_type=\"column\" data-e-type=\"column\">\n\t\t\t<div class=\"elementor-widget-wrap elementor-element-populated\">\n\t\t\t\t\t\t<div class=\"elementor-element elementor-element-e790cc9 elementor-widget elementor-widget-heading\" data-id=\"e790cc9\" data-element_type=\"widget\" data-e-type=\"widget\" data-widget_type=\"heading.default\">\n\t\t\t\t<div class=\"elementor-widget-container\">\n\t\t\t\t\t<h1 class=\"elementor-heading-title elementor-size-default\">AVIS JURIDIQUE<\/h1>\t\t\t\t<\/div>\n\t\t\t\t<\/div>\n\t\t\t\t\t<\/div>\n\t\t<\/div>\n\t\t\t\t\t<\/div>\n\t\t<\/section>\n\t\t\t\t<section class=\"elementor-section elementor-top-section elementor-element elementor-element-75cb882 elementor-section-content-middle elementor-section-boxed elementor-section-height-default elementor-section-height-default\" data-id=\"75cb882\" data-element_type=\"section\" data-e-type=\"section\">\n\t\t\t\t\t\t<div class=\"elementor-container elementor-column-gap-no\">\n\t\t\t\t\t<div class=\"elementor-column elementor-col-100 elementor-top-column elementor-element elementor-element-257a0ef\" data-id=\"257a0ef\" data-element_type=\"column\" data-e-type=\"column\">\n\t\t\t<div class=\"elementor-widget-wrap elementor-element-populated\">\n\t\t\t\t\t\t<div class=\"elementor-element elementor-element-2cb6afd elementor-widget elementor-widget-text-editor\" data-id=\"2cb6afd\" data-element_type=\"widget\" data-e-type=\"widget\" data-widget_type=\"text-editor.default\">\n\t\t\t\t<div class=\"elementor-widget-container\">\n\t\t\t\t\t\t\t\t\t<p><strong>DROIT DES SERVICES DE LA SOCI\u00c9T\u00c9 DE L&rsquo;INFORMATION (LSSI)<\/strong><\/p><p><strong>ALTAIR NAUTICA SL<\/strong>, responsable du site web, ci-apr\u00e8s RESPONSABLE, met \u00e0 la disposition des utilisateurs le pr\u00e9sent document, avec lequel elle vise \u00e0 respecter les obligations pr\u00e9vues par la Loi 34\/2002, du 11 juillet, sur les services de la soci\u00e9t\u00e9 de l&rsquo;information et le commerce \u00e9lectronique (LSSICE), BOE n\u00ba 166, ainsi qu&rsquo;\u00e0 informer tous les utilisateurs du site web des conditions d&rsquo;utilisation.<\/p><p>Toute personne acc\u00e9dant \u00e0 ce site Web assume le r\u00f4le d&rsquo;utilisateur, s&rsquo;engageant \u00e0 respecter et \u00e0 se conformer strictement aux dispositions du pr\u00e9sent document, ainsi qu&rsquo;\u00e0 toute autre disposition l\u00e9gale \u00e9ventuellement applicable.<\/p><p><strong>ALTAIR NAUTICA SL<\/strong> se r\u00e9serve le droit de modifier tout type d&rsquo;information pouvant appara\u00eetre sur le site web, sans obligation de pr\u00e9avis ni d&rsquo;information des utilisateurs, la publication sur le site web d&rsquo;ALTAIR NAUTICA SL \u00e9tant consid\u00e9r\u00e9e comme suffisante.<\/p><p><strong>1. DONN\u00c9ES D&rsquo;IDENTIFICATION<\/strong><\/p><p>Nom de domaine : ladyvirginiaibiza.com<br \/>Nom commercial : LADY VIRGINIA IBIZA<br \/>Nom de la soci\u00e9t\u00e9 : ALTAIR NAUTICA SL<br \/>NUM\u00c9RO D&rsquo;IDENTIFICATION FISCALE : B07820509<br \/>Si\u00e8ge social : Calle Sant Jaime, N\u00ba39 4-1, 07840 Santa Eulalia Del Rio (Illes Balears)<br \/>T\u00e9l\u00e9phone : 645871590<br \/>Courriel : info@ladyvirginiaibiza.com<\/p><p><strong>2. DROITS DE PROPRI\u00c9T\u00c9 INTELLECTUELLE ET INDUSTRIELLE<\/strong><\/p><p>Le site web, y compris, mais sans s&rsquo;y limiter, sa programmation, son \u00e9dition, sa compilation et les autres \u00e9l\u00e9ments n\u00e9cessaires \u00e0 son fonctionnement, les dessins, les logos, les textes et\/ou les graphiques, sont la propri\u00e9t\u00e9 du RESPONSABLE ou, le cas \u00e9ch\u00e9ant, disposent d&rsquo;une licence ou d&rsquo;une autorisation expresse des auteurs. Tous les contenus du site web sont d\u00fbment prot\u00e9g\u00e9s par la r\u00e9glementation en mati\u00e8re de propri\u00e9t\u00e9 intellectuelle et industrielle, et sont inscrits dans les registres publics correspondants.<\/p><p>Ind\u00e9pendamment de la finalit\u00e9 \u00e0 laquelle ils sont destin\u00e9s, la reproduction, l&rsquo;utilisation, l&rsquo;exploitation, la distribution et la commercialisation, totales ou partielles, n\u00e9cessitent dans tous les cas l&rsquo;autorisation \u00e9crite pr\u00e9alable du RESPONSABLE. Toute utilisation non autoris\u00e9e au pr\u00e9alable est consid\u00e9r\u00e9e comme une violation grave des droits de propri\u00e9t\u00e9 intellectuelle ou industrielle de l&rsquo;auteur.<\/p><p>Les dessins, logos, textes et\/ou graphiques qui n&rsquo;appartiennent pas au RESPONSABLE et qui peuvent appara\u00eetre sur le site web appartiennent \u00e0 leurs propri\u00e9taires respectifs, et ils sont eux-m\u00eames responsables de toute \u00e9ventuelle controverse qui pourrait survenir \u00e0 leur sujet. Le RESPONSABLE autorise express\u00e9ment les tiers \u00e0 rediriger directement vers les contenus sp\u00e9cifiques du site, et en tout cas \u00e0 rediriger vers le site principal de ladyvirginiaibiza.com.<\/p><p>Le RESPONSABLE reconna\u00eet en faveur de leurs propri\u00e9taires les droits de propri\u00e9t\u00e9 intellectuelle et industrielle correspondants, et leur simple mention ou apparition sur le site web n&rsquo;implique pas l&rsquo;existence de droits ou de responsabilit\u00e9s quelconques sur eux, ni une approbation, un parrainage ou une recommandation de leur part.<\/p><p>Pour formuler tout type d&rsquo;observation concernant d&rsquo;\u00e9ventuelles violations des droits de propri\u00e9t\u00e9 intellectuelle ou industrielle, ainsi que sur l&rsquo;un des contenus du site web, vous pouvez le faire en envoyant un courrier \u00e9lectronique \u00e0 info@ladyvirginiaibiza.com.<\/p><p><strong>3. EXEMPTION DE RESPONSABILIT\u00c9<\/strong><\/p><p>Le RESPONSABLE est exempt de tout type de responsabilit\u00e9 d\u00e9riv\u00e9e de l&rsquo;information publi\u00e9e sur son site web tant qu&rsquo;il n&rsquo;a pas connaissance effective que cette information a \u00e9t\u00e9 manipul\u00e9e ou introduite par un tiers ext\u00e9rieur \u00e0 celui-ci ou, si c&rsquo;est le cas, il a agi avec diligence pour supprimer les donn\u00e9es ou rendre impossible leur acc\u00e8s.<\/p><p><strong>Utilisation des cookies<\/strong><\/p><p>Ce site web peut utiliser des cookies techniques (petits fichiers d&rsquo;information que le serveur envoie \u00e0 l&rsquo;ordinateur de la personne qui acc\u00e8de \u00e0 la page) pour r\u00e9aliser certaines fonctions consid\u00e9r\u00e9es comme essentielles pour le bon fonctionnement et la visualisation du site. Les cookies utilis\u00e9s sont, dans tous les cas, de nature temporaire, dans le seul but de rendre la navigation plus efficace, et disparaissent \u00e0 la fin de la session de l&rsquo;utilisateur. En aucun cas, ces cookies ne fournissent eux-m\u00eames des donn\u00e9es personnelles et ils ne seront pas utilis\u00e9s pour collecter de telles donn\u00e9es.<\/p><p>Gr\u00e2ce \u00e0 l&rsquo;utilisation de cookies, il est \u00e9galement possible que le serveur o\u00f9 se trouve le site web reconnaisse le navigateur utilis\u00e9 par l&rsquo;utilisateur afin de faciliter la navigation, permettant, par exemple, l&rsquo;acc\u00e8s des utilisateurs qui se sont pr\u00e9alablement inscrits aux zones, services, promotions ou concours qui leur sont exclusivement r\u00e9serv\u00e9s sans devoir s&rsquo;inscrire \u00e0 chaque visite. Ils peuvent \u00e9galement \u00eatre utilis\u00e9s pour mesurer l&rsquo;audience, les param\u00e8tres de trafic, contr\u00f4ler la progression et le nombre d&rsquo;entr\u00e9es, etc., \u00e9tant dans ces cas des cookies techniquement dispensables, mais b\u00e9n\u00e9fiques pour l&rsquo;utilisateur. Ce site web n&rsquo;installera pas de cookies dispensables sans le consentement pr\u00e9alable de l&rsquo;utilisateur.<\/p><p>Ce site web utilise ses propres cookies et ceux de tiers \u00e0 des fins d&rsquo;analyse et pour vous montrer des publicit\u00e9s personnalis\u00e9es bas\u00e9es sur un profil \u00e9tabli \u00e0 partir de vos habitudes de navigation (par exemple, les pages visit\u00e9es). Tous les utilisateurs qui visitent le site web sont inform\u00e9s de l&rsquo;utilisation de ces cookies au moyen d&rsquo;une banni\u00e8re flottante. Si vous acceptez leur utilisation, la banni\u00e8re dispara\u00eetra, mais vous pouvez r\u00e9voquer votre consentement \u00e0 tout moment et obtenir plus d&rsquo;informations en consultant notre politique en mati\u00e8re de cookies.<\/p><p>L&rsquo;utilisateur a la possibilit\u00e9 de configurer son navigateur pour \u00eatre alert\u00e9 de la r\u00e9ception de cookies et pour emp\u00eacher leur installation sur son ordinateur. Veuillez consulter les instructions de votre navigateur pour plus d&rsquo;informations.<\/p><p><strong>Politique de liens<\/strong><\/p><p>\u00c0 partir du site web, vous pouvez \u00eatre redirig\u00e9 vers du contenu sur des sites web de tiers. \u00c9tant donn\u00e9 que le RESPONSABLE ne peut pas toujours contr\u00f4ler les contenus introduits par des tiers dans leurs sites web respectifs, il n&rsquo;assume aucun type de responsabilit\u00e9 quant \u00e0 ces contenus. Dans tous les cas, il proc\u00e9dera au retrait imm\u00e9diat de tout contenu susceptible de contrevenir \u00e0 la l\u00e9gislation nationale ou internationale, \u00e0 la morale ou \u00e0 l&rsquo;ordre public, en proc\u00e9dant au retrait imm\u00e9diat de la redirection vers ledit site web, en informant les autorit\u00e9s comp\u00e9tentes du contenu en question.<\/p><p>Le RESPONSABLE n&rsquo;est pas responsable des informations et contenus stock\u00e9s, y compris, mais sans s&rsquo;y limiter, dans les forums, chats, g\u00e9n\u00e9rateurs de blogs, commentaires, r\u00e9seaux sociaux ou tout autre support permettant \u00e0 des tiers de publier des contenus de mani\u00e8re ind\u00e9pendante sur le site web du RESPONSABLE.<\/p><p>Toutefois, et conform\u00e9ment aux dispositions des articles 11 et 16 de la LSSICE, il se met \u00e0 la disposition de tous les utilisateurs, des autorit\u00e9s et des forces de s\u00e9curit\u00e9, en collaborant activement \u00e0 la suppression ou, le cas \u00e9ch\u00e9ant, au blocage de tous les contenus susceptibles d&rsquo;affecter ou de contrevenir \u00e0 la l\u00e9gislation nationale ou internationale, aux droits des tiers ou \u00e0 la morale et \u00e0 l&rsquo;ordre public. Si l&rsquo;utilisateur estime qu&rsquo;un contenu du site web est susceptible d&rsquo;\u00eatre class\u00e9 dans cette cat\u00e9gorie, il doit en informer imm\u00e9diatement l&rsquo;administrateur du site.<\/p><p>Ce site web a \u00e9t\u00e9 v\u00e9rifi\u00e9 et test\u00e9 pour s&rsquo;assurer de son bon fonctionnement. En principe, on peut garantir son bon fonctionnement 365 jours par an, 24 heures sur 24. Toutefois, le RESPONSABLE n&rsquo;exclut pas la possibilit\u00e9 de certaines erreurs de programmation, ni la survenance de cas de force majeure, de catastrophes naturelles, de gr\u00e8ves ou de circonstances similaires rendant impossible l&rsquo;acc\u00e8s au site web.<\/p><p><strong>Adresses IP<\/strong><\/p><p>Les serveurs du site web seront en mesure de d\u00e9tecter automatiquement l&rsquo;adresse IP et le nom de domaine utilis\u00e9s par l&rsquo;utilisateur. Une adresse IP est un num\u00e9ro automatiquement attribu\u00e9 \u00e0 un ordinateur lorsqu&rsquo;il se connecte \u00e0 Internet. Toutes ces informations sont enregistr\u00e9es dans un fichier d&rsquo;activit\u00e9 du serveur d\u00fbment enregistr\u00e9 qui permet le traitement ult\u00e9rieur des donn\u00e9es afin d&rsquo;obtenir des mesures purement statistiques qui permettent de conna\u00eetre le nombre d&rsquo;impressions de pages, le nombre de visites effectu\u00e9es sur les serveurs web, l&rsquo;ordre des visites, le point d&rsquo;acc\u00e8s, etc.<\/p><p><strong>4. LOI ET JURIDICTION APPLICABLE<\/strong><\/p><p>Pour la r\u00e9solution de tous les litiges ou questions li\u00e9s \u00e0 ce site web ou aux activit\u00e9s qui y sont r\u00e9alis\u00e9es, on appliquera la loi espagnole, \u00e0 laquelle les parties se soumettent express\u00e9ment, et les Cours et Tribunaux du domicile de l&rsquo;UTILISATEUR ou du lieu d&rsquo;ex\u00e9cution de l&rsquo;obligation seront comp\u00e9tents pour r\u00e9soudre tous les litiges d\u00e9coulant de ou li\u00e9s \u00e0 son utilisation.<\/p>\t\t\t\t\t\t\t\t<\/div>\n\t\t\t\t<\/div>\n\t\t\t\t\t<\/div>\n\t\t<\/div>\n\t\t\t\t\t<\/div>\n\t\t<\/section>\n\t\t\t\t<\/div>\n\t\t","protected":false},"excerpt":{"rendered":"<p>AVIS JURIDIQUE DROIT DES SERVICES DE LA SOCI\u00c9T\u00c9 DE L&rsquo;INFORMATION (LSSI) ALTAIR NAUTICA SL, responsable du site web, ci-apr\u00e8s RESPONSABLE, met \u00e0 la disposition des utilisateurs le pr\u00e9sent document, avec lequel elle vise \u00e0 respecter les obligations pr\u00e9vues par la Loi 34\/2002, du 11 juillet, sur les services de la soci\u00e9t\u00e9 de l&rsquo;information et le [&hellip;]<\/p>\n","protected":false},"author":1,"featured_media":0,"parent":0,"menu_order":0,"comment_status":"closed","ping_status":"closed","template":"","meta":{"_acf_changed":false,"site-sidebar-layout":"no-sidebar","site-content-layout":"page-builder","ast-site-content-layout":"default","site-content-style":"default","site-sidebar-style":"default","ast-global-header-display":"","ast-banner-title-visibility":"","ast-main-header-display":"","ast-hfb-above-header-display":"","ast-hfb-below-header-display":"","ast-hfb-mobile-header-display":"","site-post-title":"disabled","ast-breadcrumbs-content":"","ast-featured-img":"disabled","footer-sml-layout":"","ast-disable-related-posts":"","theme-transparent-header-meta":"","adv-header-id-meta":"","stick-header-meta":"","header-above-stick-meta":"","header-main-stick-meta":"","header-below-stick-meta":"","astra-migrate-meta-layouts":"default","ast-page-background-enabled":"default","ast-page-background-meta":{"desktop":{"background-color":"","background-image":"","background-repeat":"repeat","background-position":"center center","background-size":"auto","background-attachment":"scroll","background-type":"","background-media":"","overlay-type":"","overlay-color":"","overlay-opacity":"","overlay-gradient":""},"tablet":{"background-color":"","background-image":"","background-repeat":"repeat","background-position":"center center","background-size":"auto","background-attachment":"scroll","background-type":"","background-media":"","overlay-type":"","overlay-color":"","overlay-opacity":"","overlay-gradient":""},"mobile":{"background-color":"","background-image":"","background-repeat":"repeat","background-position":"center center","background-size":"auto","background-attachment":"scroll","background-type":"","background-media":"","overlay-type":"","overlay-color":"","overlay-opacity":"","overlay-gradient":""}},"ast-content-background-meta":{"desktop":{"background-color":"var(--ast-global-color-5)","background-image":"","background-repeat":"repeat","background-position":"center center","background-size":"auto","background-attachment":"scroll","background-type":"","background-media":"","overlay-type":"","overlay-color":"","overlay-opacity":"","overlay-gradient":""},"tablet":{"background-color":"var(--ast-global-color-5)","background-image":"","background-repeat":"repeat","background-position":"center center","background-size":"auto","background-attachment":"scroll","background-type":"","background-media":"","overlay-type":"","overlay-color":"","overlay-opacity":"","overlay-gradient":""},"mobile":{"background-color":"var(--ast-global-color-5)","background-image":"","background-repeat":"repeat","background-position":"center center","background-size":"auto","background-attachment":"scroll","background-type":"","background-media":"","overlay-type":"","overlay-color":"","overlay-opacity":"","overlay-gradient":""}},"_joinchat":[],"footnotes":""},"class_list":["post-4501","page","type-page","status-publish","hentry"],"acf":[],"_links":{"self":[{"href":"https:\/\/ladyvirginiaibiza.com\/fr\/wp-json\/wp\/v2\/pages\/4501","targetHints":{"allow":["GET"]}}],"collection":[{"href":"https:\/\/ladyvirginiaibiza.com\/fr\/wp-json\/wp\/v2\/pages"}],"about":[{"href":"https:\/\/ladyvirginiaibiza.com\/fr\/wp-json\/wp\/v2\/types\/page"}],"author":[{"embeddable":true,"href":"https:\/\/ladyvirginiaibiza.com\/fr\/wp-json\/wp\/v2\/users\/1"}],"replies":[{"embeddable":true,"href":"https:\/\/ladyvirginiaibiza.com\/fr\/wp-json\/wp\/v2\/comments?post=4501"}],"version-history":[{"count":0,"href":"https:\/\/ladyvirginiaibiza.com\/fr\/wp-json\/wp\/v2\/pages\/4501\/revisions"}],"wp:attachment":[{"href":"https:\/\/ladyvirginiaibiza.com\/fr\/wp-json\/wp\/v2\/media?parent=4501"}],"curies":[{"name":"wp","href":"https:\/\/api.w.org\/{rel}","templated":true}]}}