{"id":3401,"date":"2019-02-19T17:56:40","date_gmt":"2019-02-19T17:56:40","guid":{"rendered":"https:\/\/ladyvirginiaibiza.com\/nosotros\/"},"modified":"2025-07-16T12:41:10","modified_gmt":"2025-07-16T10:41:10","slug":"a-propos-de-nous","status":"publish","type":"page","link":"https:\/\/ladyvirginiaibiza.com\/fr\/a-propos-de-nous\/","title":{"rendered":"\u00c0 propos de nous"},"content":{"rendered":"\t\t<div data-elementor-type=\"wp-post\" data-elementor-id=\"3401\" class=\"elementor elementor-3401 elementor-519\" data-elementor-post-type=\"page\">\n\t\t\t\t\t\t<section class=\"elementor-section elementor-top-section elementor-element elementor-element-0b5b359 elementor-section-content-middle elementor-section-boxed elementor-section-height-default elementor-section-height-default\" data-id=\"0b5b359\" data-element_type=\"section\" data-e-type=\"section\" data-settings=\"{&quot;background_background&quot;:&quot;classic&quot;}\">\n\t\t\t\t\t\t\t<div class=\"elementor-background-overlay\"><\/div>\n\t\t\t\t\t\t\t<div class=\"elementor-container elementor-column-gap-no\">\n\t\t\t\t\t<div class=\"elementor-column elementor-col-100 elementor-top-column elementor-element elementor-element-7e89419\" data-id=\"7e89419\" data-element_type=\"column\" data-e-type=\"column\">\n\t\t\t<div class=\"elementor-widget-wrap elementor-element-populated\">\n\t\t\t\t\t\t<div class=\"elementor-element elementor-element-434ec06 elementor-widget elementor-widget-heading\" data-id=\"434ec06\" data-element_type=\"widget\" data-e-type=\"widget\" data-widget_type=\"heading.default\">\n\t\t\t\t<div class=\"elementor-widget-container\">\n\t\t\t\t\t<h1 class=\"elementor-heading-title elementor-size-default\">\u00c0 PROPOS DE NOUS<\/h1>\t\t\t\t<\/div>\n\t\t\t\t<\/div>\n\t\t\t\t\t<\/div>\n\t\t<\/div>\n\t\t\t\t\t<\/div>\n\t\t<\/section>\n\t\t\t\t<section class=\"elementor-section elementor-top-section elementor-element elementor-element-f5d4966 elementor-section-boxed elementor-section-height-default elementor-section-height-default\" data-id=\"f5d4966\" data-element_type=\"section\" data-e-type=\"section\">\n\t\t\t\t\t\t<div class=\"elementor-container elementor-column-gap-default\">\n\t\t\t\t\t<div class=\"elementor-column elementor-col-100 elementor-top-column elementor-element elementor-element-9a01147\" data-id=\"9a01147\" data-element_type=\"column\" data-e-type=\"column\">\n\t\t\t<div class=\"elementor-widget-wrap elementor-element-populated\">\n\t\t\t\t\t\t<div class=\"elementor-element elementor-element-c85a5f4 elementor-align-left elementor-tablet-align-center elementor-mobile-align-center elementor-widget elementor-widget-breadcrumbs\" data-id=\"c85a5f4\" data-element_type=\"widget\" data-e-type=\"widget\" data-widget_type=\"breadcrumbs.default\">\n\t\t\t\t<div class=\"elementor-widget-container\">\n\t\t\t\t\t<nav aria-label=\"breadcrumbs\" class=\"rank-math-breadcrumb\"><p><span class=\"last\">Home<\/span><\/p><\/nav>\t\t\t\t<\/div>\n\t\t\t\t<\/div>\n\t\t\t\t\t<\/div>\n\t\t<\/div>\n\t\t\t\t\t<\/div>\n\t\t<\/section>\n\t\t\t\t<section class=\"elementor-section elementor-top-section elementor-element elementor-element-ad1ea75 elementor-section-content-middle elementor-section-boxed elementor-section-height-default elementor-section-height-default\" data-id=\"ad1ea75\" data-element_type=\"section\" data-e-type=\"section\">\n\t\t\t\t\t\t<div class=\"elementor-container elementor-column-gap-no\">\n\t\t\t\t\t<div class=\"elementor-column elementor-col-100 elementor-top-column elementor-element elementor-element-5ea3a95\" data-id=\"5ea3a95\" data-element_type=\"column\" data-e-type=\"column\">\n\t\t\t<div class=\"elementor-widget-wrap elementor-element-populated\">\n\t\t\t\t\t\t<section class=\"elementor-section elementor-inner-section elementor-element elementor-element-687fc85 elementor-section-boxed elementor-section-height-default elementor-section-height-default\" data-id=\"687fc85\" data-element_type=\"section\" data-e-type=\"section\">\n\t\t\t\t\t\t<div class=\"elementor-container elementor-column-gap-default\">\n\t\t\t\t\t<div class=\"elementor-column elementor-col-25 elementor-inner-column elementor-element elementor-element-3a3a49f\" data-id=\"3a3a49f\" data-element_type=\"column\" data-e-type=\"column\">\n\t\t\t<div class=\"elementor-widget-wrap elementor-element-populated\">\n\t\t\t\t\t\t<div class=\"elementor-element elementor-element-bc53abe elementor-widget elementor-widget-heading\" data-id=\"bc53abe\" data-element_type=\"widget\" data-e-type=\"widget\" data-widget_type=\"heading.default\">\n\t\t\t\t<div class=\"elementor-widget-container\">\n\t\t\t\t\t<span class=\"elementor-heading-title elementor-size-default\">01.<\/span>\t\t\t\t<\/div>\n\t\t\t\t<\/div>\n\t\t\t\t<div class=\"elementor-element elementor-element-7ab6547 elementor-widget elementor-widget-heading\" data-id=\"7ab6547\" data-element_type=\"widget\" data-e-type=\"widget\" data-widget_type=\"heading.default\">\n\t\t\t\t<div class=\"elementor-widget-container\">\n\t\t\t\t\t<h2 class=\"elementor-heading-title elementor-size-default\">Professionnels<\/h2>\t\t\t\t<\/div>\n\t\t\t\t<\/div>\n\t\t\t\t<div class=\"elementor-element elementor-element-e855f51 elementor-widget elementor-widget-text-editor\" data-id=\"e855f51\" data-element_type=\"widget\" data-e-type=\"widget\" data-widget_type=\"text-editor.default\">\n\t\t\t\t<div class=\"elementor-widget-container\">\n\t\t\t\t\t\t\t\t\t<p>Nous sommes l&rsquo;une des entreprises les plus populaires sur l&rsquo;\u00eele d&rsquo;Ibiza, les amoureux de la mer, des eaux cristallines de l&rsquo;\u00eele, des sports nautiques, de l&rsquo;adr\u00e9naline et du plaisir. Avec plus de 20 ans d&rsquo;exp\u00e9rience dans l&rsquo;offre de diff\u00e9rents services nautiques, notre exp\u00e9rience garantit la haute qualit\u00e9 et la s\u00e9curit\u00e9 que nous offrons \u00e0 nos clients.<\/p>\t\t\t\t\t\t\t\t<\/div>\n\t\t\t\t<\/div>\n\t\t\t\t\t<\/div>\n\t\t<\/div>\n\t\t\t\t<div class=\"elementor-column elementor-col-25 elementor-inner-column elementor-element elementor-element-c898396\" data-id=\"c898396\" data-element_type=\"column\" data-e-type=\"column\">\n\t\t\t<div class=\"elementor-widget-wrap elementor-element-populated\">\n\t\t\t\t\t\t<div class=\"elementor-element elementor-element-9915797 elementor-widget elementor-widget-heading\" data-id=\"9915797\" data-element_type=\"widget\" data-e-type=\"widget\" data-widget_type=\"heading.default\">\n\t\t\t\t<div class=\"elementor-widget-container\">\n\t\t\t\t\t<span class=\"elementor-heading-title elementor-size-default\">02.<\/span>\t\t\t\t<\/div>\n\t\t\t\t<\/div>\n\t\t\t\t<div class=\"elementor-element elementor-element-280d8af elementor-widget elementor-widget-heading\" data-id=\"280d8af\" data-element_type=\"widget\" data-e-type=\"widget\" data-widget_type=\"heading.default\">\n\t\t\t\t<div class=\"elementor-widget-container\">\n\t\t\t\t\t<h2 class=\"elementor-heading-title elementor-size-default\">Lady Virginia<\/h2>\t\t\t\t<\/div>\n\t\t\t\t<\/div>\n\t\t\t\t<div class=\"elementor-element elementor-element-f02cec8 elementor-widget elementor-widget-text-editor\" data-id=\"f02cec8\" data-element_type=\"widget\" data-e-type=\"widget\" data-widget_type=\"text-editor.default\">\n\t\t\t\t<div class=\"elementor-widget-container\">\n\t\t\t\t\t\t\t\t\t<p>Nous mettons \u00e0 votre disposition notre bateau r\u00e9nov\u00e9 incorporant les derni\u00e8res avanc\u00e9es en mati\u00e8re de s\u00e9curit\u00e9, de confort et de commodit\u00e9 pour profiter de la mer et de la voile.<\/p>\t\t\t\t\t\t\t\t<\/div>\n\t\t\t\t<\/div>\n\t\t\t\t<div class=\"elementor-element elementor-element-b6ab361 elementor-align-left elementor-widget elementor-widget-button\" data-id=\"b6ab361\" data-element_type=\"widget\" data-e-type=\"widget\" data-widget_type=\"button.default\">\n\t\t\t\t<div class=\"elementor-widget-container\">\n\t\t\t\t\t\t\t\t\t<div class=\"elementor-button-wrapper\">\n\t\t\t\t\t<a class=\"elementor-button elementor-button-link elementor-size-md elementor-animation-float\" href=\"https:\/\/ladyvirginiaibiza.com\/fr\/bateau\/\">\n\t\t\t\t\t\t<span class=\"elementor-button-content-wrapper\">\n\t\t\t\t\t\t<span class=\"elementor-button-icon\">\n\t\t\t\t<i aria-hidden=\"true\" class=\"far fa-arrow-alt-circle-right\"><\/i>\t\t\t<\/span>\n\t\t\t\t\t\t\t\t\t<span class=\"elementor-button-text\">VOIR BATEAU<\/span>\n\t\t\t\t\t<\/span>\n\t\t\t\t\t<\/a>\n\t\t\t\t<\/div>\n\t\t\t\t\t\t\t\t<\/div>\n\t\t\t\t<\/div>\n\t\t\t\t\t<\/div>\n\t\t<\/div>\n\t\t\t\t<div class=\"elementor-column elementor-col-25 elementor-inner-column elementor-element elementor-element-5d0b01d\" data-id=\"5d0b01d\" data-element_type=\"column\" data-e-type=\"column\">\n\t\t\t<div class=\"elementor-widget-wrap elementor-element-populated\">\n\t\t\t\t\t\t<div class=\"elementor-element elementor-element-2a44e26 elementor-widget elementor-widget-heading\" data-id=\"2a44e26\" data-element_type=\"widget\" data-e-type=\"widget\" data-widget_type=\"heading.default\">\n\t\t\t\t<div class=\"elementor-widget-container\">\n\t\t\t\t\t<span class=\"elementor-heading-title elementor-size-default\">03.<\/span>\t\t\t\t<\/div>\n\t\t\t\t<\/div>\n\t\t\t\t<div class=\"elementor-element elementor-element-56bc9a4 elementor-widget elementor-widget-heading\" data-id=\"56bc9a4\" data-element_type=\"widget\" data-e-type=\"widget\" data-widget_type=\"heading.default\">\n\t\t\t\t<div class=\"elementor-widget-container\">\n\t\t\t\t\t<h2 class=\"elementor-heading-title elementor-size-default\">Qualit\u00e9<\/h2>\t\t\t\t<\/div>\n\t\t\t\t<\/div>\n\t\t\t\t<div class=\"elementor-element elementor-element-4219ce7 elementor-widget elementor-widget-text-editor\" data-id=\"4219ce7\" data-element_type=\"widget\" data-e-type=\"widget\" data-widget_type=\"text-editor.default\">\n\t\t\t\t<div class=\"elementor-widget-container\">\n\t\t\t\t\t\t\t\t\t<p>Pour nous, il est important d&rsquo;offrir la meilleure qualit\u00e9 dans nos excursions, nous renouvelons donc r\u00e9guli\u00e8rement notre mat\u00e9riel et offrons un excellent service de boissons, tapas et snacks de qualit\u00e9.<\/p><p>Notre objectif est de satisfaire nos clients et de les aider \u00e0 profiter pleinement de l&rsquo;exp\u00e9rience de passer une journ\u00e9e incroyable \u00e0 bord du Lady Virginia Ibiza.<\/p>\t\t\t\t\t\t\t\t<\/div>\n\t\t\t\t<\/div>\n\t\t\t\t<div class=\"elementor-element elementor-element-575b2c3 elementor-align-left elementor-widget elementor-widget-button\" data-id=\"575b2c3\" data-element_type=\"widget\" data-e-type=\"widget\" data-widget_type=\"button.default\">\n\t\t\t\t<div class=\"elementor-widget-container\">\n\t\t\t\t\t\t\t\t\t<div class=\"elementor-button-wrapper\">\n\t\t\t\t\t<a class=\"elementor-button elementor-button-link elementor-size-md elementor-animation-float\" href=\"https:\/\/ladyvirginiaibiza.com\/fr\/excursions\/\">\n\t\t\t\t\t\t<span class=\"elementor-button-content-wrapper\">\n\t\t\t\t\t\t<span class=\"elementor-button-icon\">\n\t\t\t\t<i aria-hidden=\"true\" class=\"far fa-arrow-alt-circle-right\"><\/i>\t\t\t<\/span>\n\t\t\t\t\t\t\t\t\t<span class=\"elementor-button-text\">VOIR EXCURSIONS<\/span>\n\t\t\t\t\t<\/span>\n\t\t\t\t\t<\/a>\n\t\t\t\t<\/div>\n\t\t\t\t\t\t\t\t<\/div>\n\t\t\t\t<\/div>\n\t\t\t\t\t<\/div>\n\t\t<\/div>\n\t\t\t\t<div class=\"elementor-column elementor-col-25 elementor-inner-column elementor-element elementor-element-545a04d\" data-id=\"545a04d\" data-element_type=\"column\" data-e-type=\"column\">\n\t\t\t<div class=\"elementor-widget-wrap elementor-element-populated\">\n\t\t\t\t\t\t<div class=\"elementor-element elementor-element-05e2045 elementor-widget elementor-widget-heading\" data-id=\"05e2045\" data-element_type=\"widget\" data-e-type=\"widget\" data-widget_type=\"heading.default\">\n\t\t\t\t<div class=\"elementor-widget-container\">\n\t\t\t\t\t<span class=\"elementor-heading-title elementor-size-default\">04.<\/span>\t\t\t\t<\/div>\n\t\t\t\t<\/div>\n\t\t\t\t<div class=\"elementor-element elementor-element-eb973d7 elementor-widget elementor-widget-heading\" data-id=\"eb973d7\" data-element_type=\"widget\" data-e-type=\"widget\" data-widget_type=\"heading.default\">\n\t\t\t\t<div class=\"elementor-widget-container\">\n\t\t\t\t\t<h2 class=\"elementor-heading-title elementor-size-default\">S'amuser tout en respectant l'environnement<\/h2>\t\t\t\t<\/div>\n\t\t\t\t<\/div>\n\t\t\t\t<div class=\"elementor-element elementor-element-632e911 elementor-widget elementor-widget-text-editor\" data-id=\"632e911\" data-element_type=\"widget\" data-e-type=\"widget\" data-widget_type=\"text-editor.default\">\n\t\t\t\t<div class=\"elementor-widget-container\">\n\t\t\t\t\t\t\t\t\t<p>Vous vivrez une exp\u00e9rience unique qui vous permettra de conna\u00eetre la c\u00f4te d&rsquo;Ibiza tout en respectant notre environnement naturel. L&rsquo;un de nos objectifs est de contribuer \u00e0 la conservation de notre environnement naturel afin que nous puissions continuer \u00e0 en profiter avec vous. Engag\u00e9 en faveur de l&rsquo;environnement, Lady virginia est \u00e9quip\u00e9 de panneaux solaires pour recharger ses batteries et la vaisselle utilis\u00e9e est \u00e9cologique et r\u00e9utilisable.<\/p>\t\t\t\t\t\t\t\t<\/div>\n\t\t\t\t<\/div>\n\t\t\t\t\t<\/div>\n\t\t<\/div>\n\t\t\t\t\t<\/div>\n\t\t<\/section>\n\t\t\t\t\t<\/div>\n\t\t<\/div>\n\t\t\t\t\t<\/div>\n\t\t<\/section>\n\t\t\t\t<section class=\"elementor-section elementor-top-section elementor-element elementor-element-02dbe95 elementor-section-full_width fotos-barco elementor-section-height-default elementor-section-height-default\" data-id=\"02dbe95\" data-element_type=\"section\" data-e-type=\"section\">\n\t\t\t\t\t\t<div class=\"elementor-container elementor-column-gap-narrow\">\n\t\t\t\t\t<div class=\"elementor-column elementor-col-25 elementor-top-column elementor-element elementor-element-d3e4602\" data-id=\"d3e4602\" data-element_type=\"column\" data-e-type=\"column\">\n\t\t\t<div class=\"elementor-widget-wrap elementor-element-populated\">\n\t\t\t\t\t\t<div class=\"elementor-element elementor-element-99c11c6 elementor-widget elementor-widget-image\" data-id=\"99c11c6\" data-element_type=\"widget\" data-e-type=\"widget\" data-widget_type=\"image.default\">\n\t\t\t\t<div class=\"elementor-widget-container\">\n\t\t\t\t\t\t\t\t\t\t\t\t\t\t\t\t<a href=\"https:\/\/ladyvirginiaibiza.com\/wp-content\/uploads\/2025\/07\/excursion-puesta-de-sol-3-1200.webp\" data-elementor-open-lightbox=\"yes\" data-elementor-lightbox-title=\"excursion puesta de sol (3)-1200\" data-e-action-hash=\"#elementor-action%3Aaction%3Dlightbox%26settings%3DeyJpZCI6OTU2NSwidXJsIjoiaHR0cHM6XC9cL2xhZHl2aXJnaW5pYWliaXphLmNvbVwvd3AtY29udGVudFwvdXBsb2Fkc1wvMjAyNVwvMDdcL2V4Y3Vyc2lvbi1wdWVzdGEtZGUtc29sLTMtMTIwMC53ZWJwIn0%3D\">\n\t\t\t\t\t\t\t<img fetchpriority=\"high\" decoding=\"async\" width=\"1200\" height=\"800\" src=\"https:\/\/ladyvirginiaibiza.com\/wp-content\/uploads\/2025\/07\/excursion-puesta-de-sol-3-1200.webp\" class=\"attachment-full size-full wp-image-9565\" alt=\"\" srcset=\"https:\/\/ladyvirginiaibiza.com\/wp-content\/uploads\/2025\/07\/excursion-puesta-de-sol-3-1200.webp 1200w, https:\/\/ladyvirginiaibiza.com\/wp-content\/uploads\/2025\/07\/excursion-puesta-de-sol-3-1200-300x200.webp 300w, https:\/\/ladyvirginiaibiza.com\/wp-content\/uploads\/2025\/07\/excursion-puesta-de-sol-3-1200-1024x683.webp 1024w, https:\/\/ladyvirginiaibiza.com\/wp-content\/uploads\/2025\/07\/excursion-puesta-de-sol-3-1200-768x512.webp 768w\" sizes=\"(max-width: 1200px) 100vw, 1200px\" \/>\t\t\t\t\t\t\t\t<\/a>\n\t\t\t\t\t\t\t\t\t\t\t\t\t\t\t<\/div>\n\t\t\t\t<\/div>\n\t\t\t\t\t<\/div>\n\t\t<\/div>\n\t\t\t\t<div class=\"elementor-column elementor-col-25 elementor-top-column elementor-element elementor-element-ce5431d\" data-id=\"ce5431d\" data-element_type=\"column\" data-e-type=\"column\">\n\t\t\t<div class=\"elementor-widget-wrap elementor-element-populated\">\n\t\t\t\t\t\t<div class=\"elementor-element elementor-element-7756fa2 elementor-widget elementor-widget-image\" data-id=\"7756fa2\" data-element_type=\"widget\" data-e-type=\"widget\" data-widget_type=\"image.default\">\n\t\t\t\t<div class=\"elementor-widget-container\">\n\t\t\t\t\t\t\t\t\t\t\t\t\t\t\t\t<a href=\"https:\/\/ladyvirginiaibiza.com\/wp-content\/uploads\/2025\/07\/excursion-medio-dia-21-1200.webp\" data-elementor-open-lightbox=\"yes\" data-elementor-lightbox-title=\"excursion medio dia (21)-1200\" data-e-action-hash=\"#elementor-action%3Aaction%3Dlightbox%26settings%3DeyJpZCI6OTUxNywidXJsIjoiaHR0cHM6XC9cL2xhZHl2aXJnaW5pYWliaXphLmNvbVwvd3AtY29udGVudFwvdXBsb2Fkc1wvMjAyNVwvMDdcL2V4Y3Vyc2lvbi1tZWRpby1kaWEtMjEtMTIwMC53ZWJwIn0%3D\">\n\t\t\t\t\t\t\t<img decoding=\"async\" width=\"1200\" height=\"1800\" src=\"https:\/\/ladyvirginiaibiza.com\/wp-content\/uploads\/2025\/07\/excursion-medio-dia-21-1200.webp\" class=\"attachment-full size-full wp-image-9517\" alt=\"\" srcset=\"https:\/\/ladyvirginiaibiza.com\/wp-content\/uploads\/2025\/07\/excursion-medio-dia-21-1200.webp 1200w, https:\/\/ladyvirginiaibiza.com\/wp-content\/uploads\/2025\/07\/excursion-medio-dia-21-1200-200x300.webp 200w, https:\/\/ladyvirginiaibiza.com\/wp-content\/uploads\/2025\/07\/excursion-medio-dia-21-1200-683x1024.webp 683w, https:\/\/ladyvirginiaibiza.com\/wp-content\/uploads\/2025\/07\/excursion-medio-dia-21-1200-768x1152.webp 768w, https:\/\/ladyvirginiaibiza.com\/wp-content\/uploads\/2025\/07\/excursion-medio-dia-21-1200-1024x1536.webp 1024w\" sizes=\"(max-width: 1200px) 100vw, 1200px\" \/>\t\t\t\t\t\t\t\t<\/a>\n\t\t\t\t\t\t\t\t\t\t\t\t\t\t\t<\/div>\n\t\t\t\t<\/div>\n\t\t\t\t\t<\/div>\n\t\t<\/div>\n\t\t\t\t<div class=\"elementor-column elementor-col-25 elementor-top-column elementor-element elementor-element-5c19ff8\" data-id=\"5c19ff8\" data-element_type=\"column\" data-e-type=\"column\">\n\t\t\t<div class=\"elementor-widget-wrap elementor-element-populated\">\n\t\t\t\t\t\t<div class=\"elementor-element elementor-element-8da850d elementor-widget elementor-widget-image\" data-id=\"8da850d\" data-element_type=\"widget\" data-e-type=\"widget\" data-widget_type=\"image.default\">\n\t\t\t\t<div class=\"elementor-widget-container\">\n\t\t\t\t\t\t\t\t\t\t\t\t\t\t\t\t<a href=\"https:\/\/ladyvirginiaibiza.com\/wp-content\/uploads\/2025\/07\/excursion-medio-dia-23-1200.webp\" data-elementor-open-lightbox=\"yes\" data-elementor-lightbox-title=\"excursion medio dia (23)-1200\" data-e-action-hash=\"#elementor-action%3Aaction%3Dlightbox%26settings%3DeyJpZCI6OTM5MCwidXJsIjoiaHR0cHM6XC9cL2xhZHl2aXJnaW5pYWliaXphLmNvbVwvd3AtY29udGVudFwvdXBsb2Fkc1wvMjAyNVwvMDdcL2V4Y3Vyc2lvbi1tZWRpby1kaWEtMjMtMTIwMC53ZWJwIn0%3D\">\n\t\t\t\t\t\t\t<img decoding=\"async\" width=\"1200\" height=\"800\" src=\"https:\/\/ladyvirginiaibiza.com\/wp-content\/uploads\/2025\/07\/excursion-medio-dia-23-1200.webp\" class=\"attachment-full size-full wp-image-9390\" alt=\"\" srcset=\"https:\/\/ladyvirginiaibiza.com\/wp-content\/uploads\/2025\/07\/excursion-medio-dia-23-1200.webp 1200w, https:\/\/ladyvirginiaibiza.com\/wp-content\/uploads\/2025\/07\/excursion-medio-dia-23-1200-300x200.webp 300w, https:\/\/ladyvirginiaibiza.com\/wp-content\/uploads\/2025\/07\/excursion-medio-dia-23-1200-1024x683.webp 1024w, https:\/\/ladyvirginiaibiza.com\/wp-content\/uploads\/2025\/07\/excursion-medio-dia-23-1200-768x512.webp 768w\" sizes=\"(max-width: 1200px) 100vw, 1200px\" \/>\t\t\t\t\t\t\t\t<\/a>\n\t\t\t\t\t\t\t\t\t\t\t\t\t\t\t<\/div>\n\t\t\t\t<\/div>\n\t\t\t\t\t<\/div>\n\t\t<\/div>\n\t\t\t\t<div class=\"elementor-column elementor-col-25 elementor-top-column elementor-element elementor-element-1002305\" data-id=\"1002305\" data-element_type=\"column\" data-e-type=\"column\">\n\t\t\t<div class=\"elementor-widget-wrap elementor-element-populated\">\n\t\t\t\t\t\t<div class=\"elementor-element elementor-element-7b57ee1 elementor-widget elementor-widget-image\" data-id=\"7b57ee1\" data-element_type=\"widget\" data-e-type=\"widget\" data-widget_type=\"image.default\">\n\t\t\t\t<div class=\"elementor-widget-container\">\n\t\t\t\t\t\t\t\t\t\t\t\t\t\t\t\t<a href=\"https:\/\/ladyvirginiaibiza.com\/wp-content\/uploads\/2025\/07\/excursion-puesta-de-sol-10-1200.webp\" data-elementor-open-lightbox=\"yes\" data-elementor-lightbox-title=\"excursion puesta de sol (10)-1200\" data-e-action-hash=\"#elementor-action%3Aaction%3Dlightbox%26settings%3DeyJpZCI6OTYwNywidXJsIjoiaHR0cHM6XC9cL2xhZHl2aXJnaW5pYWliaXphLmNvbVwvd3AtY29udGVudFwvdXBsb2Fkc1wvMjAyNVwvMDdcL2V4Y3Vyc2lvbi1wdWVzdGEtZGUtc29sLTEwLTEyMDAud2VicCJ9\">\n\t\t\t\t\t\t\t<img loading=\"lazy\" decoding=\"async\" width=\"1200\" height=\"800\" src=\"https:\/\/ladyvirginiaibiza.com\/wp-content\/uploads\/2025\/07\/excursion-puesta-de-sol-10-1200.webp\" class=\"attachment-full size-full wp-image-9607\" alt=\"\" srcset=\"https:\/\/ladyvirginiaibiza.com\/wp-content\/uploads\/2025\/07\/excursion-puesta-de-sol-10-1200.webp 1200w, https:\/\/ladyvirginiaibiza.com\/wp-content\/uploads\/2025\/07\/excursion-puesta-de-sol-10-1200-300x200.webp 300w, https:\/\/ladyvirginiaibiza.com\/wp-content\/uploads\/2025\/07\/excursion-puesta-de-sol-10-1200-1024x683.webp 1024w, https:\/\/ladyvirginiaibiza.com\/wp-content\/uploads\/2025\/07\/excursion-puesta-de-sol-10-1200-768x512.webp 768w\" sizes=\"(max-width: 1200px) 100vw, 1200px\" \/>\t\t\t\t\t\t\t\t<\/a>\n\t\t\t\t\t\t\t\t\t\t\t\t\t\t\t<\/div>\n\t\t\t\t<\/div>\n\t\t\t\t\t<\/div>\n\t\t<\/div>\n\t\t\t\t\t<\/div>\n\t\t<\/section>\n\t\t\t\t<\/div>\n\t\t","protected":false},"excerpt":{"rendered":"<p>\u00c0 PROPOS DE NOUS Home 01. Professionnels Nous sommes l&rsquo;une des entreprises les plus populaires sur l&rsquo;\u00eele d&rsquo;Ibiza, les amoureux de la mer, des eaux cristallines de l&rsquo;\u00eele, des sports nautiques, de l&rsquo;adr\u00e9naline et du plaisir. Avec plus de 20 ans d&rsquo;exp\u00e9rience dans l&rsquo;offre de diff\u00e9rents services nautiques, notre exp\u00e9rience garantit la haute qualit\u00e9 et [&hellip;]<\/p>\n","protected":false},"author":1,"featured_media":0,"parent":0,"menu_order":0,"comment_status":"closed","ping_status":"closed","template":"","meta":{"_acf_changed":false,"site-sidebar-layout":"no-sidebar","site-content-layout":"page-builder","ast-site-content-layout":"default","site-content-style":"default","site-sidebar-style":"default","ast-global-header-display":"","ast-banner-title-visibility":"","ast-main-header-display":"","ast-hfb-above-header-display":"","ast-hfb-below-header-display":"","ast-hfb-mobile-header-display":"","site-post-title":"disabled","ast-breadcrumbs-content":"","ast-featured-img":"disabled","footer-sml-layout":"","ast-disable-related-posts":"","theme-transparent-header-meta":"enabled","adv-header-id-meta":"","stick-header-meta":"","header-above-stick-meta":"","header-main-stick-meta":"","header-below-stick-meta":"","astra-migrate-meta-layouts":"default","ast-page-background-enabled":"default","ast-page-background-meta":{"desktop":{"background-color":"","background-image":"","background-repeat":"repeat","background-position":"center center","background-size":"auto","background-attachment":"scroll","background-type":"","background-media":"","overlay-type":"","overlay-color":"","overlay-opacity":"","overlay-gradient":""},"tablet":{"background-color":"","background-image":"","background-repeat":"repeat","background-position":"center center","background-size":"auto","background-attachment":"scroll","background-type":"","background-media":"","overlay-type":"","overlay-color":"","overlay-opacity":"","overlay-gradient":""},"mobile":{"background-color":"","background-image":"","background-repeat":"repeat","background-position":"center center","background-size":"auto","background-attachment":"scroll","background-type":"","background-media":"","overlay-type":"","overlay-color":"","overlay-opacity":"","overlay-gradient":""}},"ast-content-background-meta":{"desktop":{"background-color":"var(--ast-global-color-5)","background-image":"","background-repeat":"repeat","background-position":"center center","background-size":"auto","background-attachment":"scroll","background-type":"","background-media":"","overlay-type":"","overlay-color":"","overlay-opacity":"","overlay-gradient":""},"tablet":{"background-color":"var(--ast-global-color-5)","background-image":"","background-repeat":"repeat","background-position":"center center","background-size":"auto","background-attachment":"scroll","background-type":"","background-media":"","overlay-type":"","overlay-color":"","overlay-opacity":"","overlay-gradient":""},"mobile":{"background-color":"var(--ast-global-color-5)","background-image":"","background-repeat":"repeat","background-position":"center center","background-size":"auto","background-attachment":"scroll","background-type":"","background-media":"","overlay-type":"","overlay-color":"","overlay-opacity":"","overlay-gradient":""}},"_joinchat":[],"footnotes":""},"class_list":["post-3401","page","type-page","status-publish","hentry"],"acf":[],"_links":{"self":[{"href":"https:\/\/ladyvirginiaibiza.com\/fr\/wp-json\/wp\/v2\/pages\/3401","targetHints":{"allow":["GET"]}}],"collection":[{"href":"https:\/\/ladyvirginiaibiza.com\/fr\/wp-json\/wp\/v2\/pages"}],"about":[{"href":"https:\/\/ladyvirginiaibiza.com\/fr\/wp-json\/wp\/v2\/types\/page"}],"author":[{"embeddable":true,"href":"https:\/\/ladyvirginiaibiza.com\/fr\/wp-json\/wp\/v2\/users\/1"}],"replies":[{"embeddable":true,"href":"https:\/\/ladyvirginiaibiza.com\/fr\/wp-json\/wp\/v2\/comments?post=3401"}],"version-history":[{"count":0,"href":"https:\/\/ladyvirginiaibiza.com\/fr\/wp-json\/wp\/v2\/pages\/3401\/revisions"}],"wp:attachment":[{"href":"https:\/\/ladyvirginiaibiza.com\/fr\/wp-json\/wp\/v2\/media?parent=3401"}],"curies":[{"name":"wp","href":"https:\/\/api.w.org\/{rel}","templated":true}]}}