{"id":4620,"date":"2022-06-29T07:25:27","date_gmt":"2022-06-29T07:25:27","guid":{"rendered":"https:\/\/ladyvirginiaibiza.com\/politica-de-cookies\/"},"modified":"2022-07-04T11:42:49","modified_gmt":"2022-07-04T11:42:49","slug":"cookies-politik","status":"publish","type":"page","link":"https:\/\/ladyvirginiaibiza.com\/de\/cookies-politik\/","title":{"rendered":"Cookies-Politik"},"content":{"rendered":"\t\t<div data-elementor-type=\"wp-page\" data-elementor-id=\"4620\" class=\"elementor elementor-4620 elementor-4368\" data-elementor-post-type=\"page\">\n\t\t\t\t\t\t<section class=\"elementor-section elementor-top-section elementor-element elementor-element-142316a elementor-section-content-middle elementor-section-boxed elementor-section-height-default elementor-section-height-default\" data-id=\"142316a\" data-element_type=\"section\" data-e-type=\"section\" data-settings=\"{&quot;background_background&quot;:&quot;classic&quot;}\">\n\t\t\t\t\t\t\t<div class=\"elementor-background-overlay\"><\/div>\n\t\t\t\t\t\t\t<div class=\"elementor-container elementor-column-gap-no\">\n\t\t\t\t\t<div class=\"elementor-column elementor-col-100 elementor-top-column elementor-element elementor-element-e1eeebd\" data-id=\"e1eeebd\" data-element_type=\"column\" data-e-type=\"column\">\n\t\t\t<div class=\"elementor-widget-wrap elementor-element-populated\">\n\t\t\t\t\t\t<div class=\"elementor-element elementor-element-cb6cd07 elementor-widget elementor-widget-heading\" data-id=\"cb6cd07\" data-element_type=\"widget\" data-e-type=\"widget\" data-widget_type=\"heading.default\">\n\t\t\t\t<div class=\"elementor-widget-container\">\n\t\t\t\t\t<h1 class=\"elementor-heading-title elementor-size-default\">COOKIES-POLITIK<\/h1>\t\t\t\t<\/div>\n\t\t\t\t<\/div>\n\t\t\t\t\t<\/div>\n\t\t<\/div>\n\t\t\t\t\t<\/div>\n\t\t<\/section>\n\t\t\t\t<section class=\"elementor-section elementor-top-section elementor-element elementor-element-4435674 elementor-section-content-middle elementor-section-boxed elementor-section-height-default elementor-section-height-default\" data-id=\"4435674\" data-element_type=\"section\" data-e-type=\"section\">\n\t\t\t\t\t\t<div class=\"elementor-container elementor-column-gap-no\">\n\t\t\t\t\t<div class=\"elementor-column elementor-col-100 elementor-top-column elementor-element elementor-element-6e1b960\" data-id=\"6e1b960\" data-element_type=\"column\" data-e-type=\"column\">\n\t\t\t<div class=\"elementor-widget-wrap elementor-element-populated\">\n\t\t\t\t\t\t<div class=\"elementor-element elementor-element-4a9446c elementor-widget elementor-widget-text-editor\" data-id=\"4a9446c\" data-element_type=\"widget\" data-e-type=\"widget\" data-widget_type=\"text-editor.default\">\n\t\t\t\t<div class=\"elementor-widget-container\">\n\t\t\t\t\t\t\t\t\t<ol>\n \t<li><strong>INFORMATIONEN \u00dcBER COOKIES<\/strong>\n\nGem\u00e4\u00df dem Gesetz 34\/2002 vom 11. Juli \u00fcber die Dienste der Informationsgesellschaft und den elektronischen Handel (LSSI), in Verbindung mit der Verordnung (EU) 2016\/679 des Europ\u00e4ischen Parlaments und des Rates vom 27. April 2016, Allgemeine Datenschutzverordnung (GDPR), und dem Organgesetz 3\/2018 vom 5. Dezember \u00fcber den Datenschutz und die Garantie der digitalen Rechte (LOPDGDD), ist es obligatorisch, die ausdr\u00fcckliche Zustimmung des Nutzers aller Websites, die entbehrliche Cookies verwenden, einzuholen, bevor der Nutzer sie besucht.\n\n<strong>WAS SIND COOKIES?<\/strong>\n\nCookies und andere \u00e4hnliche Technologien wie Local Shared Objects, Flash-Cookies oder Pixel sind Hilfsmittel, die von Webservern verwendet werden, um Informationen \u00fcber ihre Besucher zu speichern und abzurufen und um ein korrektes Funktionieren der Website zu gew\u00e4hrleisten.\n\nDie Verwendung dieser Ger\u00e4te erm\u00f6glicht es dem Webserver, sich bestimmte Daten \u00fcber den Benutzer zu merken, z. B. seine Vorlieben f\u00fcr die Anzeige der Seiten dieses Servers, seinen Namen und sein Passwort, die Produkte, die ihn am meisten interessieren, usw.\n\n<strong>COOKIES, DIE VON DER VERORDNUNG BETROFFEN SIND, UND AUSGENOMMENE COOKIES<\/strong>\n\nGem\u00e4\u00df der EU-Richtlinie handelt es sich bei den Cookies, die die Zustimmung des Nutzers erfordern, um analytische Cookies sowie Werbe- und Partnerschafts-Cookies, mit Ausnahme von technischen Cookies und solchen, die f\u00fcr den Betrieb der Website oder die Erbringung der vom Nutzer ausdr\u00fccklich gew\u00fcnschten Dienstleistungen erforderlich sind.\n\n<strong>ARTEN VON COOKIES<\/strong>\n\n<strong>ENTSPRECHEND IHREM ZWECK<\/strong>\n<ul>\n \t<li><strong>Technische und funktionale Cookies:<\/strong> Diese erm\u00f6glichen es dem Nutzer, auf einer Website, Plattform oder Anwendung zu surfen und die verschiedenen Optionen oder Dienste zu nutzen, die dort angeboten werden.<\/li>\n \t<li><strong>Analytische Cookies:<\/strong> Diese erm\u00f6glichen es dem Verantwortlichen, das Verhalten der Nutzer der Websites, mit denen sie verbunden sind, zu beobachten und zu analysieren. Die durch diese Art von Cookies gesammelten Informationen werden zur Messung der Aktivit\u00e4t der Websites, Anwendungen oder Plattformen und zur Erstellung von Browsing-Profilen der Nutzer dieser Websites, Anwendungen und Plattformen verwendet, um Verbesserungen auf der Grundlage der Analyse der Nutzungsdaten der Nutzer des Dienstes einzuf\u00fchren.<\/li>\n \t<li><strong>Werbe-Cookies:<\/strong> sind solche, die eine m\u00f6glichst effiziente Verwaltung der Werbefl\u00e4chen erm\u00f6glichen, die der Herausgeber gegebenenfalls auf einer Website, einer Anwendung oder einer Plattform, von der aus der angeforderte Dienst erbracht wird, anhand von Kriterien wie dem bearbeiteten Inhalt oder der H\u00e4ufigkeit, mit der die Werbung angezeigt wird, eingef\u00fcgt hat.<\/li>\n \t<li><strong>Cookies f\u00fcr verhaltensbasierte Werbung:<\/strong> Sie sammeln Informationen \u00fcber die Vorlieben und pers\u00f6nlichen Entscheidungen des Nutzers (Retargeting), um eine m\u00f6glichst effiziente Verwaltung der Werbefl\u00e4chen zu erm\u00f6glichen, die der Herausgeber gegebenenfalls auf einer Website, einer Anwendung oder einer Plattform eingerichtet hat, von der aus er den angeforderten Dienst anbietet.<\/li>\n \t<li><strong>Soziale Cookies:<\/strong> Diese werden von Social-Media-Plattformen in ihren Diensten gesetzt, damit Sie Inhalte mit Ihren Freunden und Netzwerken teilen k\u00f6nnen. Plattformen f\u00fcr soziale Medien haben die M\u00f6glichkeit, Ihre Online-Aktivit\u00e4ten au\u00dferhalb der Dienste zu verfolgen. Dies kann sich auf die Inhalte und Nachrichten auswirken, die Sie bei anderen Diensten sehen, die Sie besuchen.<\/li>\n \t<li><strong>Partner-Cookies:<\/strong> erm\u00f6glichen die Verfolgung der Besuche von anderen Websites, mit denen die Website einen Partnerschaftsvertrag geschlossen hat (Partnerunternehmen).<\/li>\n \t<li><strong>Sicherheits-Cookies:<\/strong> Diese speichern verschl\u00fcsselte Informationen, um zu verhindern, dass die in ihnen gespeicherten Daten durch b\u00f6swillige Angriffe Dritter angreifbar sind.<\/li>\n<\/ul>\n<\/li>\n<\/ol>\n<strong>NACH DEN EIGENTUMSVERH\u00c4LTNISSEN<\/strong>\n<ul>\n \t<li><strong>Erstanbieter-Cookies:<\/strong> Dies sind Cookies, die von einem Computer oder einer Dom\u00e4ne, die vom Herausgeber selbst verwaltet wird und von der aus der vom Benutzer angeforderte Dienst erbracht wird, an das Endger\u00e4t des Benutzers gesendet werden.<\/li>\n \t<li><strong>Cookies von Dritten:<\/strong> Cookies, die von einem Computer oder einer Dom\u00e4ne, die nicht vom Herausgeber, sondern von einer anderen Einheit, die die durch die Cookies erhaltenen Daten verarbeitet, an das Endger\u00e4t des Benutzers gesendet werden.<\/li>\n<\/ul>\n<strong>ENTSPRECHEND DER AUFBEWAHRUNGSFRIST<\/strong>\n<ul>\n \t<li><strong>Sitzungscookies:<\/strong> Diese Art von Cookies dient dazu, Daten zu sammeln und zu speichern, w\u00e4hrend der Nutzer auf eine Website zugreift.<\/li>\n \t<li><strong>Dauerhafte Cookies:<\/strong> Es handelt sich um einen Cookie-Typ, bei dem die Daten auf dem Endger\u00e4t gespeichert bleiben und f\u00fcr einen von der f\u00fcr den Cookie verantwortlichen Partei festgelegten Zeitraum, der von einigen Minuten bis zu mehreren Jahren reichen kann, abgerufen und verarbeitet werden k\u00f6nnen.<\/li>\n<\/ul>\n<strong>VERARBEITUNG VON PERSONENBEZOGENEN DATEN<\/strong>\n\nALTAIR NAUTICA SL ist der f\u00fcr die Verarbeitung der personenbezogenen Daten der betroffenen Person Verantwortliche und informiert Sie dar\u00fcber, dass diese Daten gem\u00e4\u00df den Bestimmungen der Verordnung (EU) 2016\/679 vom 27. April 2016 (GDPR) verarbeitet werden, weshalb Ihnen die folgenden Verarbeitungsinformationen zur Verf\u00fcgung gestellt werden:\n\n<strong>Zwecke der Verarbeitung:<\/strong> wie im Abschnitt \u00fcber die auf dieser Website verwendeten Cookies angegeben.\n\n<strong>Rechtm\u00e4\u00dfigkeit der Verarbeitung:<\/strong> mit Ausnahme der F\u00e4lle, in denen sie f\u00fcr das Surfen auf der Website erforderlich ist, mit Zustimmung der betroffenen Person (Art. 6.1 GDPR).\n\n<strong>Kriterien f\u00fcr die Datenspeicherung:<\/strong> wie im Abschnitt \u00fcber die auf der Website verwendeten Cookies angegeben.\n\n<strong>Weitergabe von Daten:<\/strong> Die Daten werden nicht an Dritte weitergegeben, es sei denn, es handelt sich um Cookies, die Dritten geh\u00f6ren, oder um eine gesetzliche Verpflichtung.\n\n<strong>Rechte der betroffenen Person:<\/strong>\n\n&#8211; Recht auf jederzeitigen Widerruf der Einwilligung.\n&#8211; Recht auf Zugang, Berichtigung, \u00dcbertragbarkeit und L\u00f6schung ihrer Daten sowie auf Einschr\u00e4nkung der Verarbeitung oder Einspruch dagegen.\n&#8211; Das Recht, sich bei der Aufsichtsbeh\u00f6rde (www.aepd.es) zu beschweren, wenn er\/sie der Ansicht ist, dass die Verarbeitung nicht mit den geltenden Vorschriften \u00fcbereinstimmt.\n\n<strong>Kontaktdaten f\u00fcr die Wahrnehmung Ihrer Rechte:<\/strong>\n\nALTAIR NAUTICA SL. Calle Sant Jaime, N\u00ba39 4-1, &#8211; 07840 Santa Eulalia Del Rio (Illes Balears). E-Mail: info@ibizajetskibeach.com\n\n<strong>AUF DIESER WEBSITE VERWENDETE COOKIES<\/strong>\t\t\t\t\t\t\t\t<\/div>\n\t\t\t\t<\/div>\n\t\t\t\t<div class=\"elementor-element elementor-element-63fcac5 elementor-widget elementor-widget-text-editor\" data-id=\"63fcac5\" data-element_type=\"widget\" data-e-type=\"widget\" data-widget_type=\"text-editor.default\">\n\t\t\t\t<div class=\"elementor-widget-container\">\n\t\t\t\t\t\t\t\t\t<p><strong>VOM HERAUSGEBER KONTROLLIERTE COOKIES<\/strong><\/p><p><strong>Technisch und funktionell<\/strong><\/p><table><tbody><tr><td><strong>Im Besitz von<\/strong><\/td><td><strong>Cookie<\/strong><\/td><td><strong>Zweck<\/strong><\/td><td><strong>Begriff<\/strong><\/td><\/tr><tr><td>google.com<\/td><td><strong>_GRECAPTCHA<\/strong><\/td><td>Cookies, die f\u00fcr die Nutzung der Optionen und Dienste der Website erforderlich sind<\/td><td>in 6 Monaten<\/td><\/tr><tr><td>google.com<\/td><td><strong>AEC<\/strong><\/td><td>Cookies, die f\u00fcr die Nutzung der Optionen und Dienste der Website erforderlich sind<\/td><td>in 6 Monaten<\/td><\/tr><tr><td>google.com<\/td><td><strong>CONSENT<\/strong><\/td><td>Google-Cookie-Zustimmungs-Tracker<\/td><td>in 2 Jahren<\/td><\/tr><tr><td>google.com<\/td><td><strong>SOCS<\/strong><\/td><td>Cookies, die f\u00fcr die Nutzung der Optionen und Dienste der Website erforderlich sind<\/td><td>in einem Jahr<\/td><\/tr><tr><td>ladyvirginiaibiza.com<\/td><td><strong>_ga_E0HHBVEK1G<\/strong><\/td><td>Cookies, die f\u00fcr die Nutzung der Optionen und Dienste der Website erforderlich sind<\/td><td>in 2 Jahren<\/td><\/tr><tr><td>ladyvirginiaibiza.com<\/td><td><strong>_gat_UA-230976938-1<\/strong><\/td><td>Cookies, die f\u00fcr die Nutzung der Optionen und Dienste der Website erforderlich sind<\/td><td>Sitzung<\/td><\/tr><tr><td>ladyvirginiaibiza.com<\/td><td><strong>GetLocalTimeZone<\/strong><\/td><td>Cookies, die f\u00fcr die Nutzung der Optionen und Dienste der Website erforderlich sind<\/td><td>Sitzung<\/td><\/tr><tr><td>ladyvirginiaibiza.com<\/td><td><strong>wp-wpml_current_language<\/strong><\/td><td>Cookies, die f\u00fcr die Nutzung der Optionen und Dienste der Website erforderlich sind<\/td><td>Sitzung<\/td><\/tr><\/tbody><\/table><p><strong>Analytik<\/strong><\/p><table><tbody><tr><td><strong>Im Besitz von<\/strong><\/td><td><strong>Cookie<\/strong><\/td><td><strong>Zweck<\/strong><\/td><td><strong>Begriff<\/strong><\/td><\/tr><tr><td>ladyvirginiaibiza.com<\/td><td><strong>_ga<\/strong><\/td><td>ID zur Identifizierung der Benutzer<\/td><td>in 2 Jahren<\/td><\/tr><tr><td>ladyvirginiaibiza.com<\/td><td><strong>_gid<\/strong><\/td><td>ID, die zur Identifizierung der Benutzer f\u00fcr 24 Stunden nach der letzten Aktivit\u00e4t verwendet wird.<\/td><td>in 20 Stunden<\/td><\/tr><\/tbody><\/table><p><strong>Werbung<\/strong><\/p><table><tbody><tr><td><strong>Im Besitz von<\/strong><\/td><td><strong>Cookie<\/strong><\/td><td><strong>Zweck<\/strong><\/td><td><strong>Begriff<\/strong><\/td><\/tr><tr><td>google.com<\/td><td><strong>1P_JAR<\/strong><\/td><td>Diese Cookies werden durch eingebettete youtube-Videos gesetzt. Sie zeichnen anonyme statistische Daten auf, z. B. dar\u00fcber, wie oft das Video abgespielt wird und welche Einstellungen f\u00fcr die Wiedergabe verwendet werden.<\/td><td>in 24 Tagen<\/td><\/tr><tr><td>google.com<\/td><td><strong>NID<\/strong><\/td><td>Diese Cookies werden verwendet, um Website-Statistiken zu erstellen und Konversionsraten sowie die Ausrichtung von Google-Anzeigen zu verfolgen.<\/td><td>in 6 Monaten<\/td><\/tr><tr><td>google.com<\/td><td><strong>OTZ<\/strong><\/td><td>Aggregierte Analyse der Website-Besucher<\/td><td>in 24 Tagen<\/td><\/tr><\/tbody><\/table><p><strong>COOKIES VON DRITTEN<\/strong><\/p><p>Auf die Dienste von Dritten hat der Herausgeber keinen Einfluss. Die Anbieter k\u00f6nnen ihre Nutzungsbedingungen, den Zweck und die Verwendung von Cookies usw. jederzeit \u00e4ndern.<\/p><p><strong>Externe Anbieter dieser Website:<\/strong><\/p><table><tbody><tr><td><strong>Herausgeber<\/strong><\/td><td><p><strong>Datenschutzbestimmungen<\/strong><\/p><p><a href=\"https:\/\/privacy.google.com\/take-control.html\" target=\"_blank\" rel=\"noopener\">Google Analytics<\/a><a href=\"https:\/\/privacy.google.com\/take-control.html\" target=\"_blank\" rel=\"noopener\">Google<\/a><\/p><\/td><\/tr><tr><td>Google Analytics<\/td><td><a href=\"https:\/\/privacy.google.com\/take-control.html\" target=\"_blank\" rel=\"noopener\">https:\/\/privacy.google.com\/take-control.html<\/a><\/td><\/tr><tr><td>Google<\/td><td><a href=\"https:\/\/privacy.google.com\/take-control.html\" target=\"_blank\" rel=\"noopener\">https:\/\/privacy.google.com\/take-control.html<\/a><\/td><\/tr><\/tbody><\/table><table><tbody><tr><td><strong>KONFIGURATIONSPANEL F\u00dcR COOKIES<\/strong><\/td><\/tr><\/tbody><\/table><p>\u00dcber dieses Panel k\u00f6nnen Sie die Cookies konfigurieren, die die Website in Ihrem Browser installieren kann, mit Ausnahme der technischen oder funktionellen Cookies, die f\u00fcr das Surfen und die Nutzung der verschiedenen angebotenen Optionen oder Dienste erforderlich sind.<\/p><p><strong>Fehler! Ung\u00fcltiger Hyperlink-Verweis.<\/strong><\/p><table><tbody><tr><td colspan=\"2\"><strong>WIE SIE COOKIES \u00dcBER IHREN BROWSER VERWALTEN K\u00d6NNEN<\/strong><\/td><\/tr><tr><td><strong>Cookies von Ihrem Ger\u00e4t l\u00f6schen<\/strong><\/td><td>Cookies, die sich bereits auf einem Ger\u00e4t befinden, k\u00f6nnen durch L\u00f6schen des Browserverlaufs gel\u00f6scht werden, wodurch Cookies von allen besuchten Websites gel\u00f6scht werden.<br \/>Allerdings k\u00f6nnen auch einige der gespeicherten Informationen (z. B. Anmeldedaten oder Website-Einstellungen) verloren gehen.<\/td><\/tr><tr><td><strong>Verwaltung standortspezifischer Cookies<\/strong><\/td><td>Um eine genauere Kontrolle \u00fcber standortspezifische Cookies zu haben, k\u00f6nnen die Nutzer ihre Datenschutz- und Cookie-Einstellungen in ihrem Browser anpassen.<\/td><\/tr><tr><td><strong>Blockieren von Cookies<\/strong><\/td><td>Obwohl die meisten modernen Browser so eingestellt werden k\u00f6nnen, dass sie das Ablegen von Cookies auf Ihrem Ger\u00e4t verhindern, kann es erforderlich sein, dass Sie bei jedem Besuch einer Website oder Seite bestimmte Einstellungen manuell vornehmen m\u00fcssen. Dar\u00fcber hinaus funktionieren einige Dienste und Funktionen m\u00f6glicherweise nicht ordnungsgem\u00e4\u00df (z. B. profilierte Anmeldungen).<\/td><\/tr><\/tbody><\/table><table><tbody><tr><td colspan=\"2\">WIE MAN COOKIES IN DEN G\u00c4NGIGSTEN BROWSERN L\u00d6SCHT<\/td><\/tr><tr><td>Chrome<\/td><td><a href=\"http:\/\/support.google.com\/chrome\/answer\/95647?hl=es\" target=\"_blank\" rel=\"noopener\"><span style=\"color: #3a3a3a;\">http:\/\/support.google.com\/chrome\/answer\/95647?hl=es<\/span><\/a><\/td><\/tr><tr><td>Edge<\/td><td><a href=\"https:\/\/support.microsoft.com\/es-es\/microsoft-edge\/eliminar-las-cookies-en-microsoft-edge-63947406-40ac-c3b8-57b9-2a946a29ae09\" target=\"_blank\" rel=\"noopener\"><span style=\"color: #3a3a3a;\">https:\/\/support.microsoft.com\/es-es\/microsoft-edge\/eliminar-las-cookies-en-microsoft-edge-63947406-40ac-c3b8-57b9-2a946a29ae09<\/span><\/a><\/td><\/tr><tr><td>Explorer<\/td><td><a href=\"https:\/\/support.microsoft.com\/es-es\/help\/278835\/how-to-delete-cookie-files-in-internet-explorer\" target=\"_blank\" rel=\"noopener\"><span style=\"color: #3a3a3a;\">https:\/\/support.microsoft.com\/es-es\/help\/278835\/how-to-delete-cookie-files-in-internet-explorer<\/span><\/a><\/td><\/tr><tr><td>Firefox<\/td><td><a href=\"https:\/\/www.mozilla.org\/es-ES\/privacy\/websites\/#cookies\" target=\"_blank\" rel=\"noopener\"><span style=\"color: #3a3a3a;\">https:\/\/www.mozilla.org\/es-ES\/privacy\/websites\/#cookies<\/span><\/a><\/td><\/tr><tr><td>Safari<\/td><td><a href=\"https:\/\/support.apple.com\/es-es\/guide\/safari\/sfri11471\/mac\" target=\"_blank\" rel=\"noopener\"><span style=\"color: #3a3a3a;\">https:\/\/support.apple.com\/es-es\/guide\/safari\/sfri11471\/mac<\/span><\/a><\/td><\/tr><tr><td>Opera<\/td><td><a href=\"https:\/\/help.opera.com\/en\/latest\/security-and-privacy\/#clearBrowsingData\" target=\"_blank\" rel=\"noopener\"><span style=\"color: #3a3a3a;\">https:\/\/help.opera.com\/en\/latest\/security-and-privacy\/#clearBrowsingData<\/span><\/a><\/td><\/tr><\/tbody><\/table>\t\t\t\t\t\t\t\t<\/div>\n\t\t\t\t<\/div>\n\t\t\t\t\t<\/div>\n\t\t<\/div>\n\t\t\t\t\t<\/div>\n\t\t<\/section>\n\t\t\t\t<\/div>\n\t\t","protected":false},"excerpt":{"rendered":"<p>COOKIES-POLITIK INFORMATIONEN \u00dcBER COOKIES Gem\u00e4\u00df dem Gesetz 34\/2002 vom 11. Juli \u00fcber die Dienste der Informationsgesellschaft und den elektronischen Handel (LSSI), in Verbindung mit der Verordnung (EU) 2016\/679 des Europ\u00e4ischen Parlaments und des Rates vom 27. April 2016, Allgemeine Datenschutzverordnung (GDPR), und dem Organgesetz 3\/2018 vom 5. Dezember \u00fcber den Datenschutz und die Garantie der [&hellip;]<\/p>\n","protected":false},"author":1,"featured_media":0,"parent":0,"menu_order":0,"comment_status":"closed","ping_status":"closed","template":"","meta":{"_acf_changed":false,"site-sidebar-layout":"no-sidebar","site-content-layout":"page-builder","ast-site-content-layout":"default","site-content-style":"default","site-sidebar-style":"default","ast-global-header-display":"","ast-banner-title-visibility":"","ast-main-header-display":"","ast-hfb-above-header-display":"","ast-hfb-below-header-display":"","ast-hfb-mobile-header-display":"","site-post-title":"disabled","ast-breadcrumbs-content":"","ast-featured-img":"disabled","footer-sml-layout":"","ast-disable-related-posts":"","theme-transparent-header-meta":"","adv-header-id-meta":"","stick-header-meta":"","header-above-stick-meta":"","header-main-stick-meta":"","header-below-stick-meta":"","astra-migrate-meta-layouts":"default","ast-page-background-enabled":"default","ast-page-background-meta":{"desktop":{"background-color":"","background-image":"","background-repeat":"repeat","background-position":"center center","background-size":"auto","background-attachment":"scroll","background-type":"","background-media":"","overlay-type":"","overlay-color":"","overlay-opacity":"","overlay-gradient":""},"tablet":{"background-color":"","background-image":"","background-repeat":"repeat","background-position":"center center","background-size":"auto","background-attachment":"scroll","background-type":"","background-media":"","overlay-type":"","overlay-color":"","overlay-opacity":"","overlay-gradient":""},"mobile":{"background-color":"","background-image":"","background-repeat":"repeat","background-position":"center center","background-size":"auto","background-attachment":"scroll","background-type":"","background-media":"","overlay-type":"","overlay-color":"","overlay-opacity":"","overlay-gradient":""}},"ast-content-background-meta":{"desktop":{"background-color":"var(--ast-global-color-5)","background-image":"","background-repeat":"repeat","background-position":"center center","background-size":"auto","background-attachment":"scroll","background-type":"","background-media":"","overlay-type":"","overlay-color":"","overlay-opacity":"","overlay-gradient":""},"tablet":{"background-color":"var(--ast-global-color-5)","background-image":"","background-repeat":"repeat","background-position":"center center","background-size":"auto","background-attachment":"scroll","background-type":"","background-media":"","overlay-type":"","overlay-color":"","overlay-opacity":"","overlay-gradient":""},"mobile":{"background-color":"var(--ast-global-color-5)","background-image":"","background-repeat":"repeat","background-position":"center center","background-size":"auto","background-attachment":"scroll","background-type":"","background-media":"","overlay-type":"","overlay-color":"","overlay-opacity":"","overlay-gradient":""}},"_joinchat":[],"footnotes":""},"class_list":["post-4620","page","type-page","status-publish","hentry"],"acf":[],"_links":{"self":[{"href":"https:\/\/ladyvirginiaibiza.com\/de\/wp-json\/wp\/v2\/pages\/4620","targetHints":{"allow":["GET"]}}],"collection":[{"href":"https:\/\/ladyvirginiaibiza.com\/de\/wp-json\/wp\/v2\/pages"}],"about":[{"href":"https:\/\/ladyvirginiaibiza.com\/de\/wp-json\/wp\/v2\/types\/page"}],"author":[{"embeddable":true,"href":"https:\/\/ladyvirginiaibiza.com\/de\/wp-json\/wp\/v2\/users\/1"}],"replies":[{"embeddable":true,"href":"https:\/\/ladyvirginiaibiza.com\/de\/wp-json\/wp\/v2\/comments?post=4620"}],"version-history":[{"count":0,"href":"https:\/\/ladyvirginiaibiza.com\/de\/wp-json\/wp\/v2\/pages\/4620\/revisions"}],"wp:attachment":[{"href":"https:\/\/ladyvirginiaibiza.com\/de\/wp-json\/wp\/v2\/media?parent=4620"}],"curies":[{"name":"wp","href":"https:\/\/api.w.org\/{rel}","templated":true}]}}