{"id":4502,"date":"2022-06-29T07:00:56","date_gmt":"2022-06-29T07:00:56","guid":{"rendered":"https:\/\/ladyvirginiaibiza.com\/aviso-legal\/"},"modified":"2022-06-30T08:56:11","modified_gmt":"2022-06-30T08:56:11","slug":"rechtlicher-hinweis","status":"publish","type":"page","link":"https:\/\/ladyvirginiaibiza.com\/de\/rechtlicher-hinweis\/","title":{"rendered":"Rechtlicher Hinweis"},"content":{"rendered":"\t\t<div data-elementor-type=\"wp-page\" data-elementor-id=\"4502\" class=\"elementor elementor-4502 elementor-4342\" data-elementor-post-type=\"page\">\n\t\t\t\t\t\t<section class=\"elementor-section elementor-top-section elementor-element elementor-element-f9e3e97 elementor-section-content-middle elementor-section-boxed elementor-section-height-default elementor-section-height-default\" data-id=\"f9e3e97\" data-element_type=\"section\" data-e-type=\"section\" data-settings=\"{&quot;background_background&quot;:&quot;classic&quot;}\">\n\t\t\t\t\t\t\t<div class=\"elementor-background-overlay\"><\/div>\n\t\t\t\t\t\t\t<div class=\"elementor-container elementor-column-gap-no\">\n\t\t\t\t\t<div class=\"elementor-column elementor-col-100 elementor-top-column elementor-element elementor-element-5581b84\" data-id=\"5581b84\" data-element_type=\"column\" data-e-type=\"column\">\n\t\t\t<div class=\"elementor-widget-wrap elementor-element-populated\">\n\t\t\t\t\t\t<div class=\"elementor-element elementor-element-e790cc9 elementor-widget elementor-widget-heading\" data-id=\"e790cc9\" data-element_type=\"widget\" data-e-type=\"widget\" data-widget_type=\"heading.default\">\n\t\t\t\t<div class=\"elementor-widget-container\">\n\t\t\t\t\t<h1 class=\"elementor-heading-title elementor-size-default\">RECHTLICHER HINWEIS<\/h1>\t\t\t\t<\/div>\n\t\t\t\t<\/div>\n\t\t\t\t\t<\/div>\n\t\t<\/div>\n\t\t\t\t\t<\/div>\n\t\t<\/section>\n\t\t\t\t<section class=\"elementor-section elementor-top-section elementor-element elementor-element-75cb882 elementor-section-content-middle elementor-section-boxed elementor-section-height-default elementor-section-height-default\" data-id=\"75cb882\" data-element_type=\"section\" data-e-type=\"section\">\n\t\t\t\t\t\t<div class=\"elementor-container elementor-column-gap-no\">\n\t\t\t\t\t<div class=\"elementor-column elementor-col-100 elementor-top-column elementor-element elementor-element-257a0ef\" data-id=\"257a0ef\" data-element_type=\"column\" data-e-type=\"column\">\n\t\t\t<div class=\"elementor-widget-wrap elementor-element-populated\">\n\t\t\t\t\t\t<div class=\"elementor-element elementor-element-2cb6afd elementor-widget elementor-widget-text-editor\" data-id=\"2cb6afd\" data-element_type=\"widget\" data-e-type=\"widget\" data-widget_type=\"text-editor.default\">\n\t\t\t\t<div class=\"elementor-widget-container\">\n\t\t\t\t\t\t\t\t\t<p><strong>GESETZ \u00dcBER DIENSTE DER INFORMATIONSGESELLSCHAFT (LSSI)<\/strong><\/p><p><strong>ALTAIR NAUTICA SL<\/strong>, Verantwortlicher f\u00fcr die Website, im Folgenden VERANTWORTLICHER genannt, stellt den Nutzern dieses Dokument zur Verf\u00fcgung, mit dem er die im Gesetz 34\/2002 vom 11. Juli \u00fcber die Dienste der Informationsgesellschaft und den elektronischen Handel (LSSICE), BOE Nr. 166, festgelegten Verpflichtungen erf\u00fcllen und alle Nutzer der Website \u00fcber die Nutzungsbedingungen informieren m\u00f6chte.<\/p><p>Jede Person, die auf diese Website zugreift, \u00fcbernimmt die Rolle des Nutzers und verpflichtet sich zur Einhaltung und strikten Befolgung der hierin enthaltenen Bestimmungen sowie aller anderen m\u00f6glicherweise anwendbaren gesetzlichen Bestimmungen. <br \/>ALTAIR NAUTICA SL beh\u00e4lt sich das Recht vor, jede Art von Informationen, die auf der Website erscheinen k\u00f6nnen, zu \u00e4ndern, ohne dass eine Verpflichtung zur vorherigen Ank\u00fcndigung oder Information der Nutzer besteht, wobei die Ver\u00f6ffentlichung auf der Website von ALTAIR NAUTICA SL als ausreichend angesehen wird.<\/p><p><strong>1. IDENTIFIZIERENDE DATEN<\/strong><\/p><p>Dom\u00e4nenname: ladyvirginiaibiza.com<br \/>Name des Unternehmens: LADY VIRGINIA IBIZA<br \/>Name des Unternehmens: ALTAIR NAUTICA SL<br \/>STEUERNUMMER: B07820509<br \/>Firmensitz: Calle Sant Jaime, N\u00ba39 4-1, 07840 Santa Eulalia Del Rio (Illes Balears)<br \/>Telefon: 645871590<br \/>E-Mail: info@ladyvirginiaibiza.com<\/p><p><strong>2. RECHTE AN GEISTIGEM UND GEWERBLICHEM EIGENTUM<\/strong><\/p><p>Die Website, einschlie\u00dflich, aber nicht beschr\u00e4nkt auf ihre Programmierung, Bearbeitung, Zusammenstellung und andere f\u00fcr ihren Betrieb notwendige Elemente, Designs, Logos, Texte und\/oder Grafiken, sind Eigentum der VERANTWORTLICHEN PARTEI oder verf\u00fcgen gegebenenfalls \u00fcber eine Lizenz oder ausdr\u00fcckliche Genehmigung der Urheber. Der gesamte Inhalt der Website ist durch die Vorschriften \u00fcber geistiges und gewerbliches Eigentum ordnungsgem\u00e4\u00df gesch\u00fctzt und in den entsprechenden \u00f6ffentlichen Registern eingetragen.<\/p><p>Unabh\u00e4ngig von dem Zweck, f\u00fcr den sie bestimmt sind, bedarf die vollst\u00e4ndige oder teilweise Vervielf\u00e4ltigung, Nutzung, Verwertung, Verbreitung und Vermarktung in jedem Fall der vorherigen schriftlichen Genehmigung durch die VERANTWORTLICHE PARTEI. Jede unerlaubte Nutzung wird als schwerwiegende Verletzung der geistigen oder gewerblichen Eigentumsrechte des Urhebers angesehen.<\/p><p>Die Designs, Logos, Texte und\/oder Grafiken, die nicht dem VERANTWORTLICHEN geh\u00f6ren und die auf der Website erscheinen k\u00f6nnen, geh\u00f6ren ihren jeweiligen Eigent\u00fcmern, und diese sind selbst verantwortlich f\u00fcr eventuelle Kontroversen, die in Bezug auf sie entstehen k\u00f6nnen. Der VERANTWORTLICHE erm\u00e4chtigt ausdr\u00fccklich Dritte, direkt auf die spezifischen Inhalte der Website umzuleiten und in jedem Fall auf die Hauptwebsite von ladyvirginiaibiza.com umzuleiten.<\/p><p>Der VERANTWORTLICHE erkennt zugunsten ihrer Eigent\u00fcmer die entsprechenden geistigen und gewerblichen Eigentumsrechte an, und ihre blo\u00dfe Erw\u00e4hnung oder ihr Erscheinen auf der Website impliziert weder das Vorhandensein irgendwelcher Rechte oder Verantwortlichkeiten an ihnen noch eine Bef\u00fcrwortung, F\u00f6rderung oder Empfehlung durch denselben.<\/p><p>Sie k\u00f6nnen jede Art von Bemerkung bez\u00fcglich m\u00f6glicher Verletzungen von Rechten des geistigen oder gewerblichen Eigentums sowie bez\u00fcglich des Inhalts der Website machen, indem Sie eine E-Mail an info@ladyvirginiaibiza.com senden.<\/p><p><strong>3. HAFTUNGSAUSSCHLUSS<\/strong><\/p><p>Die VERANTWORTLICHE Partei ist von jeglicher Art von Verantwortung befreit, die sich aus den auf ihrer Website ver\u00f6ffentlichten Informationen ergibt, solange sie keine tats\u00e4chliche Kenntnis davon hat, dass diese Informationen von einem Dritten au\u00dferhalb derselben manipuliert oder eingef\u00fchrt wurden, oder, falls dies der Fall ist, sie sorgf\u00e4ltig gehandelt hat, um die Daten zu entfernen oder den Zugang zu ihnen unm\u00f6glich zu machen.<\/p><p><strong>Verwendung von Cookies<\/strong><\/p><p>Diese Website kann technische Cookies (kleine Informationsdateien, die der Server an den Computer der Person sendet, die auf die Seite zugreift) verwenden, um bestimmte Funktionen auszuf\u00fchren, die als wesentlich f\u00fcr das korrekte Funktionieren und die Darstellung der Website angesehen werden. Die verwendeten Cookies sind in jedem Fall vor\u00fcbergehender Natur und dienen ausschlie\u00dflich dem Zweck, das Surfen effizienter zu gestalten. In keinem Fall liefern diese Cookies selbst personenbezogene Daten, und sie werden auch nicht zur Sammlung solcher Daten verwendet.<\/p><p>Durch die Verwendung von Cookies ist es dem Server, auf dem sich die Website befindet, auch m\u00f6glich, den vom Nutzer verwendeten Browser zu erkennen, um das Surfen zu erleichtern und beispielsweise Nutzern, die sich zuvor registriert haben, den Zugang zu den ausschlie\u00dflich ihnen vorbehaltenen Bereichen, Diensten, Aktionen oder Wettbewerben zu erm\u00f6glichen, ohne dass sie sich bei jedem Besuch neu registrieren m\u00fcssen. Sie k\u00f6nnen auch zur Messung der Besucherzahlen, der Verkehrsparameter, zur Kontrolle des Verlaufs und der Anzahl der Eintr\u00e4ge usw. verwendet werden, wobei es sich in diesen F\u00e4llen um technisch entbehrliche, aber f\u00fcr den Nutzer n\u00fctzliche Cookies handelt. Auf dieser Website werden keine entbehrlichen Cookies ohne die vorherige Zustimmung des Nutzers installiert.<\/p><p>Diese Website verwendet eigene Cookies und Cookies von Drittanbietern zu Analysezwecken und um Ihnen personalisierte Werbung auf der Grundlage eines Profils zu zeigen, das aus Ihren Surfgewohnheiten (z. B. besuchte Seiten) erstellt wurde. Alle Nutzer, die die Website besuchen, werden durch ein schwebendes Banner \u00fcber die Verwendung dieser Cookies informiert. Wenn Sie deren Verwendung akzeptieren, wird das Banner verschwinden. Sie k\u00f6nnen Ihre Zustimmung jedoch jederzeit widerrufen und weitere Informationen in unserer Cookie-Richtlinie nachlesen.<\/p><p>Der Nutzer hat die M\u00f6glichkeit, seinen Browser so zu konfigurieren, dass er vor dem Empfang von Cookies gewarnt wird und deren Installation auf seinem Computer verhindert. Bitte konsultieren Sie die Anweisungen Ihres Browsers f\u00fcr weitere Informationen.<\/p><p><strong>Link-Politik<\/strong><\/p><p>Von der Website k\u00f6nnen Sie zu Inhalten auf Websites Dritter weitergeleitet werden. Da der VERANTWORTLICHE die von Dritten in ihre jeweiligen Websites eingestellten Inhalte nicht immer kontrollieren kann, \u00fcbernimmt er keinerlei Verantwortung f\u00fcr diese Inhalte. In jedem Fall werden Inhalte, die gegen die nationale oder internationale Gesetzgebung, die guten Sitten oder die \u00f6ffentliche Ordnung versto\u00dfen k\u00f6nnten, unverz\u00fcglich entfernt und die Weiterleitung zu dieser Website unverz\u00fcglich aufgehoben, wobei die zust\u00e4ndigen Beh\u00f6rden \u00fcber den betreffenden Inhalt informiert werden.<\/p><p>Der VERANTWORTLICHE ist nicht verantwortlich f\u00fcr die Informationen und Inhalte, die in Foren, Chats, Bloggeneratoren, Kommentaren, sozialen Netzwerken oder anderen Medien gespeichert werden, die es Dritten erm\u00f6glichen, Inhalte unabh\u00e4ngig auf der Website des VERANTWORTLICHEN zu ver\u00f6ffentlichen. In \u00dcbereinstimmung mit den Bestimmungen der Artikel 11 und 16 des LSSICE stellt es sich jedoch allen Nutzern, Beh\u00f6rden und Sicherheitskr\u00e4ften zur Verf\u00fcgung und arbeitet aktiv an der Entfernung oder gegebenenfalls Sperrung aller Inhalte mit, die die nationale oder internationale Gesetzgebung, die Rechte Dritter oder die Moral und die \u00f6ffentliche Ordnung beeintr\u00e4chtigen oder verletzen k\u00f6nnten. Sollte der Nutzer der Ansicht sein, dass es auf der Website Inhalte gibt, die f\u00fcr diese Einstufung in Frage kommen k\u00f6nnten, benachrichtigen Sie bitte unverz\u00fcglich den Administrator der Website.<\/p><p>Diese Website wurde gepr\u00fcft und getestet, um sicherzustellen, dass sie korrekt funktioniert. Im Prinzip kann eine einwandfreie Funktion an 365 Tagen im Jahr und 24 Stunden am Tag gew\u00e4hrleistet werden. Die VERANTWORTLICHE PARTEI schlie\u00dft jedoch die M\u00f6glichkeit bestimmter Programmierfehler oder das Auftreten von h\u00f6herer Gewalt, Naturkatastrophen, Streiks oder \u00e4hnlichen Umst\u00e4nden, die den Zugang zur Website unm\u00f6glich machen, nicht aus.<\/p><p><strong>IP-Adressen<\/strong><\/p><p>Die Server der Website sind in der Lage, die vom Nutzer verwendete IP-Adresse und den Dom\u00e4nennamen automatisch zu erkennen. Eine IP-Adresse ist eine Nummer, die einem Computer automatisch zugewiesen wird, wenn er sich mit dem Internet verbindet. Alle diese Informationen werden in einer ordnungsgem\u00e4\u00df registrierten Server-Aktivit\u00e4tsdatei gespeichert, die eine sp\u00e4tere Verarbeitung der Daten erm\u00f6glicht, um rein statistische Messungen zu erhalten, die es erm\u00f6glichen, die Anzahl der Seitenaufrufe, die Anzahl der Besuche auf den Webservern, die Reihenfolge der Besuche, den Zugangspunkt usw. zu ermitteln.<\/p><p><strong>4. ANWENDBARES RECHT UND GERICHTSBARKEIT<\/strong><\/p><p>F\u00fcr die Beilegung aller Streitigkeiten oder Fragen im Zusammenhang mit dieser Website oder den auf ihr durchgef\u00fchrten Aktivit\u00e4ten gilt das spanische Recht, dem sich die Parteien ausdr\u00fccklich unterwerfen, und die Gerichte am Wohnsitz des BENUTZERS oder am Ort der Erf\u00fcllung der Verpflichtung sind f\u00fcr die Beilegung aller Streitigkeiten zust\u00e4ndig, die sich aus der Nutzung dieser Website ergeben oder damit zusammenh\u00e4ngen.<\/p><p>\u00a0<\/p>\t\t\t\t\t\t\t\t<\/div>\n\t\t\t\t<\/div>\n\t\t\t\t\t<\/div>\n\t\t<\/div>\n\t\t\t\t\t<\/div>\n\t\t<\/section>\n\t\t\t\t<\/div>\n\t\t","protected":false},"excerpt":{"rendered":"<p>RECHTLICHER HINWEIS GESETZ \u00dcBER DIENSTE DER INFORMATIONSGESELLSCHAFT (LSSI) ALTAIR NAUTICA SL, Verantwortlicher f\u00fcr die Website, im Folgenden VERANTWORTLICHER genannt, stellt den Nutzern dieses Dokument zur Verf\u00fcgung, mit dem er die im Gesetz 34\/2002 vom 11. Juli \u00fcber die Dienste der Informationsgesellschaft und den elektronischen Handel (LSSICE), BOE Nr. 166, festgelegten Verpflichtungen erf\u00fcllen und alle Nutzer [&hellip;]<\/p>\n","protected":false},"author":1,"featured_media":0,"parent":0,"menu_order":0,"comment_status":"closed","ping_status":"closed","template":"","meta":{"_acf_changed":false,"site-sidebar-layout":"no-sidebar","site-content-layout":"page-builder","ast-site-content-layout":"default","site-content-style":"default","site-sidebar-style":"default","ast-global-header-display":"","ast-banner-title-visibility":"","ast-main-header-display":"","ast-hfb-above-header-display":"","ast-hfb-below-header-display":"","ast-hfb-mobile-header-display":"","site-post-title":"disabled","ast-breadcrumbs-content":"","ast-featured-img":"disabled","footer-sml-layout":"","ast-disable-related-posts":"","theme-transparent-header-meta":"","adv-header-id-meta":"","stick-header-meta":"","header-above-stick-meta":"","header-main-stick-meta":"","header-below-stick-meta":"","astra-migrate-meta-layouts":"default","ast-page-background-enabled":"default","ast-page-background-meta":{"desktop":{"background-color":"","background-image":"","background-repeat":"repeat","background-position":"center center","background-size":"auto","background-attachment":"scroll","background-type":"","background-media":"","overlay-type":"","overlay-color":"","overlay-opacity":"","overlay-gradient":""},"tablet":{"background-color":"","background-image":"","background-repeat":"repeat","background-position":"center center","background-size":"auto","background-attachment":"scroll","background-type":"","background-media":"","overlay-type":"","overlay-color":"","overlay-opacity":"","overlay-gradient":""},"mobile":{"background-color":"","background-image":"","background-repeat":"repeat","background-position":"center center","background-size":"auto","background-attachment":"scroll","background-type":"","background-media":"","overlay-type":"","overlay-color":"","overlay-opacity":"","overlay-gradient":""}},"ast-content-background-meta":{"desktop":{"background-color":"var(--ast-global-color-5)","background-image":"","background-repeat":"repeat","background-position":"center center","background-size":"auto","background-attachment":"scroll","background-type":"","background-media":"","overlay-type":"","overlay-color":"","overlay-opacity":"","overlay-gradient":""},"tablet":{"background-color":"var(--ast-global-color-5)","background-image":"","background-repeat":"repeat","background-position":"center center","background-size":"auto","background-attachment":"scroll","background-type":"","background-media":"","overlay-type":"","overlay-color":"","overlay-opacity":"","overlay-gradient":""},"mobile":{"background-color":"var(--ast-global-color-5)","background-image":"","background-repeat":"repeat","background-position":"center center","background-size":"auto","background-attachment":"scroll","background-type":"","background-media":"","overlay-type":"","overlay-color":"","overlay-opacity":"","overlay-gradient":""}},"_joinchat":[],"footnotes":""},"class_list":["post-4502","page","type-page","status-publish","hentry"],"acf":[],"_links":{"self":[{"href":"https:\/\/ladyvirginiaibiza.com\/de\/wp-json\/wp\/v2\/pages\/4502","targetHints":{"allow":["GET"]}}],"collection":[{"href":"https:\/\/ladyvirginiaibiza.com\/de\/wp-json\/wp\/v2\/pages"}],"about":[{"href":"https:\/\/ladyvirginiaibiza.com\/de\/wp-json\/wp\/v2\/types\/page"}],"author":[{"embeddable":true,"href":"https:\/\/ladyvirginiaibiza.com\/de\/wp-json\/wp\/v2\/users\/1"}],"replies":[{"embeddable":true,"href":"https:\/\/ladyvirginiaibiza.com\/de\/wp-json\/wp\/v2\/comments?post=4502"}],"version-history":[{"count":0,"href":"https:\/\/ladyvirginiaibiza.com\/de\/wp-json\/wp\/v2\/pages\/4502\/revisions"}],"wp:attachment":[{"href":"https:\/\/ladyvirginiaibiza.com\/de\/wp-json\/wp\/v2\/media?parent=4502"}],"curies":[{"name":"wp","href":"https:\/\/api.w.org\/{rel}","templated":true}]}}